{"id":10059,"date":"2023-04-14T16:11:47","date_gmt":"2023-04-14T21:11:47","guid":{"rendered":"https:\/\/www.dadiscartagena.gov.co\/?page_id=10059"},"modified":"2024-01-09T17:23:26","modified_gmt":"2024-01-09T22:23:26","slug":"boletines-2020-al-2015","status":"publish","type":"page","link":"https:\/\/www.dadiscartagena.gov.co\/index.php\/boletines-2020-al-2015\/","title":{"rendered":"Boletines 2020 al 2015"},"content":{"rendered":"\t\t<div data-elementor-type=\"wp-page\" data-elementor-id=\"10059\" class=\"elementor elementor-10059\">\n\t\t\t\t\t\t\t\t\t<section data-particle_enable=\"false\" data-particle-mobile-disabled=\"false\" class=\"penci-section penci-disSticky penci-structure-10 elementor-section elementor-top-section elementor-element elementor-element-075ebe1 elementor-section-full_width elementor-section-stretched elementor-section-height-default elementor-section-height-default\" data-id=\"075ebe1\" data-element_type=\"section\" data-settings=\"{&quot;stretch_section&quot;:&quot;section-stretched&quot;,&quot;background_background&quot;:&quot;classic&quot;}\">\n\t\t\t\t\t\t<div class=\"elementor-container elementor-column-gap-no\">\n\t\t\t\t\t<div class=\"penci-ercol-100 penci-ercol-order-1 penci-sticky-ct  elementor-column elementor-col-100 elementor-top-column elementor-element elementor-element-b4500fc\" data-id=\"b4500fc\" data-element_type=\"column\">\n\t\t\t<div class=\"elementor-widget-wrap elementor-element-populated\">\n\t\t\t\t\t\t\t\t<div class=\"elementor-element elementor-element-2dfb929 elementor-widget elementor-widget-image\" data-id=\"2dfb929\" data-element_type=\"widget\" data-widget_type=\"image.default\">\n\t\t\t\t<div class=\"elementor-widget-container\">\n\t\t\t<style>\/*! elementor - v3.7.7 - 20-09-2022 *\/\n.elementor-widget-image{text-align:center}.elementor-widget-image a{display:inline-block}.elementor-widget-image a img[src$=\".svg\"]{width:48px}.elementor-widget-image img{vertical-align:middle;display:inline-block}<\/style>\t\t\t\t\t\t\t\t\t\t\t\t<img width=\"1024\" height=\"150\" src=\"https:\/\/www.dadiscartagena.gov.co\/wp-content\/uploads\/2022\/10\/banner_BOLETINES-1024x150.jpg\" class=\"attachment-large size-large\" alt=\"\" loading=\"lazy\" srcset=\"https:\/\/www.dadiscartagena.gov.co\/wp-content\/uploads\/2022\/10\/banner_BOLETINES-1024x150.jpg 1024w, https:\/\/www.dadiscartagena.gov.co\/wp-content\/uploads\/2022\/10\/banner_BOLETINES-300x44.jpg 300w, https:\/\/www.dadiscartagena.gov.co\/wp-content\/uploads\/2022\/10\/banner_BOLETINES-768x112.jpg 768w, https:\/\/www.dadiscartagena.gov.co\/wp-content\/uploads\/2022\/10\/banner_BOLETINES-1536x224.jpg 1536w, https:\/\/www.dadiscartagena.gov.co\/wp-content\/uploads\/2022\/10\/banner_BOLETINES-1170x171.jpg 1170w, https:\/\/www.dadiscartagena.gov.co\/wp-content\/uploads\/2022\/10\/banner_BOLETINES-585x85.jpg 585w, https:\/\/www.dadiscartagena.gov.co\/wp-content\/uploads\/2022\/10\/banner_BOLETINES.jpg 1567w\" sizes=\"(max-width: 1024px) 100vw, 1024px\" \/>\t\t\t\t\t\t\t\t\t\t\t\t\t\t\t<\/div>\n\t\t\t\t<\/div>\n\t\t\t\t\t<\/div>\n\t\t<\/div>\n\t\t\t\t\t\t\t<\/div>\n\t\t<\/section>\n\t\t\t\t<section data-particle_enable=\"false\" data-particle-mobile-disabled=\"false\" class=\"penci-section penci-disSticky penci-structure-10 elementor-section elementor-top-section elementor-element elementor-element-1fde92b elementor-section-boxed elementor-section-height-default elementor-section-height-default\" data-id=\"1fde92b\" data-element_type=\"section\">\n\t\t\t\t\t\t<div class=\"elementor-container elementor-column-gap-default\">\n\t\t\t\t\t<div class=\"penci-ercol-100 penci-ercol-order-1 penci-sticky-ct  elementor-column elementor-col-100 elementor-top-column elementor-element elementor-element-8c10f70\" data-id=\"8c10f70\" data-element_type=\"column\">\n\t\t\t<div class=\"elementor-widget-wrap elementor-element-populated\">\n\t\t\t\t\t\t\t\t<div class=\"elementor-element elementor-element-86cfc2e elementor-widget elementor-widget-heading\" data-id=\"86cfc2e\" data-element_type=\"widget\" data-widget_type=\"heading.default\">\n\t\t\t\t<div class=\"elementor-widget-container\">\n\t\t\t<style>\/*! elementor - v3.7.7 - 20-09-2022 *\/\n.elementor-heading-title{padding:0;margin:0;line-height:1}.elementor-widget-heading .elementor-heading-title[class*=elementor-size-]>a{color:inherit;font-size:inherit;line-height:inherit}.elementor-widget-heading .elementor-heading-title.elementor-size-small{font-size:15px}.elementor-widget-heading .elementor-heading-title.elementor-size-medium{font-size:19px}.elementor-widget-heading .elementor-heading-title.elementor-size-large{font-size:29px}.elementor-widget-heading .elementor-heading-title.elementor-size-xl{font-size:39px}.elementor-widget-heading .elementor-heading-title.elementor-size-xxl{font-size:59px}<\/style><h2 class=\"elementor-heading-title elementor-size-default\">Haga click en el Periodo a consultar<\/h2>\t\t<\/div>\n\t\t\t\t<\/div>\n\t\t\t\t\t<\/div>\n\t\t<\/div>\n\t\t\t\t\t\t\t<\/div>\n\t\t<\/section>\n\t\t\t\t<section data-particle_enable=\"false\" data-particle-mobile-disabled=\"false\" class=\"penci-section penci-disSticky penci-structure-30 elementor-section elementor-top-section elementor-element elementor-element-f081c26 elementor-section-full_width elementor-section-content-middle elementor-section-height-default elementor-section-height-default\" data-id=\"f081c26\" data-element_type=\"section\" data-settings=\"{&quot;background_background&quot;:&quot;classic&quot;}\">\n\t\t\t\t\t\t<div class=\"elementor-container elementor-column-gap-no\">\n\t\t\t\t\t<div class=\"penci-ercol-33 penci-ercol-order-1 penci-sticky-sb penci-sidebarSC elementor-column elementor-col-33 elementor-top-column elementor-element elementor-element-295d69e0\" data-id=\"295d69e0\" data-element_type=\"column\" data-settings=\"{&quot;background_background&quot;:&quot;classic&quot;}\">\n\t\t\t<div class=\"elementor-widget-wrap elementor-element-populated\">\n\t\t\t\t\t\t\t\t<div class=\"elementor-element elementor-element-0807d9e elementor-widget elementor-widget-penci-button\" data-id=\"0807d9e\" data-element_type=\"widget\" data-widget_type=\"penci-button.default\">\n\t\t\t\t<div class=\"elementor-widget-container\">\n\t\t\t\t\t<div class=\"pcbtn-wrapper pcbtn-align-center\">\r\n\t\t\t<a class=\"pcbtn pcbtn-icon-left\" href=\"https:\/\/www.dadiscartagena.gov.co\/index.php\/2023\/05\/30\/periodo-2013\">\r\n\t\t\t\t<span class=\"pcbtn-wrapperin\">\r\n\t\t\t\t\t<span class=\"pcbtn-content\">A\u00d1O 2013<\/span>\r\n\t\t\t\t\t\t\t\t\t<\/span>\r\n\t\t\t<\/a>\r\n\t\t<\/div>\r\n\t\t\t\t<\/div>\n\t\t\t\t<\/div>\n\t\t\t\t\t<\/div>\n\t\t<\/div>\n\t\t\t\t<div class=\"penci-ercol-33 penci-ercol-order-2 penci-sticky-sb penci-sidebarSC elementor-column elementor-col-33 elementor-top-column elementor-element elementor-element-ebe2fbc\" data-id=\"ebe2fbc\" data-element_type=\"column\" data-settings=\"{&quot;background_background&quot;:&quot;classic&quot;}\">\n\t\t\t<div class=\"elementor-widget-wrap elementor-element-populated\">\n\t\t\t\t\t<div class=\"elementor-background-overlay\"><\/div>\n\t\t\t\t\t\t\t\t<div class=\"elementor-element elementor-element-c31ce9e elementor-widget elementor-widget-penci-button\" data-id=\"c31ce9e\" data-element_type=\"widget\" data-widget_type=\"penci-button.default\">\n\t\t\t\t<div class=\"elementor-widget-container\">\n\t\t\t\t\t<div class=\"pcbtn-wrapper pcbtn-align-center\">\r\n\t\t\t<a class=\"pcbtn pcbtn-icon-left\" href=\"https:\/\/www.dadiscartagena.gov.co\/index.php\/2023\/05\/30\/periodo-2014\">\r\n\t\t\t\t<span class=\"pcbtn-wrapperin\">\r\n\t\t\t\t\t<span class=\"pcbtn-content\">A\u00d1O 2014<\/span>\r\n\t\t\t\t\t\t\t\t\t<\/span>\r\n\t\t\t<\/a>\r\n\t\t<\/div>\r\n\t\t\t\t<\/div>\n\t\t\t\t<\/div>\n\t\t\t\t\t<\/div>\n\t\t<\/div>\n\t\t\t\t<div class=\"penci-ercol-33 penci-ercol-order-3 penci-sticky-sb penci-sidebarSC elementor-column elementor-col-33 elementor-top-column elementor-element elementor-element-23b573cd\" data-id=\"23b573cd\" data-element_type=\"column\" data-settings=\"{&quot;background_background&quot;:&quot;classic&quot;}\">\n\t\t\t<div class=\"elementor-widget-wrap elementor-element-populated\">\n\t\t\t\t\t<div class=\"elementor-background-overlay\"><\/div>\n\t\t\t\t\t\t\t\t<div class=\"elementor-element elementor-element-5ffb723 elementor-widget elementor-widget-penci-button\" data-id=\"5ffb723\" data-element_type=\"widget\" data-widget_type=\"penci-button.default\">\n\t\t\t\t<div class=\"elementor-widget-container\">\n\t\t\t\t\t<div class=\"pcbtn-wrapper pcbtn-align-center\">\r\n\t\t\t<a class=\"pcbtn pcbtn-icon-left\" href=\"https:\/\/www.dadiscartagena.gov.co\/index.php\/boletines-2015\">\r\n\t\t\t\t<span class=\"pcbtn-wrapperin\">\r\n\t\t\t\t\t<span class=\"pcbtn-content\">A\u00d1O  2015<\/span>\r\n\t\t\t\t\t\t\t\t\t<\/span>\r\n\t\t\t<\/a>\r\n\t\t<\/div>\r\n\t\t\t\t<\/div>\n\t\t\t\t<\/div>\n\t\t\t\t\t<\/div>\n\t\t<\/div>\n\t\t\t\t\t\t\t<\/div>\n\t\t<\/section>\n\t\t\t\t<section data-particle_enable=\"false\" data-particle-mobile-disabled=\"false\" class=\"penci-section penci-disSticky penci-structure-30 elementor-section elementor-top-section elementor-element elementor-element-62916ae elementor-section-full_width elementor-section-content-middle elementor-section-height-default elementor-section-height-default\" data-id=\"62916ae\" data-element_type=\"section\" data-settings=\"{&quot;background_background&quot;:&quot;classic&quot;}\">\n\t\t\t\t\t\t<div class=\"elementor-container elementor-column-gap-no\">\n\t\t\t\t\t<div class=\"penci-ercol-33 penci-ercol-order-1 penci-sticky-sb penci-sidebarSC elementor-column elementor-col-33 elementor-top-column elementor-element elementor-element-03f338c\" data-id=\"03f338c\" data-element_type=\"column\">\n\t\t\t<div class=\"elementor-widget-wrap elementor-element-populated\">\n\t\t\t\t\t\t\t\t<div class=\"elementor-element elementor-element-5f47527 elementor-widget elementor-widget-penci-button\" data-id=\"5f47527\" data-element_type=\"widget\" data-widget_type=\"penci-button.default\">\n\t\t\t\t<div class=\"elementor-widget-container\">\n\t\t\t\t\t<div class=\"pcbtn-wrapper pcbtn-align-center\">\r\n\t\t\t<a class=\"pcbtn pcbtn-icon-left\" href=\"https:\/\/www.dadiscartagena.gov.co\/index.php\/boletines-2016\/\">\r\n\t\t\t\t<span class=\"pcbtn-wrapperin\">\r\n\t\t\t\t\t<span class=\"pcbtn-content\">A\u00d1O 2016<\/span>\r\n\t\t\t\t\t\t\t\t\t<\/span>\r\n\t\t\t<\/a>\r\n\t\t<\/div>\r\n\t\t\t\t<\/div>\n\t\t\t\t<\/div>\n\t\t\t\t\t<\/div>\n\t\t<\/div>\n\t\t\t\t<div class=\"penci-ercol-33 penci-ercol-order-2 penci-sticky-sb penci-sidebarSC elementor-column elementor-col-33 elementor-top-column elementor-element elementor-element-30fa0ad\" data-id=\"30fa0ad\" data-element_type=\"column\" data-settings=\"{&quot;background_background&quot;:&quot;classic&quot;}\">\n\t\t\t<div class=\"elementor-widget-wrap elementor-element-populated\">\n\t\t\t\t\t<div class=\"elementor-background-overlay\"><\/div>\n\t\t\t\t\t\t\t\t<div class=\"elementor-element elementor-element-d5cd8d7 elementor-widget elementor-widget-penci-button\" data-id=\"d5cd8d7\" data-element_type=\"widget\" data-widget_type=\"penci-button.default\">\n\t\t\t\t<div class=\"elementor-widget-container\">\n\t\t\t\t\t<div class=\"pcbtn-wrapper pcbtn-align-center\">\r\n\t\t\t<a class=\"pcbtn pcbtn-icon-left\" href=\"https:\/\/www.dadiscartagena.gov.co\/index.php\/boletines-2017-2\">\r\n\t\t\t\t<span class=\"pcbtn-wrapperin\">\r\n\t\t\t\t\t<span class=\"pcbtn-content\">A\u00d1O 2017<\/span>\r\n\t\t\t\t\t\t\t\t\t<\/span>\r\n\t\t\t<\/a>\r\n\t\t<\/div>\r\n\t\t\t\t<\/div>\n\t\t\t\t<\/div>\n\t\t\t\t\t<\/div>\n\t\t<\/div>\n\t\t\t\t<div class=\"penci-ercol-33 penci-ercol-order-3 penci-sticky-sb penci-sidebarSC elementor-column elementor-col-33 elementor-top-column elementor-element elementor-element-fb22a83\" data-id=\"fb22a83\" data-element_type=\"column\" data-settings=\"{&quot;background_background&quot;:&quot;classic&quot;}\">\n\t\t\t<div class=\"elementor-widget-wrap elementor-element-populated\">\n\t\t\t\t\t<div class=\"elementor-background-overlay\"><\/div>\n\t\t\t\t\t\t\t\t<div class=\"elementor-element elementor-element-008a585 elementor-widget elementor-widget-penci-button\" data-id=\"008a585\" data-element_type=\"widget\" data-widget_type=\"penci-button.default\">\n\t\t\t\t<div class=\"elementor-widget-container\">\n\t\t\t\t\t<div class=\"pcbtn-wrapper pcbtn-align-center\">\r\n\t\t\t<a class=\"pcbtn pcbtn-icon-left\" href=\"https:\/\/www.dadiscartagena.gov.co\/index.php\/boletines-2018\">\r\n\t\t\t\t<span class=\"pcbtn-wrapperin\">\r\n\t\t\t\t\t<span class=\"pcbtn-content\">A\u00d1O  2018<\/span>\r\n\t\t\t\t\t\t\t\t\t<\/span>\r\n\t\t\t<\/a>\r\n\t\t<\/div>\r\n\t\t\t\t<\/div>\n\t\t\t\t<\/div>\n\t\t\t\t\t<\/div>\n\t\t<\/div>\n\t\t\t\t\t\t\t<\/div>\n\t\t<\/section>\n\t\t\t\t<section data-particle_enable=\"false\" data-particle-mobile-disabled=\"false\" class=\"penci-section penci-disSticky penci-structure-30 elementor-section elementor-top-section elementor-element elementor-element-c04396f elementor-section-full_width elementor-section-content-middle elementor-section-height-default elementor-section-height-default\" data-id=\"c04396f\" data-element_type=\"section\" data-settings=\"{&quot;background_background&quot;:&quot;classic&quot;}\">\n\t\t\t\t\t\t<div class=\"elementor-container elementor-column-gap-no\">\n\t\t\t\t\t<div class=\"penci-ercol-33 penci-ercol-order-1 penci-sticky-sb penci-sidebarSC elementor-column elementor-col-33 elementor-top-column elementor-element elementor-element-d895be6\" data-id=\"d895be6\" data-element_type=\"column\">\n\t\t\t<div class=\"elementor-widget-wrap elementor-element-populated\">\n\t\t\t\t\t\t\t\t<div class=\"elementor-element elementor-element-eaa34fe elementor-widget elementor-widget-penci-button\" data-id=\"eaa34fe\" data-element_type=\"widget\" data-widget_type=\"penci-button.default\">\n\t\t\t\t<div class=\"elementor-widget-container\">\n\t\t\t\t\t<div class=\"pcbtn-wrapper pcbtn-align-center\">\r\n\t\t\t<a class=\"pcbtn pcbtn-icon-left\" href=\"https:\/\/www.dadiscartagena.gov.co\/index.php\/boletines-2019\">\r\n\t\t\t\t<span class=\"pcbtn-wrapperin\">\r\n\t\t\t\t\t<span class=\"pcbtn-content\">A\u00d1O 2019<\/span>\r\n\t\t\t\t\t\t\t\t\t<\/span>\r\n\t\t\t<\/a>\r\n\t\t<\/div>\r\n\t\t\t\t<\/div>\n\t\t\t\t<\/div>\n\t\t\t\t\t<\/div>\n\t\t<\/div>\n\t\t\t\t<div class=\"penci-ercol-33 penci-ercol-order-2 penci-sticky-sb penci-sidebarSC elementor-column elementor-col-33 elementor-top-column elementor-element elementor-element-94bfad4\" data-id=\"94bfad4\" data-element_type=\"column\" data-settings=\"{&quot;background_background&quot;:&quot;classic&quot;}\">\n\t\t\t<div class=\"elementor-widget-wrap elementor-element-populated\">\n\t\t\t\t\t<div class=\"elementor-background-overlay\"><\/div>\n\t\t\t\t\t\t\t\t<div class=\"elementor-element elementor-element-5c3fe64 elementor-widget elementor-widget-penci-button\" data-id=\"5c3fe64\" data-element_type=\"widget\" data-widget_type=\"penci-button.default\">\n\t\t\t\t<div class=\"elementor-widget-container\">\n\t\t\t\t\t<div class=\"pcbtn-wrapper pcbtn-align-center\">\r\n\t\t\t<a class=\"pcbtn pcbtn-icon-left\" href=\"https:\/\/www.dadiscartagena.gov.co\/index.php\/boletines-2020\">\r\n\t\t\t\t<span class=\"pcbtn-wrapperin\">\r\n\t\t\t\t\t<span class=\"pcbtn-content\">A\u00d1O 2020<\/span>\r\n\t\t\t\t\t\t\t\t\t<\/span>\r\n\t\t\t<\/a>\r\n\t\t<\/div>\r\n\t\t\t\t<\/div>\n\t\t\t\t<\/div>\n\t\t\t\t\t<\/div>\n\t\t<\/div>\n\t\t\t\t<div class=\"penci-ercol-33 penci-ercol-order-3 penci-sticky-sb penci-sidebarSC elementor-column elementor-col-33 elementor-top-column elementor-element elementor-element-dd40fa2\" data-id=\"dd40fa2\" data-element_type=\"column\" data-settings=\"{&quot;background_background&quot;:&quot;classic&quot;}\">\n\t\t\t<div class=\"elementor-widget-wrap elementor-element-populated\">\n\t\t\t\t\t<div class=\"elementor-background-overlay\"><\/div>\n\t\t\t\t\t\t\t\t<div class=\"elementor-element elementor-element-eef094d elementor-widget elementor-widget-penci-button\" data-id=\"eef094d\" data-element_type=\"widget\" data-widget_type=\"penci-button.default\">\n\t\t\t\t<div class=\"elementor-widget-container\">\n\t\t\t\t\t<div class=\"pcbtn-wrapper pcbtn-align-center\">\r\n\t\t\t<a class=\"pcbtn pcbtn-icon-left\" >\r\n\t\t\t\t<span class=\"pcbtn-wrapperin\">\r\n\t\t\t\t\t<span class=\"pcbtn-content\"><\/span>\r\n\t\t\t\t\t\t\t\t\t<\/span>\r\n\t\t\t<\/a>\r\n\t\t<\/div>\r\n\t\t\t\t<\/div>\n\t\t\t\t<\/div>\n\t\t\t\t\t<\/div>\n\t\t<\/div>\n\t\t\t\t\t\t\t<\/div>\n\t\t<\/section>\n\t\t\t\t\t\t\t<\/div>\n\t\t","protected":false},"excerpt":{"rendered":"<p>Haga click en el Periodo a consultar A\u00d1O 2013 A\u00d1O 2014 A\u00d1O 2015 A\u00d1O 2016 A\u00d1O 2017 A\u00d1O 2018 A\u00d1O 2019 A\u00d1O 2020<\/p>\n","protected":false},"author":1,"featured_media":0,"parent":0,"menu_order":0,"comment_status":"closed","ping_status":"closed","template":"","meta":[],"_links":{"self":[{"href":"https:\/\/www.dadiscartagena.gov.co\/index.php\/wp-json\/wp\/v2\/pages\/10059"}],"collection":[{"href":"https:\/\/www.dadiscartagena.gov.co\/index.php\/wp-json\/wp\/v2\/pages"}],"about":[{"href":"https:\/\/www.dadiscartagena.gov.co\/index.php\/wp-json\/wp\/v2\/types\/page"}],"author":[{"embeddable":true,"href":"https:\/\/www.dadiscartagena.gov.co\/index.php\/wp-json\/wp\/v2\/users\/1"}],"replies":[{"embeddable":true,"href":"https:\/\/www.dadiscartagena.gov.co\/index.php\/wp-json\/wp\/v2\/comments?post=10059"}],"version-history":[{"count":58,"href":"https:\/\/www.dadiscartagena.gov.co\/index.php\/wp-json\/wp\/v2\/pages\/10059\/revisions"}],"predecessor-version":[{"id":20885,"href":"https:\/\/www.dadiscartagena.gov.co\/index.php\/wp-json\/wp\/v2\/pages\/10059\/revisions\/20885"}],"wp:attachment":[{"href":"https:\/\/www.dadiscartagena.gov.co\/index.php\/wp-json\/wp\/v2\/media?parent=10059"}],"curies":[{"name":"wp","href":"https:\/\/api.w.org\/{rel}","templated":true}]}}