{"id":1421,"date":"2022-10-18T11:37:09","date_gmt":"2022-10-18T16:37:09","guid":{"rendered":"http:\/\/172.20.5.10\/?page_id=1421"},"modified":"2023-03-02T09:02:53","modified_gmt":"2023-03-02T14:02:53","slug":"salud-publica","status":"publish","type":"page","link":"https:\/\/www.dadiscartagena.gov.co\/index.php\/salud-publica\/","title":{"rendered":"Salud P\u00fablica"},"content":{"rendered":"\t\t<div data-elementor-type=\"wp-page\" data-elementor-id=\"1421\" class=\"elementor elementor-1421\">\n\t\t\t\t\t\t\t\t\t<section data-particle_enable=\"false\" data-particle-mobile-disabled=\"false\" class=\"penci-section penci-disSticky penci-structure-10 elementor-section elementor-top-section elementor-element elementor-element-9deb11c elementor-section-full_width elementor-section-stretched elementor-section-height-default elementor-section-height-default\" data-id=\"9deb11c\" data-element_type=\"section\" data-settings=\"{&quot;stretch_section&quot;:&quot;section-stretched&quot;}\">\n\t\t\t\t\t\t<div class=\"elementor-container elementor-column-gap-no\">\n\t\t\t\t\t<div class=\"penci-ercol-100 penci-ercol-order-1 penci-sticky-ct  elementor-column elementor-col-100 elementor-top-column elementor-element elementor-element-26d0e4d\" data-id=\"26d0e4d\" data-element_type=\"column\">\n\t\t\t<div class=\"elementor-widget-wrap elementor-element-populated\">\n\t\t\t\t\t\t\t\t<div class=\"elementor-element elementor-element-1dc4b6a elementor-widget elementor-widget-image\" data-id=\"1dc4b6a\" data-element_type=\"widget\" data-widget_type=\"image.default\">\n\t\t\t\t<div class=\"elementor-widget-container\">\n\t\t\t<style>\/*! elementor - v3.7.7 - 20-09-2022 *\/\n.elementor-widget-image{text-align:center}.elementor-widget-image a{display:inline-block}.elementor-widget-image a img[src$=\".svg\"]{width:48px}.elementor-widget-image img{vertical-align:middle;display:inline-block}<\/style>\t\t\t\t\t\t\t\t\t\t\t\t<img src=\"https:\/\/www.dadiscartagena.gov.co\/wp-content\/uploads\/2022\/10\/banner_salud-publica.jpg\" title=\"banner_salud-publica\" alt=\"banner_salud-publica\" \/>\t\t\t\t\t\t\t\t\t\t\t\t\t\t\t<\/div>\n\t\t\t\t<\/div>\n\t\t\t\t\t<\/div>\n\t\t<\/div>\n\t\t\t\t\t\t\t<\/div>\n\t\t<\/section>\n\t\t\t\t<section data-particle_enable=\"false\" data-particle-mobile-disabled=\"false\" class=\"penci-section penci-enSticky penci-structure-22 elementor-section elementor-top-section elementor-element elementor-element-1a914d3 elementor-section-boxed elementor-section-height-default elementor-section-height-default\" data-id=\"1a914d3\" data-element_type=\"section\">\n\t\t\t\t\t\t<div class=\"elementor-container elementor-column-gap-wide\">\n\t\t\t\t\t<div class=\"penci-ercol-66 penci-ercol-order-1 penci-sticky-ct  elementor-column elementor-col-66 elementor-top-column elementor-element elementor-element-419426e\" data-id=\"419426e\" data-element_type=\"column\">\n\t\t\t<div class=\"elementor-widget-wrap elementor-element-populated\">\n\t\t\t\t\t\t\t\t<div class=\"elementor-element elementor-element-a71483f elementor-widget elementor-widget-image\" data-id=\"a71483f\" data-element_type=\"widget\" data-widget_type=\"image.default\">\n\t\t\t\t<div class=\"elementor-widget-container\">\n\t\t\t\t\t\t\t\t\t\t\t\t\t\t\t<img width=\"1024\" height=\"330\" src=\"https:\/\/www.dadiscartagena.gov.co\/wp-content\/uploads\/2022\/12\/salud-publica-1024x330.jpg\" class=\"attachment-large size-large\" alt=\"\" loading=\"lazy\" srcset=\"https:\/\/www.dadiscartagena.gov.co\/wp-content\/uploads\/2022\/12\/salud-publica-1024x330.jpg 1024w, https:\/\/www.dadiscartagena.gov.co\/wp-content\/uploads\/2022\/12\/salud-publica-300x97.jpg 300w, https:\/\/www.dadiscartagena.gov.co\/wp-content\/uploads\/2022\/12\/salud-publica-768x247.jpg 768w, https:\/\/www.dadiscartagena.gov.co\/wp-content\/uploads\/2022\/12\/salud-publica-1170x377.jpg 1170w, https:\/\/www.dadiscartagena.gov.co\/wp-content\/uploads\/2022\/12\/salud-publica-585x188.jpg 585w, https:\/\/www.dadiscartagena.gov.co\/wp-content\/uploads\/2022\/12\/salud-publica.jpg 1280w\" sizes=\"(max-width: 1024px) 100vw, 1024px\" \/>\t\t\t\t\t\t\t\t\t\t\t\t\t\t\t<\/div>\n\t\t\t\t<\/div>\n\t\t\t\t<div class=\"elementor-element elementor-element-826856c elementor-widget elementor-widget-heading\" data-id=\"826856c\" data-element_type=\"widget\" data-widget_type=\"heading.default\">\n\t\t\t\t<div class=\"elementor-widget-container\">\n\t\t\t<style>\/*! elementor - v3.7.7 - 20-09-2022 *\/\n.elementor-heading-title{padding:0;margin:0;line-height:1}.elementor-widget-heading .elementor-heading-title[class*=elementor-size-]>a{color:inherit;font-size:inherit;line-height:inherit}.elementor-widget-heading .elementor-heading-title.elementor-size-small{font-size:15px}.elementor-widget-heading .elementor-heading-title.elementor-size-medium{font-size:19px}.elementor-widget-heading .elementor-heading-title.elementor-size-large{font-size:29px}.elementor-widget-heading .elementor-heading-title.elementor-size-xl{font-size:39px}.elementor-widget-heading .elementor-heading-title.elementor-size-xxl{font-size:59px}<\/style><h2 class=\"elementor-heading-title elementor-size-default\">Objetivo General<\/h2>\t\t<\/div>\n\t\t\t\t<\/div>\n\t\t\t\t<div class=\"elementor-element elementor-element-87ea1cc elementor-widget elementor-widget-text-editor\" data-id=\"87ea1cc\" data-element_type=\"widget\" data-widget_type=\"text-editor.default\">\n\t\t\t\t<div class=\"elementor-widget-container\">\n\t\t\t<style>\/*! elementor - v3.7.7 - 20-09-2022 *\/\n.elementor-widget-text-editor.elementor-drop-cap-view-stacked .elementor-drop-cap{background-color:#818a91;color:#fff}.elementor-widget-text-editor.elementor-drop-cap-view-framed .elementor-drop-cap{color:#818a91;border:3px solid;background-color:transparent}.elementor-widget-text-editor:not(.elementor-drop-cap-view-default) .elementor-drop-cap{margin-top:8px}.elementor-widget-text-editor:not(.elementor-drop-cap-view-default) .elementor-drop-cap-letter{width:1em;height:1em}.elementor-widget-text-editor .elementor-drop-cap{float:left;text-align:center;line-height:1;font-size:50px}.elementor-widget-text-editor .elementor-drop-cap-letter{display:inline-block}<\/style>\t\t\t\t<p>Dise\u00f1ar, ejecutar y evaluar las pol\u00edticas relacionadas con la gesti\u00f3n de la Salud P\u00fablica en el Distrito, promoviendo y desarrollando los estudios, estrateg\u00edas, planes, procesos y procedimientos destinados a la formulaci\u00f3n, ejecuci\u00f3n, evaluaci\u00f3n y control del plan de atenci\u00f3n b\u00e1sica distrital<\/p>\t\t\t\t\t\t<\/div>\n\t\t\t\t<\/div>\n\t\t\t\t<div class=\"elementor-element elementor-element-1ec25ac elementor-widget elementor-widget-heading\" data-id=\"1ec25ac\" data-element_type=\"widget\" data-widget_type=\"heading.default\">\n\t\t\t\t<div class=\"elementor-widget-container\">\n\t\t\t<h2 class=\"elementor-heading-title elementor-size-default\">FUNCIONES<\/h2>\t\t<\/div>\n\t\t\t\t<\/div>\n\t\t\t\t<div class=\"elementor-element elementor-element-8123fec elementor-widget elementor-widget-text-editor\" data-id=\"8123fec\" data-element_type=\"widget\" data-widget_type=\"text-editor.default\">\n\t\t\t\t<div class=\"elementor-widget-container\">\n\t\t\t\t\t\t\t<ul>\n<li>Asesorar y apoyar a la Direcci\u00f3n del DADIS en la formulaci\u00f3n de planes, pol\u00edticas y estrat\u00e9gias dirigidas a asegurar la calidad de la gesti\u00f3n en la salud p\u00fablica.<\/li>\n<li>Participar en la planeaci\u00f3n estrat\u00e9gica de los proyectos, programas y planes del DADIS.<\/li>\n<li>Dirigir y elaborar el plan de acci\u00f3n y operativo de salud p\u00fablica para el Distrito de Cartagena de Indias.<\/li>\n<li>Brindar asesor\u00eda y asistencia t\u00e9cnica a las dem\u00e1s autoridades municipales en el desarrollo de los procesos de salud p\u00fablica.<\/li>\n<li>Dirigir e implementar en el Distrito de Cartagena las pol\u00edticas y las normas establecidas por el gobierno nacional y distrital para la salud p\u00fablica.<\/li>\n<li>Distribuir, asignar, reasignar, priorizar y optimizar los recursos para el oportuno y eficiente uso de los recursos de tal manera que se d\u00e9 cumplimiento a los planes y programas, proyectos y procesos de su competencia.<\/li>\n<li>Implementar, desarrollar y actualizar sistem\u00e1ticamente las bases de datos, indicadores y registros.<\/li>\n<li>Presentar informes de gesti\u00f3n y de indicadores sobre el impacto de los programas de salud p\u00fablica y las campa\u00f1as que se adelanten.<\/li>\n<li>Participar en las acciones de mejoramiento continuo de procesos y tr\u00e1mites dentro del sistema de calidad de la entidad.<\/li>\n<li>Hacer seguimiento y control a las metas, objetivos, est\u00e1ndares e indicadores para asegurar la calidad y el cumplimiento del plan de acci\u00f3n y operativo del \u00e1rea.<\/li>\n<li>Realzar la interventor\u00eda y supervisi\u00f3n a los contratos asignados.<\/li>\n<li>Responder y atender los requerimientos hechos por las entidades de control.<\/li>\n<\/ul>\t\t\t\t\t\t<\/div>\n\t\t\t\t<\/div>\n\t\t\t\t\t<\/div>\n\t\t<\/div>\n\t\t\t\t<div class=\"penci-ercol-33 penci-ercol-order-2 penci-sticky-sb penci-sidebarSC elementor-column elementor-col-33 elementor-top-column elementor-element elementor-element-6c7107e\" data-id=\"6c7107e\" data-element_type=\"column\">\n\t\t\t<div class=\"elementor-widget-wrap elementor-element-populated\">\n\t\t\t\t\t\t\t\t<div class=\"elementor-element elementor-element-44995cf elementor-widget elementor-widget-heading\" data-id=\"44995cf\" data-element_type=\"widget\" data-widget_type=\"heading.default\">\n\t\t\t\t<div class=\"elementor-widget-container\">\n\t\t\t<h2 class=\"elementor-heading-title elementor-size-medium\">PROGRAMAS<\/h2>\t\t<\/div>\n\t\t\t\t<\/div>\n\t\t\t\t<div class=\"elementor-element elementor-element-70ea36e elementor-widget elementor-widget-bdt-slinky-vertical-menu\" data-id=\"70ea36e\" data-element_type=\"widget\" data-widget_type=\"bdt-slinky-vertical-menu.default\">\n\t\t\t\t<div class=\"elementor-widget-container\">\n\t\t\t\t\t<div class=\"bdt-slinky-vertical-menu slinky-menu slinky-theme-default\" id=\"bdt-slinky-vertical-menu-70ea36e\">\n\n\t\t\t\t\t\t\t\t\t<ul id=\"bdt-slinky-vertical-menu-70ea36e\" class=\"slinky-vertical-menu\"><li class=\"bdt-menu-item\"><a href=\"https:\/\/www.dadiscartagena.gov.co\/index.php\/vigilancia-en-salud-publica\/\" class=\"\">Vigilancia en Salud P\u00fablica<\/a><\/li><li class=\"bdt-menu-item\"><a href=\"https:\/\/www.dadiscartagena.gov.co\/index.php\/pai\/\" class=\"\">PAI<\/a><\/li><li class=\"bdt-menu-item\"><a href=\"https:\/\/www.dadiscartagena.gov.co\/index.php\/salud-mental\/\" class=\"\">Salud Mental<\/a><\/li><li class=\"bdt-menu-item\"><a href=\"https:\/\/www.dadiscartagena.gov.co\/index.php\/tuberculosis-y-lepra-2\/\" class=\"\">Tuberculosis y Lepra<\/a><\/li><li class=\"bdt-menu-item\"><a href=\"https:\/\/www.dadiscartagena.gov.co\/index.php\/salud-sexual\/\" class=\"\">Salud Sexual<\/a><\/li><li class=\"bdt-menu-item\"><a href=\"https:\/\/www.dadiscartagena.gov.co\/index.php\/salud-infantil-2\/\" class=\"\">Salud Infantil<\/a><\/li><li class=\"bdt-menu-item\"><a href=\"https:\/\/www.dadiscartagena.gov.co\/index.php\/salud-ambiental\/\" class=\"\">Salud Ambiental<\/a><\/li><li class=\"bdt-menu-item\"><a href=\"https:\/\/www.dadiscartagena.gov.co\/index.php\/gestion-del-plan-2\/\" class=\"\">Gesti\u00f3n del Plan<\/a><\/li><li class=\"bdt-menu-item\"><a href=\"https:\/\/www.dadiscartagena.gov.co\/index.php\/cartagena-saludable\/\" class=\"\">Cartagena Saludable<\/a><\/li><li class=\"bdt-menu-item\"><a href=\"https:\/\/www.dadiscartagena.gov.co\/index.php\/vigilancia-y-control-de-alimentos-y-medicamentos\/\" class=\"\">Vigilancia y Control de Alimentos y Medicamentos<\/a><\/li><li class=\"bdt-menu-item\"><a href=\"https:\/\/www.dadiscartagena.gov.co\/index.php\/alimentacion-y-nutricion\/\" class=\"\">Alimentaci\u00f3n y Nutrici\u00f3n<\/a><\/li><\/ul>\n\t\t\t\n\t\t<\/div>\n\t\t\t<\/div>\n\t\t\t\t<\/div>\n\t\t\t\t\t<\/div>\n\t\t<\/div>\n\t\t\t\t\t\t\t<\/div>\n\t\t<\/section>\n\t\t\t\t<section data-particle_enable=\"false\" data-particle-mobile-disabled=\"false\" class=\"penci-section penci-disSticky penci-structure-10 elementor-section elementor-top-section elementor-element elementor-element-eaef5d0 elementor-section-boxed elementor-section-height-default elementor-section-height-default\" data-id=\"eaef5d0\" data-element_type=\"section\">\n\t\t\t\t\t\t<div class=\"elementor-container elementor-column-gap-default\">\n\t\t\t\t\t<div class=\"penci-ercol-100 penci-ercol-order-1 penci-sticky-ct  elementor-column elementor-col-100 elementor-top-column elementor-element elementor-element-43078ad\" data-id=\"43078ad\" data-element_type=\"column\">\n\t\t\t<div class=\"elementor-widget-wrap\">\n\t\t\t\t\t\t\t\t\t<\/div>\n\t\t<\/div>\n\t\t\t\t\t\t\t<\/div>\n\t\t<\/section>\n\t\t\t\t\t\t\t<\/div>\n\t\t","protected":false},"excerpt":{"rendered":"<p>Objetivo General Dise\u00f1ar, ejecutar y evaluar las pol\u00edticas relacionadas con la gesti\u00f3n de la Salud P\u00fablica en el Distrito, promoviendo y desarrollando los estudios, estrateg\u00edas, planes, procesos y procedimientos destinados&hellip;<\/p>\n","protected":false},"author":1,"featured_media":0,"parent":0,"menu_order":0,"comment_status":"closed","ping_status":"closed","template":"elementor_header_footer","meta":[],"_links":{"self":[{"href":"https:\/\/www.dadiscartagena.gov.co\/index.php\/wp-json\/wp\/v2\/pages\/1421"}],"collection":[{"href":"https:\/\/www.dadiscartagena.gov.co\/index.php\/wp-json\/wp\/v2\/pages"}],"about":[{"href":"https:\/\/www.dadiscartagena.gov.co\/index.php\/wp-json\/wp\/v2\/types\/page"}],"author":[{"embeddable":true,"href":"https:\/\/www.dadiscartagena.gov.co\/index.php\/wp-json\/wp\/v2\/users\/1"}],"replies":[{"embeddable":true,"href":"https:\/\/www.dadiscartagena.gov.co\/index.php\/wp-json\/wp\/v2\/comments?post=1421"}],"version-history":[{"count":107,"href":"https:\/\/www.dadiscartagena.gov.co\/index.php\/wp-json\/wp\/v2\/pages\/1421\/revisions"}],"predecessor-version":[{"id":28444,"href":"https:\/\/www.dadiscartagena.gov.co\/index.php\/wp-json\/wp\/v2\/pages\/1421\/revisions\/28444"}],"wp:attachment":[{"href":"https:\/\/www.dadiscartagena.gov.co\/index.php\/wp-json\/wp\/v2\/media?parent=1421"}],"curies":[{"name":"wp","href":"https:\/\/api.w.org\/{rel}","templated":true}]}}