{"id":17184,"date":"2023-08-31T15:49:11","date_gmt":"2023-08-31T20:49:11","guid":{"rendered":"https:\/\/www.dadiscartagena.gov.co\/?page_id=17184"},"modified":"2024-07-16T17:47:46","modified_gmt":"2024-07-16T22:47:46","slug":"administracion-de-bases-de-datos-del-aseguramiento","status":"publish","type":"page","link":"https:\/\/www.dadiscartagena.gov.co\/index.php\/administracion-de-bases-de-datos-del-aseguramiento\/","title":{"rendered":"R\u00e9gimen Subsidiado"},"content":{"rendered":"\t\t<div data-elementor-type=\"wp-page\" data-elementor-id=\"17184\" class=\"elementor elementor-17184\">\n\t\t\t\t\t\t\t\t\t<section data-particle_enable=\"false\" data-particle-mobile-disabled=\"false\" class=\"penci-section penci-disSticky penci-structure-10 elementor-section elementor-top-section elementor-element elementor-element-0482e68 elementor-section-full_width elementor-section-stretched elementor-section-height-default elementor-section-height-default\" data-id=\"0482e68\" data-element_type=\"section\" data-settings=\"{&quot;stretch_section&quot;:&quot;section-stretched&quot;,&quot;background_background&quot;:&quot;classic&quot;}\">\n\t\t\t\t\t\t<div class=\"elementor-container elementor-column-gap-no\">\n\t\t\t\t\t<div class=\"penci-ercol-100 penci-ercol-order-1 penci-sticky-ct  elementor-column elementor-col-100 elementor-top-column elementor-element elementor-element-2b969e6\" data-id=\"2b969e6\" data-element_type=\"column\">\n\t\t\t<div class=\"elementor-widget-wrap elementor-element-populated\">\n\t\t\t\t\t\t\t\t<div class=\"elementor-element elementor-element-d640f28 elementor-widget elementor-widget-image\" data-id=\"d640f28\" data-element_type=\"widget\" data-widget_type=\"image.default\">\n\t\t\t\t<div class=\"elementor-widget-container\">\n\t\t\t<style>\/*! elementor - v3.7.7 - 20-09-2022 *\/\n.elementor-widget-image{text-align:center}.elementor-widget-image a{display:inline-block}.elementor-widget-image a img[src$=\".svg\"]{width:48px}.elementor-widget-image img{vertical-align:middle;display:inline-block}<\/style>\t\t\t\t\t\t\t\t\t\t\t\t<img width=\"1024\" height=\"150\" src=\"https:\/\/www.dadiscartagena.gov.co\/wp-content\/uploads\/2022\/10\/banner_aseguramiento-1024x150.jpg\" class=\"attachment-large size-large\" alt=\"\" loading=\"lazy\" srcset=\"https:\/\/www.dadiscartagena.gov.co\/wp-content\/uploads\/2022\/10\/banner_aseguramiento-1024x150.jpg 1024w, https:\/\/www.dadiscartagena.gov.co\/wp-content\/uploads\/2022\/10\/banner_aseguramiento-300x44.jpg 300w, https:\/\/www.dadiscartagena.gov.co\/wp-content\/uploads\/2022\/10\/banner_aseguramiento-768x112.jpg 768w, https:\/\/www.dadiscartagena.gov.co\/wp-content\/uploads\/2022\/10\/banner_aseguramiento-1536x224.jpg 1536w, https:\/\/www.dadiscartagena.gov.co\/wp-content\/uploads\/2022\/10\/banner_aseguramiento-1170x171.jpg 1170w, https:\/\/www.dadiscartagena.gov.co\/wp-content\/uploads\/2022\/10\/banner_aseguramiento-585x85.jpg 585w, https:\/\/www.dadiscartagena.gov.co\/wp-content\/uploads\/2022\/10\/banner_aseguramiento.jpg 1567w\" sizes=\"(max-width: 1024px) 100vw, 1024px\" \/>\t\t\t\t\t\t\t\t\t\t\t\t\t\t\t<\/div>\n\t\t\t\t<\/div>\n\t\t\t\t\t<\/div>\n\t\t<\/div>\n\t\t\t\t\t\t\t<\/div>\n\t\t<\/section>\n\t\t\t\t<section data-particle_enable=\"false\" data-particle-mobile-disabled=\"false\" class=\"penci-section penci-enSticky penci-structure-22 elementor-section elementor-top-section elementor-element elementor-element-d6993d5 elementor-section-boxed elementor-section-height-default elementor-section-height-default\" data-id=\"d6993d5\" data-element_type=\"section\">\n\t\t\t\t\t\t<div class=\"elementor-container elementor-column-gap-wide\">\n\t\t\t\t\t<div class=\"penci-ercol-66 penci-ercol-order-1 penci-sticky-ct  elementor-column elementor-col-66 elementor-top-column elementor-element elementor-element-68edbbe\" data-id=\"68edbbe\" data-element_type=\"column\">\n\t\t\t<div class=\"elementor-widget-wrap elementor-element-populated\">\n\t\t\t\t\t\t\t\t<div class=\"elementor-element elementor-element-4fcf1de elementor-widget elementor-widget-image\" data-id=\"4fcf1de\" data-element_type=\"widget\" data-widget_type=\"image.default\">\n\t\t\t\t<div class=\"elementor-widget-container\">\n\t\t\t\t\t\t\t\t\t\t\t\t\t\t\t<img width=\"1024\" height=\"683\" src=\"https:\/\/www.dadiscartagena.gov.co\/wp-content\/uploads\/2024\/07\/Equipo_DOA-1024x683.jpg\" class=\"attachment-large size-large\" alt=\"\" loading=\"lazy\" srcset=\"https:\/\/www.dadiscartagena.gov.co\/wp-content\/uploads\/2024\/07\/Equipo_DOA-1024x683.jpg 1024w, https:\/\/www.dadiscartagena.gov.co\/wp-content\/uploads\/2024\/07\/Equipo_DOA-300x200.jpg 300w, https:\/\/www.dadiscartagena.gov.co\/wp-content\/uploads\/2024\/07\/Equipo_DOA-768x512.jpg 768w, https:\/\/www.dadiscartagena.gov.co\/wp-content\/uploads\/2024\/07\/Equipo_DOA-1536x1024.jpg 1536w, https:\/\/www.dadiscartagena.gov.co\/wp-content\/uploads\/2024\/07\/Equipo_DOA-2048x1365.jpg 2048w, https:\/\/www.dadiscartagena.gov.co\/wp-content\/uploads\/2024\/07\/Equipo_DOA-1920x1280.jpg 1920w, https:\/\/www.dadiscartagena.gov.co\/wp-content\/uploads\/2024\/07\/Equipo_DOA-1170x780.jpg 1170w, https:\/\/www.dadiscartagena.gov.co\/wp-content\/uploads\/2024\/07\/Equipo_DOA-585x390.jpg 585w, https:\/\/www.dadiscartagena.gov.co\/wp-content\/uploads\/2024\/07\/Equipo_DOA-263x175.jpg 263w\" sizes=\"(max-width: 1024px) 100vw, 1024px\" \/>\t\t\t\t\t\t\t\t\t\t\t\t\t\t\t<\/div>\n\t\t\t\t<\/div>\n\t\t\t\t<div class=\"elementor-element elementor-element-02b1e49 elementor-widget elementor-widget-heading\" data-id=\"02b1e49\" data-element_type=\"widget\" data-widget_type=\"heading.default\">\n\t\t\t\t<div class=\"elementor-widget-container\">\n\t\t\t<style>\/*! elementor - v3.7.7 - 20-09-2022 *\/\n.elementor-heading-title{padding:0;margin:0;line-height:1}.elementor-widget-heading .elementor-heading-title[class*=elementor-size-]>a{color:inherit;font-size:inherit;line-height:inherit}.elementor-widget-heading .elementor-heading-title.elementor-size-small{font-size:15px}.elementor-widget-heading .elementor-heading-title.elementor-size-medium{font-size:19px}.elementor-widget-heading .elementor-heading-title.elementor-size-large{font-size:29px}.elementor-widget-heading .elementor-heading-title.elementor-size-xl{font-size:39px}.elementor-widget-heading .elementor-heading-title.elementor-size-xxl{font-size:59px}<\/style><h1 class=\"elementor-heading-title elementor-size-medium\">R\u00e9gimen Subsidiado<\/h1>\t\t<\/div>\n\t\t\t\t<\/div>\n\t\t\t\t<div class=\"elementor-element elementor-element-d187c06 elementor-widget elementor-widget-text-editor\" data-id=\"d187c06\" data-element_type=\"widget\" data-widget_type=\"text-editor.default\">\n\t\t\t\t<div class=\"elementor-widget-container\">\n\t\t\t<style>\/*! elementor - v3.7.7 - 20-09-2022 *\/\n.elementor-widget-text-editor.elementor-drop-cap-view-stacked .elementor-drop-cap{background-color:#818a91;color:#fff}.elementor-widget-text-editor.elementor-drop-cap-view-framed .elementor-drop-cap{color:#818a91;border:3px solid;background-color:transparent}.elementor-widget-text-editor:not(.elementor-drop-cap-view-default) .elementor-drop-cap{margin-top:8px}.elementor-widget-text-editor:not(.elementor-drop-cap-view-default) .elementor-drop-cap-letter{width:1em;height:1em}.elementor-widget-text-editor .elementor-drop-cap{float:left;text-align:center;line-height:1;font-size:50px}.elementor-widget-text-editor .elementor-drop-cap-letter{display:inline-block}<\/style>\t\t\t\t<p>El Sistema General de Seguridad Social en Salud (SGSSS) de Colombia es el encargado de cubrir los gastos de salud a los ciudadanos. Cada persona se afilia a una Entidad Promotora de Salud (EPS) y de esta forma recibe los beneficios. Los ciudadanos reciben los servicios a trav\u00e9s de una Instituci\u00f3n Prestadora de Servicios (IPS).<\/p><p>\u00a0<\/p><p>Todas las personas pueden acceder al Sistema a trav\u00e9s de dos reg\u00edmenes de afiliaci\u00f3n: el R\u00e9gimen Contributivo que aplica para aquellos ciudadanos que tiene empleo o trabajan por cuenta propia y el R\u00e9gimen Subsidiado que aplica para los ciudadanos que cumplen con los requisitos establecidos, no se encuentran trabajando y no tienen recursos para pagar su seguridad social; en este caso el Estado genera un subsidio especial para garantizar la seguridad social de estas personas.<\/p><p>\u00a0<\/p><p>Para conocer la ruta de aseguramiento al Sistema General de Seguridad Social en Salud en Colombia, haga clic aqu\u00ed. <a href=\"https:\/\/www.dadiscartagena.gov.co\/wp-content\/uploads\/2023\/09\/2.1-Ruta-de-afiliacion.pdf\"><strong>(RUTA DE AFILIACION)<\/strong><\/a><\/p>\t\t\t\t\t\t<\/div>\n\t\t\t\t<\/div>\n\t\t\t\t<div class=\"elementor-element elementor-element-5d02bf4 elementor-widget elementor-widget-heading\" data-id=\"5d02bf4\" data-element_type=\"widget\" data-widget_type=\"heading.default\">\n\t\t\t\t<div class=\"elementor-widget-container\">\n\t\t\t<h1 class=\"elementor-heading-title elementor-size-medium\">\u00bfQu\u00e9 es el R\u00e9gimen Subsidiado?<\/h1>\t\t<\/div>\n\t\t\t\t<\/div>\n\t\t\t\t<div class=\"elementor-element elementor-element-90b60cc elementor-widget elementor-widget-text-editor\" data-id=\"90b60cc\" data-element_type=\"widget\" data-widget_type=\"text-editor.default\">\n\t\t\t\t<div class=\"elementor-widget-container\">\n\t\t\t\t\t\t\t<p>El R\u00e9gimen Subsidiado es el mecanismo mediante el cual la poblaci\u00f3n m\u00e1s pobre, sin capacidad de pago, tiene acceso a los servicios de salud a trav\u00e9s de un subsidio que ofrece el Estado.<\/p>\t\t\t\t\t\t<\/div>\n\t\t\t\t<\/div>\n\t\t\t\t<div class=\"elementor-element elementor-element-f1ba755 elementor-widget elementor-widget-heading\" data-id=\"f1ba755\" data-element_type=\"widget\" data-widget_type=\"heading.default\">\n\t\t\t\t<div class=\"elementor-widget-container\">\n\t\t\t<h1 class=\"elementor-heading-title elementor-size-medium\">\u00bfC\u00f3mo afiliarse al R\u00e9gimen Subsidiado?<\/h1>\t\t<\/div>\n\t\t\t\t<\/div>\n\t\t\t\t<div class=\"elementor-element elementor-element-afe4121 elementor-widget elementor-widget-text-editor\" data-id=\"afe4121\" data-element_type=\"widget\" data-widget_type=\"text-editor.default\">\n\t\t\t\t<div class=\"elementor-widget-container\">\n\t\t\t\t\t\t\t<p>Para afiliarse al R\u00e9gimen Subsidiado de Salud debe tener aplicada la encuesta SISB\u00c9N que quiere decir: Sistema de Selecci\u00f3n de Beneficiarios y permite establecer en qu\u00e9 grupo se encuentra. Esta encuesta es la puerta de entrada a los programas sociales que ofrece el Estado para las personas con m\u00e1s necesidades. Dentro de esos programas esta la salud a trav\u00e9s del R\u00e9gimen Subsidiado de Salud, que le permite contar con los servicios ofrecidos en el Plan de Beneficios en Salud (PBS).<\/p><p>La encuesta SISB\u00c9N, la aplica la Secretar\u00eda de Planeaci\u00f3n Distrital, y si a usted a\u00fan no se le han aplicado (no ha sido identificado como posible beneficiario de los subsidios), o requiere que le actualicen el nivel del SISB\u00c9N, dir\u00edjase al siguiente enlace donde tendr\u00e1 m\u00e1s informaci\u00f3n <a href=\"https:\/\/www.dadiscartagena.gov.co\/wp-content\/uploads\/2023\/09\/2.2-Tramites-del-Sisben-1.pdf\">Tr\u00e1mites Sisb\u00e9n .<\/a><\/p><p>\u00a0<\/p><p>Usted puede hacer parte del R\u00e9gimen Subsidiado de Salud, si es identificado en los niveles 1 o 2 por encuesta del SISB\u00c9N y no est\u00e1 afiliado al R\u00e9gimen Contributivo. En particular para el sector salud, el Ministerio de Salud y protecci\u00f3n Social estableci\u00f3 los puntos de corte para acceder al R\u00e9gimen Subsidiado de la siguiente forma (estos puntajes no son los mismos para otros tipos de subsidios): Nivel 1 = Grupos A y B. Nivel 2 = Grupo C.<\/p><p>Igualmente, pueden afiliarse a este R\u00e9gimen las personas que hacen parte de grupos especiales como: desmovilizados, ind\u00edgenas, habitantes de la calle, ni\u00f1os en protecci\u00f3n y desplazados.<\/p>\t\t\t\t\t\t<\/div>\n\t\t\t\t<\/div>\n\t\t\t\t<div class=\"elementor-element elementor-element-f98305e elementor-widget elementor-widget-heading\" data-id=\"f98305e\" data-element_type=\"widget\" data-widget_type=\"heading.default\">\n\t\t\t\t<div class=\"elementor-widget-container\">\n\t\t\t<h1 class=\"elementor-heading-title elementor-size-medium\">\u00bfQu\u00e9 se debe tener en cuenta para afiliarse?<\/h1>\t\t<\/div>\n\t\t\t\t<\/div>\n\t\t\t\t<div class=\"elementor-element elementor-element-bbf341f elementor-widget elementor-widget-text-editor\" data-id=\"bbf341f\" data-element_type=\"widget\" data-widget_type=\"text-editor.default\">\n\t\t\t\t<div class=\"elementor-widget-container\">\n\t\t\t\t\t\t\t<p>Como beneficiario de este r\u00e9gimen, usted debe afiliarse a una Empresa Promotora de Salud Subsidiada (EPS-S) para lo cual el usuario tiene el derecho a la Libre Escogencia.<\/p><p><br \/>Al momento de elegir su EPS Subsidiada tenga en cuenta:<\/p><p>\u00a0<\/p><p>\u2022 Qu\u00e9 EPS-S prestan servicios de salud en el Distrito de Cartagena.<br \/>\u2022 Cu\u00e1les hospitales, cl\u00ednicas e instituciones de salud tienen contrato con la EPS-S que escogi\u00f3.<br \/>\u2022 Se debe elegir s\u00f3lo una EPS-S.<br \/>\u2022 Que la EPS-S tenga una oficina de atenci\u00f3n al usuario cerca de su domicilio.<br \/>\u2022 Solo debe entregar la fotocopia de su documento de identidad y de su grupo familiar.<br \/>\u2022 No necesita contestar ninguna encuesta, ni intermediarios.<br \/>\u2022 Todas las EPS-S prestan los mismos servicios de salud contemplados en el Plan de Beneficios en Salud (PBS).<\/p>\t\t\t\t\t\t<\/div>\n\t\t\t\t<\/div>\n\t\t\t\t\t<\/div>\n\t\t<\/div>\n\t\t\t\t<div class=\"penci-ercol-33 penci-ercol-order-2 penci-sticky-sb penci-sidebarSC elementor-column elementor-col-33 elementor-top-column elementor-element elementor-element-fa4ca65\" data-id=\"fa4ca65\" data-element_type=\"column\">\n\t\t\t<div class=\"elementor-widget-wrap elementor-element-populated\">\n\t\t\t\t\t\t\t\t<div class=\"elementor-element elementor-element-1c81966 elementor-widget elementor-widget-heading\" data-id=\"1c81966\" data-element_type=\"widget\" data-widget_type=\"heading.default\">\n\t\t\t\t<div class=\"elementor-widget-container\">\n\t\t\t<h2 class=\"elementor-heading-title elementor-size-default\">ASEGURAMIENTO<\/h2>\t\t<\/div>\n\t\t\t\t<\/div>\n\t\t\t\t<div class=\"elementor-element elementor-element-d7d6e86 elementor-widget elementor-widget-bdt-slinky-vertical-menu\" data-id=\"d7d6e86\" data-element_type=\"widget\" data-widget_type=\"bdt-slinky-vertical-menu.default\">\n\t\t\t\t<div class=\"elementor-widget-container\">\n\t\t\t\t\t<div class=\"bdt-slinky-vertical-menu slinky-menu slinky-theme-default\" id=\"bdt-slinky-vertical-menu-d7d6e86\">\n\n\t\t\t\t\t\t\t\t\t<ul id=\"bdt-slinky-vertical-menu-d7d6e86\" class=\"slinky-vertical-menu\"><li class=\"bdt-menu-item\"><a href=\"https:\/\/www.dadiscartagena.gov.co\/index.php\/funciones\/\" class=\"\">Funciones<\/a><\/li><li class=\"bdt-menu-item\"><a href=\"https:\/\/www.dadiscartagena.gov.co\/index.php\/gestion-del-aseguramiento-en-salud\/\" class=\"\">Gesti\u00f3n del Aseguramiento en salud<\/a><\/li><li class=\"bdt-menu-item\"><a href=\"https:\/\/www.dadiscartagena.gov.co\/index.php\/administracion-de-bases-de-datos-del-aseguramiento\/\" class=\"\">R\u00e9gimen Subsidiado<\/a><\/li><li class=\"bdt-menu-item\"><a href=\"https:\/\/www.dadiscartagena.gov.co\/index.php\/regimen-contributivo\/\" class=\"\">R\u00e9gimen Contributivo<\/a><\/li><li class=\"bdt-menu-item\"><a href=\"https:\/\/www.dadiscartagena.gov.co\/index.php\/los-deberes-y-derechos-en-salud\/\" class=\"\">Deberes y Derechos en Salud<\/a><\/li><li class=\"bdt-menu-item\"><a href=\"https:\/\/www.dadiscartagena.gov.co\/index.php\/traslado-movilidad-y-portabilidad\/\" class=\"\">Traslado, Movilidad y Portabilidad<\/a><\/li><li class=\"bdt-menu-item\"><a href=\"https:\/\/www.dadiscartagena.gov.co\/index.php\/sistema-de-afiliacion-transaccional\/\" class=\"\">Sistema de Afiliaci\u00f3n Transaccional<\/a><\/li><li class=\"bdt-menu-item\"><a href=\"https:\/\/www.dadiscartagena.gov.co\/index.php\/afiliacion-y-novedades\/\" class=\"\">Afiliaci\u00f3n y novedades<\/a><\/li><li class=\"bdt-menu-item\"><a href=\"https:\/\/www.dadiscartagena.gov.co\/index.php\/efectos-de-la-mora-en-el-pago-de-las-cotizaciones-al-sgsss-y-garantia-de-la-atencion-en-salud\/\" class=\"\">Efectos de la mora en el pago de las cotizaciones al SGSSS y garant\u00eda de la atenci\u00f3n en salud<\/a><\/li><li class=\"bdt-menu-item\"><a href=\"https:\/\/www.dadiscartagena.gov.co\/index.php\/instrumentos-para-garantizar-continuidad-del-aseguramiento-ante-los-cambios-en-la-condicion-economica-del-afiliado-2\/\" class=\"\">Instrumentos para garantizar continuidad del aseguramiento ante los cambios en la condici\u00f3n econ\u00f3mica del Afiliado<\/a><\/li><li class=\"bdt-menu-item\"><a href=\"https:\/\/www.dadiscartagena.gov.co\/index.php\/prestaciones-economicas\/\" class=\"\">Prestaciones Econ\u00f3micas<\/a><\/li><\/ul>\n\t\t\t\n\t\t<\/div>\n\t\t\t<\/div>\n\t\t\t\t<\/div>\n\t\t\t\t\t<\/div>\n\t\t<\/div>\n\t\t\t\t\t\t\t<\/div>\n\t\t<\/section>\n\t\t\t\t\t\t\t<\/div>\n\t\t","protected":false},"excerpt":{"rendered":"<p>R\u00e9gimen Subsidiado El Sistema General de Seguridad Social en Salud (SGSSS) de Colombia es el encargado de cubrir los gastos de salud a los ciudadanos. Cada persona se afilia a&hellip;<\/p>\n","protected":false},"author":1,"featured_media":0,"parent":0,"menu_order":0,"comment_status":"closed","ping_status":"closed","template":"elementor_header_footer","meta":[],"_links":{"self":[{"href":"https:\/\/www.dadiscartagena.gov.co\/index.php\/wp-json\/wp\/v2\/pages\/17184"}],"collection":[{"href":"https:\/\/www.dadiscartagena.gov.co\/index.php\/wp-json\/wp\/v2\/pages"}],"about":[{"href":"https:\/\/www.dadiscartagena.gov.co\/index.php\/wp-json\/wp\/v2\/types\/page"}],"author":[{"embeddable":true,"href":"https:\/\/www.dadiscartagena.gov.co\/index.php\/wp-json\/wp\/v2\/users\/1"}],"replies":[{"embeddable":true,"href":"https:\/\/www.dadiscartagena.gov.co\/index.php\/wp-json\/wp\/v2\/comments?post=17184"}],"version-history":[{"count":69,"href":"https:\/\/www.dadiscartagena.gov.co\/index.php\/wp-json\/wp\/v2\/pages\/17184\/revisions"}],"predecessor-version":[{"id":22380,"href":"https:\/\/www.dadiscartagena.gov.co\/index.php\/wp-json\/wp\/v2\/pages\/17184\/revisions\/22380"}],"wp:attachment":[{"href":"https:\/\/www.dadiscartagena.gov.co\/index.php\/wp-json\/wp\/v2\/media?parent=17184"}],"curies":[{"name":"wp","href":"https:\/\/api.w.org\/{rel}","templated":true}]}}