{"id":17479,"date":"2023-09-05T16:19:21","date_gmt":"2023-09-05T21:19:21","guid":{"rendered":"https:\/\/www.dadiscartagena.gov.co\/?page_id=17479"},"modified":"2024-07-16T17:52:21","modified_gmt":"2024-07-16T22:52:21","slug":"sistema-de-afiliacion-transaccional","status":"publish","type":"page","link":"https:\/\/www.dadiscartagena.gov.co\/index.php\/sistema-de-afiliacion-transaccional\/","title":{"rendered":"Sistema de Afiliaci\u00f3n Transaccional"},"content":{"rendered":"\t\t<div data-elementor-type=\"wp-page\" data-elementor-id=\"17479\" class=\"elementor elementor-17479\">\n\t\t\t\t\t\t\t\t\t<section data-particle_enable=\"false\" data-particle-mobile-disabled=\"false\" class=\"penci-section penci-disSticky penci-structure-10 elementor-section elementor-top-section elementor-element elementor-element-0482e68 elementor-section-full_width elementor-section-stretched elementor-section-height-default elementor-section-height-default\" data-id=\"0482e68\" data-element_type=\"section\" data-settings=\"{&quot;stretch_section&quot;:&quot;section-stretched&quot;,&quot;background_background&quot;:&quot;classic&quot;}\">\n\t\t\t\t\t\t<div class=\"elementor-container elementor-column-gap-no\">\n\t\t\t\t\t<div class=\"penci-ercol-100 penci-ercol-order-1 penci-sticky-ct  elementor-column elementor-col-100 elementor-top-column elementor-element elementor-element-2b969e6\" data-id=\"2b969e6\" data-element_type=\"column\">\n\t\t\t<div class=\"elementor-widget-wrap elementor-element-populated\">\n\t\t\t\t\t\t\t\t<div class=\"elementor-element elementor-element-d640f28 elementor-widget elementor-widget-image\" data-id=\"d640f28\" data-element_type=\"widget\" data-widget_type=\"image.default\">\n\t\t\t\t<div class=\"elementor-widget-container\">\n\t\t\t<style>\/*! elementor - v3.7.7 - 20-09-2022 *\/\n.elementor-widget-image{text-align:center}.elementor-widget-image a{display:inline-block}.elementor-widget-image a img[src$=\".svg\"]{width:48px}.elementor-widget-image img{vertical-align:middle;display:inline-block}<\/style>\t\t\t\t\t\t\t\t\t\t\t\t<img width=\"1024\" height=\"150\" src=\"https:\/\/www.dadiscartagena.gov.co\/wp-content\/uploads\/2022\/10\/banner_aseguramiento-1024x150.jpg\" class=\"attachment-large size-large\" alt=\"\" loading=\"lazy\" srcset=\"https:\/\/www.dadiscartagena.gov.co\/wp-content\/uploads\/2022\/10\/banner_aseguramiento-1024x150.jpg 1024w, https:\/\/www.dadiscartagena.gov.co\/wp-content\/uploads\/2022\/10\/banner_aseguramiento-300x44.jpg 300w, https:\/\/www.dadiscartagena.gov.co\/wp-content\/uploads\/2022\/10\/banner_aseguramiento-768x112.jpg 768w, https:\/\/www.dadiscartagena.gov.co\/wp-content\/uploads\/2022\/10\/banner_aseguramiento-1536x224.jpg 1536w, https:\/\/www.dadiscartagena.gov.co\/wp-content\/uploads\/2022\/10\/banner_aseguramiento-1170x171.jpg 1170w, https:\/\/www.dadiscartagena.gov.co\/wp-content\/uploads\/2022\/10\/banner_aseguramiento-585x85.jpg 585w, https:\/\/www.dadiscartagena.gov.co\/wp-content\/uploads\/2022\/10\/banner_aseguramiento.jpg 1567w\" sizes=\"(max-width: 1024px) 100vw, 1024px\" \/>\t\t\t\t\t\t\t\t\t\t\t\t\t\t\t<\/div>\n\t\t\t\t<\/div>\n\t\t\t\t\t<\/div>\n\t\t<\/div>\n\t\t\t\t\t\t\t<\/div>\n\t\t<\/section>\n\t\t\t\t<section data-particle_enable=\"false\" data-particle-mobile-disabled=\"false\" class=\"penci-section penci-enSticky penci-structure-22 elementor-section elementor-top-section elementor-element elementor-element-d6993d5 elementor-section-boxed elementor-section-height-default elementor-section-height-default\" data-id=\"d6993d5\" data-element_type=\"section\">\n\t\t\t\t\t\t<div class=\"elementor-container elementor-column-gap-wide\">\n\t\t\t\t\t<div class=\"penci-ercol-66 penci-ercol-order-1 penci-sticky-ct  elementor-column elementor-col-66 elementor-top-column elementor-element elementor-element-68edbbe\" data-id=\"68edbbe\" data-element_type=\"column\">\n\t\t\t<div class=\"elementor-widget-wrap elementor-element-populated\">\n\t\t\t\t\t\t\t\t<div class=\"elementor-element elementor-element-4fcf1de elementor-widget elementor-widget-image\" data-id=\"4fcf1de\" data-element_type=\"widget\" data-widget_type=\"image.default\">\n\t\t\t\t<div class=\"elementor-widget-container\">\n\t\t\t\t\t\t\t\t\t\t\t\t\t\t\t<img width=\"1024\" height=\"683\" src=\"https:\/\/www.dadiscartagena.gov.co\/wp-content\/uploads\/2024\/07\/Equipo_DOA-1024x683.jpg\" class=\"attachment-large size-large\" alt=\"\" loading=\"lazy\" srcset=\"https:\/\/www.dadiscartagena.gov.co\/wp-content\/uploads\/2024\/07\/Equipo_DOA-1024x683.jpg 1024w, https:\/\/www.dadiscartagena.gov.co\/wp-content\/uploads\/2024\/07\/Equipo_DOA-300x200.jpg 300w, https:\/\/www.dadiscartagena.gov.co\/wp-content\/uploads\/2024\/07\/Equipo_DOA-768x512.jpg 768w, https:\/\/www.dadiscartagena.gov.co\/wp-content\/uploads\/2024\/07\/Equipo_DOA-1536x1024.jpg 1536w, https:\/\/www.dadiscartagena.gov.co\/wp-content\/uploads\/2024\/07\/Equipo_DOA-2048x1365.jpg 2048w, https:\/\/www.dadiscartagena.gov.co\/wp-content\/uploads\/2024\/07\/Equipo_DOA-1920x1280.jpg 1920w, https:\/\/www.dadiscartagena.gov.co\/wp-content\/uploads\/2024\/07\/Equipo_DOA-1170x780.jpg 1170w, https:\/\/www.dadiscartagena.gov.co\/wp-content\/uploads\/2024\/07\/Equipo_DOA-585x390.jpg 585w, https:\/\/www.dadiscartagena.gov.co\/wp-content\/uploads\/2024\/07\/Equipo_DOA-263x175.jpg 263w\" sizes=\"(max-width: 1024px) 100vw, 1024px\" \/>\t\t\t\t\t\t\t\t\t\t\t\t\t\t\t<\/div>\n\t\t\t\t<\/div>\n\t\t\t\t<div class=\"elementor-element elementor-element-02b1e49 elementor-widget elementor-widget-heading\" data-id=\"02b1e49\" data-element_type=\"widget\" data-widget_type=\"heading.default\">\n\t\t\t\t<div class=\"elementor-widget-container\">\n\t\t\t<style>\/*! elementor - v3.7.7 - 20-09-2022 *\/\n.elementor-heading-title{padding:0;margin:0;line-height:1}.elementor-widget-heading .elementor-heading-title[class*=elementor-size-]>a{color:inherit;font-size:inherit;line-height:inherit}.elementor-widget-heading .elementor-heading-title.elementor-size-small{font-size:15px}.elementor-widget-heading .elementor-heading-title.elementor-size-medium{font-size:19px}.elementor-widget-heading .elementor-heading-title.elementor-size-large{font-size:29px}.elementor-widget-heading .elementor-heading-title.elementor-size-xl{font-size:39px}.elementor-widget-heading .elementor-heading-title.elementor-size-xxl{font-size:59px}<\/style><h1 class=\"elementor-heading-title elementor-size-medium\">Sistema de Afiliaci\u00f3n Transaccional\n\n<\/h1>\t\t<\/div>\n\t\t\t\t<\/div>\n\t\t\t\t<div class=\"elementor-element elementor-element-46b86ad elementor-widget elementor-widget-text-editor\" data-id=\"46b86ad\" data-element_type=\"widget\" data-widget_type=\"text-editor.default\">\n\t\t\t\t<div class=\"elementor-widget-container\">\n\t\t\t<style>\/*! elementor - v3.7.7 - 20-09-2022 *\/\n.elementor-widget-text-editor.elementor-drop-cap-view-stacked .elementor-drop-cap{background-color:#818a91;color:#fff}.elementor-widget-text-editor.elementor-drop-cap-view-framed .elementor-drop-cap{color:#818a91;border:3px solid;background-color:transparent}.elementor-widget-text-editor:not(.elementor-drop-cap-view-default) .elementor-drop-cap{margin-top:8px}.elementor-widget-text-editor:not(.elementor-drop-cap-view-default) .elementor-drop-cap-letter{width:1em;height:1em}.elementor-widget-text-editor .elementor-drop-cap{float:left;text-align:center;line-height:1;font-size:50px}.elementor-widget-text-editor .elementor-drop-cap-letter{display:inline-block}<\/style>\t\t\t\t<p>El Sistema de Afiliaci\u00f3n Transaccional (SAT) es un conjunto de procesos, procedimientos e instrumentos de orden t\u00e9cnico y administrativo, reglamentado por el Decreto 2353 del 2015, para registrar y consultar, en tiempo real, los datos de la informaci\u00f3n b\u00e1sica y complementaria de los afiliados, la afiliaci\u00f3n y sus novedades en el sistema de salud.<\/p><p>Este sistema permite a los prestadores y Entidades P\u00fablicas y Privadas responsables del recaudo, vigilancia y control del pago de los aportes al sistema de salud, la consulta de la informaci\u00f3n referente al estado de pagos de las cotizaciones, en especial, la de los empleadores respecto de sus trabajadores como cotizantes dependientes.<\/p>\t\t\t\t\t\t<\/div>\n\t\t\t\t<\/div>\n\t\t\t\t<div class=\"elementor-element elementor-element-e7b19a1 elementor-widget elementor-widget-heading\" data-id=\"e7b19a1\" data-element_type=\"widget\" data-widget_type=\"heading.default\">\n\t\t\t\t<div class=\"elementor-widget-container\">\n\t\t\t<h1 class=\"elementor-heading-title elementor-size-medium\">Mi Seguridad Social\n\n<\/h1>\t\t<\/div>\n\t\t\t\t<\/div>\n\t\t\t\t<div class=\"elementor-element elementor-element-61ea757 elementor-widget elementor-widget-text-editor\" data-id=\"61ea757\" data-element_type=\"widget\" data-widget_type=\"text-editor.default\">\n\t\t\t\t<div class=\"elementor-widget-container\">\n\t\t\t\t\t\t\t<p>Mi Seguridad Social es un portal del Ministerio de Salud y Protecci\u00f3n Social creado para que los ciudadanos puedan realizar reportes de novedades y hacer consultas en el Sistema General de Seguridad Social en Salud y en el Sistema General de Riesgos Laborales.<\/p><p><a href=\"https:\/\/miseguridadsocial.gov.co\/\">IR A MI SEGURIDAD SOCIAL<\/a><\/p>\t\t\t\t\t\t<\/div>\n\t\t\t\t<\/div>\n\t\t\t\t\t<\/div>\n\t\t<\/div>\n\t\t\t\t<div class=\"penci-ercol-33 penci-ercol-order-2 penci-sticky-sb penci-sidebarSC elementor-column elementor-col-33 elementor-top-column elementor-element elementor-element-fa4ca65\" data-id=\"fa4ca65\" data-element_type=\"column\">\n\t\t\t<div class=\"elementor-widget-wrap elementor-element-populated\">\n\t\t\t\t\t\t\t\t<div class=\"elementor-element elementor-element-1c81966 elementor-widget elementor-widget-heading\" data-id=\"1c81966\" data-element_type=\"widget\" data-widget_type=\"heading.default\">\n\t\t\t\t<div class=\"elementor-widget-container\">\n\t\t\t<h2 class=\"elementor-heading-title elementor-size-default\">ASEGURAMIENTO<\/h2>\t\t<\/div>\n\t\t\t\t<\/div>\n\t\t\t\t<div class=\"elementor-element elementor-element-d7d6e86 elementor-widget elementor-widget-bdt-slinky-vertical-menu\" data-id=\"d7d6e86\" data-element_type=\"widget\" data-widget_type=\"bdt-slinky-vertical-menu.default\">\n\t\t\t\t<div class=\"elementor-widget-container\">\n\t\t\t\t\t<div class=\"bdt-slinky-vertical-menu slinky-menu slinky-theme-default\" id=\"bdt-slinky-vertical-menu-d7d6e86\">\n\n\t\t\t\t\t\t\t\t\t<ul id=\"bdt-slinky-vertical-menu-d7d6e86\" class=\"slinky-vertical-menu\"><li class=\"bdt-menu-item\"><a href=\"https:\/\/www.dadiscartagena.gov.co\/index.php\/funciones\/\" class=\"\">Funciones<\/a><\/li><li class=\"bdt-menu-item\"><a href=\"https:\/\/www.dadiscartagena.gov.co\/index.php\/gestion-del-aseguramiento-en-salud\/\" class=\"\">Gesti\u00f3n del Aseguramiento en salud<\/a><\/li><li class=\"bdt-menu-item\"><a href=\"https:\/\/www.dadiscartagena.gov.co\/index.php\/administracion-de-bases-de-datos-del-aseguramiento\/\" class=\"\">R\u00e9gimen Subsidiado<\/a><\/li><li class=\"bdt-menu-item\"><a href=\"https:\/\/www.dadiscartagena.gov.co\/index.php\/regimen-contributivo\/\" class=\"\">R\u00e9gimen Contributivo<\/a><\/li><li class=\"bdt-menu-item\"><a href=\"https:\/\/www.dadiscartagena.gov.co\/index.php\/los-deberes-y-derechos-en-salud\/\" class=\"\">Deberes y Derechos en Salud<\/a><\/li><li class=\"bdt-menu-item\"><a href=\"https:\/\/www.dadiscartagena.gov.co\/index.php\/traslado-movilidad-y-portabilidad\/\" class=\"\">Traslado, Movilidad y Portabilidad<\/a><\/li><li class=\"bdt-menu-item\"><a href=\"https:\/\/www.dadiscartagena.gov.co\/index.php\/sistema-de-afiliacion-transaccional\/\" class=\"\">Sistema de Afiliaci\u00f3n Transaccional<\/a><\/li><li class=\"bdt-menu-item\"><a href=\"https:\/\/www.dadiscartagena.gov.co\/index.php\/afiliacion-y-novedades\/\" class=\"\">Afiliaci\u00f3n y novedades<\/a><\/li><li class=\"bdt-menu-item\"><a href=\"https:\/\/www.dadiscartagena.gov.co\/index.php\/efectos-de-la-mora-en-el-pago-de-las-cotizaciones-al-sgsss-y-garantia-de-la-atencion-en-salud\/\" class=\"\">Efectos de la mora en el pago de las cotizaciones al SGSSS y garant\u00eda de la atenci\u00f3n en salud<\/a><\/li><li class=\"bdt-menu-item\"><a href=\"https:\/\/www.dadiscartagena.gov.co\/index.php\/instrumentos-para-garantizar-continuidad-del-aseguramiento-ante-los-cambios-en-la-condicion-economica-del-afiliado-2\/\" class=\"\">Instrumentos para garantizar continuidad del aseguramiento ante los cambios en la condici\u00f3n econ\u00f3mica del Afiliado<\/a><\/li><li class=\"bdt-menu-item\"><a href=\"https:\/\/www.dadiscartagena.gov.co\/index.php\/prestaciones-economicas\/\" class=\"\">Prestaciones Econ\u00f3micas<\/a><\/li><\/ul>\n\t\t\t\n\t\t<\/div>\n\t\t\t<\/div>\n\t\t\t\t<\/div>\n\t\t\t\t\t<\/div>\n\t\t<\/div>\n\t\t\t\t\t\t\t<\/div>\n\t\t<\/section>\n\t\t\t\t\t\t\t<\/div>\n\t\t","protected":false},"excerpt":{"rendered":"<p>Sistema de Afiliaci\u00f3n Transaccional El Sistema de Afiliaci\u00f3n Transaccional (SAT) es un conjunto de procesos, procedimientos e instrumentos de orden t\u00e9cnico y administrativo, reglamentado por el Decreto 2353 del 2015,&hellip;<\/p>\n","protected":false},"author":1,"featured_media":0,"parent":0,"menu_order":0,"comment_status":"closed","ping_status":"closed","template":"elementor_header_footer","meta":[],"_links":{"self":[{"href":"https:\/\/www.dadiscartagena.gov.co\/index.php\/wp-json\/wp\/v2\/pages\/17479"}],"collection":[{"href":"https:\/\/www.dadiscartagena.gov.co\/index.php\/wp-json\/wp\/v2\/pages"}],"about":[{"href":"https:\/\/www.dadiscartagena.gov.co\/index.php\/wp-json\/wp\/v2\/types\/page"}],"author":[{"embeddable":true,"href":"https:\/\/www.dadiscartagena.gov.co\/index.php\/wp-json\/wp\/v2\/users\/1"}],"replies":[{"embeddable":true,"href":"https:\/\/www.dadiscartagena.gov.co\/index.php\/wp-json\/wp\/v2\/comments?post=17479"}],"version-history":[{"count":34,"href":"https:\/\/www.dadiscartagena.gov.co\/index.php\/wp-json\/wp\/v2\/pages\/17479\/revisions"}],"predecessor-version":[{"id":22392,"href":"https:\/\/www.dadiscartagena.gov.co\/index.php\/wp-json\/wp\/v2\/pages\/17479\/revisions\/22392"}],"wp:attachment":[{"href":"https:\/\/www.dadiscartagena.gov.co\/index.php\/wp-json\/wp\/v2\/media?parent=17479"}],"curies":[{"name":"wp","href":"https:\/\/api.w.org\/{rel}","templated":true}]}}