{"id":4330,"date":"2022-11-22T09:06:19","date_gmt":"2022-11-22T14:06:19","guid":{"rendered":"http:\/\/172.20.5.10\/?page_id=4330"},"modified":"2024-11-19T16:58:50","modified_gmt":"2024-11-19T21:58:50","slug":"gestion-del-plan-2","status":"publish","type":"page","link":"https:\/\/www.dadiscartagena.gov.co\/index.php\/gestion-del-plan-2\/","title":{"rendered":"Gesti\u00f3n del Plan"},"content":{"rendered":"\t\t<div data-elementor-type=\"wp-page\" data-elementor-id=\"4330\" class=\"elementor elementor-4330\">\n\t\t\t\t\t\t\t\t\t<section data-particle_enable=\"false\" data-particle-mobile-disabled=\"false\" class=\"penci-section penci-disSticky penci-structure-10 elementor-section elementor-top-section elementor-element elementor-element-c5a7693 elementor-section-full_width elementor-section-stretched elementor-section-height-default elementor-section-height-default\" data-id=\"c5a7693\" data-element_type=\"section\" data-settings=\"{&quot;stretch_section&quot;:&quot;section-stretched&quot;,&quot;background_background&quot;:&quot;classic&quot;}\">\n\t\t\t\t\t\t<div class=\"elementor-container elementor-column-gap-no\">\n\t\t\t\t\t<div class=\"penci-ercol-100 penci-ercol-order-1 penci-sticky-ct  elementor-column elementor-col-100 elementor-top-column elementor-element elementor-element-2198422\" data-id=\"2198422\" data-element_type=\"column\">\n\t\t\t<div class=\"elementor-widget-wrap elementor-element-populated\">\n\t\t\t\t\t\t\t\t<div class=\"elementor-element elementor-element-2b9d56a elementor-widget elementor-widget-image\" data-id=\"2b9d56a\" data-element_type=\"widget\" data-widget_type=\"image.default\">\n\t\t\t\t<div class=\"elementor-widget-container\">\n\t\t\t<style>\/*! elementor - v3.7.7 - 20-09-2022 *\/\n.elementor-widget-image{text-align:center}.elementor-widget-image a{display:inline-block}.elementor-widget-image a img[src$=\".svg\"]{width:48px}.elementor-widget-image img{vertical-align:middle;display:inline-block}<\/style>\t\t\t\t\t\t\t\t\t\t\t\t<img width=\"1024\" height=\"150\" src=\"https:\/\/www.dadiscartagena.gov.co\/wp-content\/uploads\/2022\/11\/banner_plan-de-gestion-1024x150.jpg\" class=\"attachment-large size-large\" alt=\"\" loading=\"lazy\" srcset=\"https:\/\/www.dadiscartagena.gov.co\/wp-content\/uploads\/2022\/11\/banner_plan-de-gestion-1024x150.jpg 1024w, https:\/\/www.dadiscartagena.gov.co\/wp-content\/uploads\/2022\/11\/banner_plan-de-gestion-300x44.jpg 300w, https:\/\/www.dadiscartagena.gov.co\/wp-content\/uploads\/2022\/11\/banner_plan-de-gestion-768x112.jpg 768w, https:\/\/www.dadiscartagena.gov.co\/wp-content\/uploads\/2022\/11\/banner_plan-de-gestion-1536x224.jpg 1536w, https:\/\/www.dadiscartagena.gov.co\/wp-content\/uploads\/2022\/11\/banner_plan-de-gestion-1170x171.jpg 1170w, https:\/\/www.dadiscartagena.gov.co\/wp-content\/uploads\/2022\/11\/banner_plan-de-gestion-585x85.jpg 585w, https:\/\/www.dadiscartagena.gov.co\/wp-content\/uploads\/2022\/11\/banner_plan-de-gestion.jpg 1567w\" sizes=\"(max-width: 1024px) 100vw, 1024px\" \/>\t\t\t\t\t\t\t\t\t\t\t\t\t\t\t<\/div>\n\t\t\t\t<\/div>\n\t\t\t\t\t<\/div>\n\t\t<\/div>\n\t\t\t\t\t\t\t<\/div>\n\t\t<\/section>\n\t\t\t\t<section data-particle_enable=\"false\" data-particle-mobile-disabled=\"false\" class=\"penci-section penci-enSticky penci-structure-22 elementor-section elementor-top-section elementor-element elementor-element-832030e elementor-section-boxed elementor-section-height-default elementor-section-height-default\" data-id=\"832030e\" data-element_type=\"section\">\n\t\t\t\t\t\t<div class=\"elementor-container elementor-column-gap-wide\">\n\t\t\t\t\t<div class=\"penci-ercol-66 penci-ercol-order-1 penci-sticky-ct  elementor-column elementor-col-66 elementor-top-column elementor-element elementor-element-0fa4e9a\" data-id=\"0fa4e9a\" data-element_type=\"column\">\n\t\t\t<div class=\"elementor-widget-wrap elementor-element-populated\">\n\t\t\t\t\t\t\t\t<div class=\"elementor-element elementor-element-6777566 elementor-widget elementor-widget-image\" data-id=\"6777566\" data-element_type=\"widget\" data-widget_type=\"image.default\">\n\t\t\t\t<div class=\"elementor-widget-container\">\n\t\t\t\t\t\t\t\t\t\t\t\t\t\t\t<img width=\"1024\" height=\"488\" src=\"https:\/\/www.dadiscartagena.gov.co\/wp-content\/uploads\/2022\/11\/gestiondelplan-1024x488.jpg\" class=\"attachment-large size-large\" alt=\"\" loading=\"lazy\" srcset=\"https:\/\/www.dadiscartagena.gov.co\/wp-content\/uploads\/2022\/11\/gestiondelplan-1024x488.jpg 1024w, https:\/\/www.dadiscartagena.gov.co\/wp-content\/uploads\/2022\/11\/gestiondelplan-300x143.jpg 300w, https:\/\/www.dadiscartagena.gov.co\/wp-content\/uploads\/2022\/11\/gestiondelplan-768x366.jpg 768w, https:\/\/www.dadiscartagena.gov.co\/wp-content\/uploads\/2022\/11\/gestiondelplan-1170x558.jpg 1170w, https:\/\/www.dadiscartagena.gov.co\/wp-content\/uploads\/2022\/11\/gestiondelplan-585x279.jpg 585w, https:\/\/www.dadiscartagena.gov.co\/wp-content\/uploads\/2022\/11\/gestiondelplan.jpg 1280w\" sizes=\"(max-width: 1024px) 100vw, 1024px\" \/>\t\t\t\t\t\t\t\t\t\t\t\t\t\t\t<\/div>\n\t\t\t\t<\/div>\n\t\t\t\t<div class=\"elementor-element elementor-element-ecad808 elementor-widget elementor-widget-text-editor\" data-id=\"ecad808\" data-element_type=\"widget\" data-widget_type=\"text-editor.default\">\n\t\t\t\t<div class=\"elementor-widget-container\">\n\t\t\t<style>\/*! elementor - v3.7.7 - 20-09-2022 *\/\n.elementor-widget-text-editor.elementor-drop-cap-view-stacked .elementor-drop-cap{background-color:#818a91;color:#fff}.elementor-widget-text-editor.elementor-drop-cap-view-framed .elementor-drop-cap{color:#818a91;border:3px solid;background-color:transparent}.elementor-widget-text-editor:not(.elementor-drop-cap-view-default) .elementor-drop-cap{margin-top:8px}.elementor-widget-text-editor:not(.elementor-drop-cap-view-default) .elementor-drop-cap-letter{width:1em;height:1em}.elementor-widget-text-editor .elementor-drop-cap{float:left;text-align:center;line-height:1;font-size:50px}.elementor-widget-text-editor .elementor-drop-cap-letter{display:inline-block}<\/style>\t\t\t\t<p>La gesti\u00f3n integral se apoya en un conjunto de procesos, estrategias, procedimientos, intervenciones, actividades y habilidades gerenciales, t\u00e9cnicas, operativas, log\u00edsticas, de informaci\u00f3n y comunicaci\u00f3n enmarcadas en los principios de calidad. Articula procesos de planeaci\u00f3n, seguimiento y evaluaci\u00f3n de las competencias de salud p\u00fablica individuales y colectivas y los mecanismos de control de la gesti\u00f3n con calidad y el seguimiento para el logro de las metas.<\/p>\t\t\t\t\t\t<\/div>\n\t\t\t\t<\/div>\n\t\t\t\t<div class=\"elementor-element elementor-element-0d49c44 elementor-widget elementor-widget-heading\" data-id=\"0d49c44\" data-element_type=\"widget\" data-widget_type=\"heading.default\">\n\t\t\t\t<div class=\"elementor-widget-container\">\n\t\t\t<style>\/*! elementor - v3.7.7 - 20-09-2022 *\/\n.elementor-heading-title{padding:0;margin:0;line-height:1}.elementor-widget-heading .elementor-heading-title[class*=elementor-size-]>a{color:inherit;font-size:inherit;line-height:inherit}.elementor-widget-heading .elementor-heading-title.elementor-size-small{font-size:15px}.elementor-widget-heading .elementor-heading-title.elementor-size-medium{font-size:19px}.elementor-widget-heading .elementor-heading-title.elementor-size-large{font-size:29px}.elementor-widget-heading .elementor-heading-title.elementor-size-xl{font-size:39px}.elementor-widget-heading .elementor-heading-title.elementor-size-xxl{font-size:59px}<\/style><h2 class=\"elementor-heading-title elementor-size-default\">Objetivo General<\/h2>\t\t<\/div>\n\t\t\t\t<\/div>\n\t\t\t\t<div class=\"elementor-element elementor-element-56620d9 elementor-widget elementor-widget-text-editor\" data-id=\"56620d9\" data-element_type=\"widget\" data-widget_type=\"text-editor.default\">\n\t\t\t\t<div class=\"elementor-widget-container\">\n\t\t\t\t\t\t\t<p>Disminuir la morbimortalidad en la poblaci\u00f3n garantizando la gesti\u00f3n administrativa de los recursos necesarios para la ejecuci\u00f3n completa y oportuna del Plan de intervenciones colectivas.<\/p>\t\t\t\t\t\t<\/div>\n\t\t\t\t<\/div>\n\t\t\t\t<div class=\"elementor-element elementor-element-28ca682 elementor-widget elementor-widget-heading\" data-id=\"28ca682\" data-element_type=\"widget\" data-widget_type=\"heading.default\">\n\t\t\t\t<div class=\"elementor-widget-container\">\n\t\t\t<h2 class=\"elementor-heading-title elementor-size-default\">Objetivos Espec\u00edficos<\/h2>\t\t<\/div>\n\t\t\t\t<\/div>\n\t\t\t\t<div class=\"elementor-element elementor-element-dded634 elementor-widget elementor-widget-text-editor\" data-id=\"dded634\" data-element_type=\"widget\" data-widget_type=\"text-editor.default\">\n\t\t\t\t<div class=\"elementor-widget-container\">\n\t\t\t\t\t\t\t<p>\u2022 Adoptar, adaptar y desarrollar las pol\u00edticas y competencias en salud, desarrollo de servicios, asistencia t\u00e9cnica, seguimiento, evaluaci\u00f3n y control.<\/p><p>\u2022 Gestionar la oportunidad de la incorporaci\u00f3n de los recursos, proceso de contrataci\u00f3n, bienes y servicios necesarios para el cumplimiento de las metas contempladas en el POA.<\/p><p>\u2022 Recopilar, verificar y reportar las acciones de Detecci\u00f3n Temprana, Protecci\u00f3n Espec\u00edfica de la poblaci\u00f3n no afiliada al Sistema General de Seguridad Social en Salud-SGSSS<\/p>\t\t\t\t\t\t<\/div>\n\t\t\t\t<\/div>\n\t\t\t\t<div class=\"elementor-element elementor-element-a77aa9d elementor-widget elementor-widget-bdt-accordion\" data-id=\"a77aa9d\" data-element_type=\"widget\" data-widget_type=\"bdt-accordion.default\">\n\t\t\t\t<div class=\"elementor-widget-container\">\n\t\t\t        <div class=\"bdt-ep-accordion-container\">\r\n            <div id=\"bdt-ep-accordion-a77aa9d\" class=\"bdt-ep-accordion bdt-accordion\" data-bdt-accordion=\"{&quot;collapsible&quot;:true,&quot;multiple&quot;:false,&quot;transition&quot;:&quot;ease-in-out&quot;}\" data-settings=\"{&quot;id&quot;:&quot;bdt-ep-accordion-a77aa9d&quot;,&quot;activeHash&quot;:&quot;no&quot;,&quot;activeScrollspy&quot;:null,&quot;hashTopOffset&quot;:false,&quot;hashScrollspyTime&quot;:false}\">\r\n                                    <div class=\"bdt-ep-accordion-item\">\r\n                        <div class=\"bdt-ep-accordion-title bdt-accordion-title bdt-flex bdt-flex-middle bdt-flex-between\" id=\"bdt-ep-accordion-estrategias\" data-accordion-index=\"0\" data-title=\"estrategias\" role=\"heading\">\r\n\r\n                                                            <span class=\"bdt-ep-accordion-icon bdt-flex-align-right\" aria-hidden=\"true\">\r\n\r\n                                                                            <span class=\"bdt-ep-accordion-icon-closed\">\r\n                                            <i aria-hidden=\"true\" class=\"fa-fw fas fa-plus\"><\/i>                                        <\/span>\r\n                                    \r\n                                                                            <span class=\"bdt-ep-accordion-icon-opened\">\r\n                                            <i aria-hidden=\"true\" class=\"fa-fw fas fa-minus\"><\/i>                                        <\/span>\r\n                                    \r\n                                <\/span>\r\n                            \r\n                            <span class=\"bdt-ep-title-text bdt-flex bdt-flex-middle\">\r\n\r\n                                                                ESTRATEGIAS                            <\/span>\r\n\r\n                        <\/div>\r\n                        <div class=\"bdt-ep-accordion-content bdt-accordion-content\">\r\n                            <ul><li>Gestionar la oportunidad de la incorporaci\u00f3n de los recursos, proceso de contrataci\u00f3n, bienes y servicios necesarios para el cumplimiento de las metas contempladas en el POA.<\/li><li>\u00a0Vigilancia y control de la implementaci\u00f3n de gu\u00edas y normas de atenci\u00f3n en IPS p\u00fablicas y privadas, EPS subsidiadas y contributivas.<\/li><li>Fortalecimiento de los programas de la Direcci\u00f3n Operativa de Salud P\u00fablica.<\/li><li>Acciones de prevenci\u00f3n y Promoci\u00f3n encaminadas a grupos vulnerables.<\/li><li>Fortalecimiento de estrategias de educaci\u00f3n, informaci\u00f3n, comunicaci\u00f3n y movilizaci\u00f3n social con enfoque etno-cultural para la promoci\u00f3n de la salud de la poblaci\u00f3n en general.<\/li><li>Fortalecer la coordinaci\u00f3n intersectorial e interinstitucional.<\/li><li>Recolectar y consolidar el registro por persona de las actividades de Protecci\u00f3n Espec\u00edfica, Detecci\u00f3n Temprana y la aplicaci\u00f3n de las Gu\u00edas de Atenci\u00f3n Integral para las enfermedades de inter\u00e9s en salud p\u00fablica de obligatorio cumplimiento, remitidas por las Instituciones Prestadoras de Servicios de Salud (IPS), de su red de servicios.<\/li><li>Reportar al Ministerio de Salud y de Protecci\u00f3n Social, el registro por persona de las actividades de Protecci\u00f3n Espec\u00edfica, Detecci\u00f3n Temprana y la aplicaci\u00f3n de las Gu\u00edas de Atenci\u00f3n Integral de las enfermedades de inter\u00e9s en salud p\u00fablica de obligatorio cumplimiento, seg\u00fan el Anexo T\u00e9cnico, que hace parte integral de esta Resoluci\u00f3n.<\/li><li>Realizar la asistencia t\u00e9cnica, capacitaci\u00f3n, monitoreo y retroalimentaci\u00f3n de las Empresas Administradoras de Planes de Beneficios (EAPB) incluidas las de r\u00e9gimen de excepci\u00f3n de salud e Instituciones Prestadoras de Servicios de Salud (IPS), que tienen a su cargo la atenci\u00f3n de personas que no se encuentran afiliadas al Sistema General de Seguridad Social en Salud, seg\u00fan corresponda a su competencia.<\/li><\/ul>                        <\/div>\r\n                    <\/div>\r\n                            <\/div>\r\n        <\/div>\r\n    \t\t<\/div>\n\t\t\t\t<\/div>\n\t\t\t\t<div class=\"elementor-element elementor-element-c93d26a elementor-widget elementor-widget-bdt-accordion\" data-id=\"c93d26a\" data-element_type=\"widget\" data-widget_type=\"bdt-accordion.default\">\n\t\t\t\t<div class=\"elementor-widget-container\">\n\t\t\t        <div class=\"bdt-ep-accordion-container\">\r\n            <div id=\"bdt-ep-accordion-c93d26a\" class=\"bdt-ep-accordion bdt-accordion\" data-bdt-accordion=\"{&quot;collapsible&quot;:true,&quot;multiple&quot;:false,&quot;transition&quot;:&quot;ease-in-out&quot;}\" data-settings=\"{&quot;id&quot;:&quot;bdt-ep-accordion-c93d26a&quot;,&quot;activeHash&quot;:&quot;no&quot;,&quot;activeScrollspy&quot;:null,&quot;hashTopOffset&quot;:false,&quot;hashScrollspyTime&quot;:false}\">\r\n                                    <div class=\"bdt-ep-accordion-item\">\r\n                        <div class=\"bdt-ep-accordion-title bdt-accordion-title bdt-flex bdt-flex-middle bdt-flex-between\" id=\"bdt-ep-accordion-informes-de-resultados-del-monitoreo-y-evaluacin-del-gsp-pspic\" data-accordion-index=\"0\" data-title=\"informes-de-resultados-del-monitoreo-y-evaluaci-n-del-gsp-pspic\" role=\"heading\">\r\n\r\n                                                            <span class=\"bdt-ep-accordion-icon bdt-flex-align-right\" aria-hidden=\"true\">\r\n\r\n                                                                            <span class=\"bdt-ep-accordion-icon-closed\">\r\n                                            <i aria-hidden=\"true\" class=\"fa-fw fas fa-plus\"><\/i>                                        <\/span>\r\n                                    \r\n                                                                            <span class=\"bdt-ep-accordion-icon-opened\">\r\n                                            <i aria-hidden=\"true\" class=\"fa-fw fas fa-minus\"><\/i>                                        <\/span>\r\n                                    \r\n                                <\/span>\r\n                            \r\n                            <span class=\"bdt-ep-title-text bdt-flex bdt-flex-middle\">\r\n\r\n                                                                INFORMES DE RESULTADOS DEL MONITOREO Y EVALUACI\u00d3N DEL GSP - PSPIC                            <\/span>\r\n\r\n                        <\/div>\r\n                        <div class=\"bdt-ep-accordion-content bdt-accordion-content\">\r\n                            <ul><li><a href=\"https:\/\/www.dadiscartagena.gov.co\/wp-content\/uploads\/2024\/11\/INFORME_PIC_2023.pdf\">2023<\/a><\/li><\/ul>                        <\/div>\r\n                    <\/div>\r\n                            <\/div>\r\n        <\/div>\r\n    \t\t<\/div>\n\t\t\t\t<\/div>\n\t\t\t\t\t<\/div>\n\t\t<\/div>\n\t\t\t\t<div class=\"penci-ercol-33 penci-ercol-order-2 penci-sticky-sb penci-sidebarSC elementor-column elementor-col-33 elementor-top-column elementor-element elementor-element-3fa53cf\" data-id=\"3fa53cf\" data-element_type=\"column\">\n\t\t\t<div class=\"elementor-widget-wrap elementor-element-populated\">\n\t\t\t\t\t\t\t\t<div class=\"elementor-element elementor-element-502041e elementor-widget elementor-widget-heading\" data-id=\"502041e\" data-element_type=\"widget\" data-widget_type=\"heading.default\">\n\t\t\t\t<div class=\"elementor-widget-container\">\n\t\t\t<h2 class=\"elementor-heading-title elementor-size-default\">PROGRAMAS EN SALUD P\u00daBLICA<\/h2>\t\t<\/div>\n\t\t\t\t<\/div>\n\t\t\t\t<div class=\"elementor-element elementor-element-9add3a5 elementor-widget elementor-widget-bdt-slinky-vertical-menu\" data-id=\"9add3a5\" data-element_type=\"widget\" data-widget_type=\"bdt-slinky-vertical-menu.default\">\n\t\t\t\t<div class=\"elementor-widget-container\">\n\t\t\t\t\t<div class=\"bdt-slinky-vertical-menu slinky-menu slinky-theme-default\" id=\"bdt-slinky-vertical-menu-9add3a5\">\n\n\t\t\t\t\t\t\t\t\t<ul id=\"bdt-slinky-vertical-menu-9add3a5\" class=\"slinky-vertical-menu\"><li class=\"bdt-menu-item\"><a href=\"https:\/\/www.dadiscartagena.gov.co\/index.php\/vigilancia-en-salud-publica\/\" class=\"\">Vigilancia en Salud P\u00fablica<\/a><\/li><li class=\"bdt-menu-item\"><a href=\"https:\/\/www.dadiscartagena.gov.co\/index.php\/pai\/\" class=\"\">PAI<\/a><\/li><li class=\"bdt-menu-item\"><a href=\"https:\/\/www.dadiscartagena.gov.co\/index.php\/salud-mental\/\" class=\"\">Salud Mental<\/a><\/li><li class=\"bdt-menu-item\"><a href=\"https:\/\/www.dadiscartagena.gov.co\/index.php\/tuberculosis-y-lepra-2\/\" class=\"\">Tuberculosis y Lepra<\/a><\/li><li class=\"bdt-menu-item\"><a href=\"https:\/\/www.dadiscartagena.gov.co\/index.php\/salud-sexual\/\" class=\"\">Salud Sexual<\/a><\/li><li class=\"bdt-menu-item\"><a href=\"https:\/\/www.dadiscartagena.gov.co\/index.php\/salud-infantil-2\/\" class=\"\">Salud Infantil<\/a><\/li><li class=\"bdt-menu-item\"><a href=\"https:\/\/www.dadiscartagena.gov.co\/index.php\/salud-ambiental\/\" class=\"\">Salud Ambiental<\/a><\/li><li class=\"bdt-menu-item\"><a href=\"https:\/\/www.dadiscartagena.gov.co\/index.php\/gestion-del-plan-2\/\" class=\"\">Gesti\u00f3n del Plan<\/a><\/li><li class=\"bdt-menu-item\"><a href=\"https:\/\/www.dadiscartagena.gov.co\/index.php\/cartagena-saludable\/\" class=\"\">Cartagena Saludable<\/a><\/li><li class=\"bdt-menu-item\"><a href=\"https:\/\/www.dadiscartagena.gov.co\/index.php\/vigilancia-y-control-de-alimentos-y-medicamentos\/\" class=\"\">Vigilancia y Control de Alimentos y Medicamentos<\/a><\/li><li class=\"bdt-menu-item\"><a href=\"https:\/\/www.dadiscartagena.gov.co\/index.php\/alimentacion-y-nutricion\/\" class=\"\">Alimentaci\u00f3n y Nutrici\u00f3n<\/a><\/li><\/ul>\n\t\t\t\n\t\t<\/div>\n\t\t\t<\/div>\n\t\t\t\t<\/div>\n\t\t\t\t<div class=\"elementor-element elementor-element-4ec9f39 bdt-navigation-type-progressbar bdt-ep-custom-carousel-style-carousel elementor-widget elementor-widget-bdt-custom-carousel\" data-id=\"4ec9f39\" data-element_type=\"widget\" data-widget_type=\"bdt-custom-carousel.default\">\n\t\t\t\t<div class=\"elementor-widget-container\">\n\t\t\t\t\t<div id=\"bdt-ep-custom-carousel-4ec9f39\" class=\"bdt-ep-custom-carousel elementor-swiper bdt-skin-default\" data-bdt-lightbox=\"toggle: .bdt-ep-custom-carousel-lightbox-item; animation: slide;\" data-settings=\"{&quot;autoplay&quot;:{&quot;delay&quot;:5000},&quot;loop&quot;:true,&quot;speed&quot;:500,&quot;slidesPerView&quot;:1,&quot;spaceBetween&quot;:17,&quot;effect&quot;:&quot;carousel&quot;,&quot;slidesPerGroup&quot;:1,&quot;breakpoints&quot;:{&quot;767&quot;:{&quot;slidesPerView&quot;:2,&quot;spaceBetween&quot;:17,&quot;slidesPerGroup&quot;:1},&quot;1023&quot;:{&quot;slidesPerView&quot;:1,&quot;spaceBetween&quot;:17,&quot;slidesPerGroup&quot;:1}},&quot;navigation&quot;:{&quot;nextEl&quot;:&quot;#bdt-ep-custom-carousel-4ec9f39 .bdt-navigation-next&quot;,&quot;prevEl&quot;:&quot;#bdt-ep-custom-carousel-4ec9f39 .bdt-navigation-prev&quot;},&quot;pagination&quot;:{&quot;el&quot;:&quot;#bdt-ep-custom-carousel-4ec9f39 .swiper-pagination&quot;,&quot;type&quot;:&quot;progressbar&quot;,&quot;clickable&quot;:&quot;true&quot;,&quot;dynamicBullets&quot;:false},&quot;scrollbar&quot;:{&quot;el&quot;:&quot;#bdt-ep-custom-carousel-4ec9f39 .swiper-scrollbar&quot;,&quot;hide&quot;:&quot;true&quot;},&quot;coverflowEffect&quot;:{&quot;rotate&quot;:50,&quot;stretch&quot;:0,&quot;depth&quot;:100,&quot;modifier&quot;:1,&quot;slideShadows&quot;:true}}\">\n\t\t\t<div class=\"swiper-container\">\n\t\t\t\t<div class=\"swiper-wrapper\">\n\t\t\t\t\t\t\t<div class=\"swiper-slide bdt-ep-custom-carousel-item bdt-transition-toggle\">\n\t\t\t\t\t\t<div class=\"bdt-ep-custom-carousel-thumbnail bdt-image-mask\" style=\"background-image: url(https:\/\/www.dadiscartagena.gov.co\/wp-content\/uploads\/2022\/12\/sin_polvora5-300x300.jpg)\"><\/div>\n\n\t\t\n\t\t\t\t<\/div>\n\t\t\t<div class=\"swiper-slide bdt-ep-custom-carousel-item bdt-transition-toggle\">\n\t\t\t\t\t\t<div class=\"bdt-ep-custom-carousel-thumbnail bdt-image-mask\" style=\"background-image: url(https:\/\/www.dadiscartagena.gov.co\/wp-content\/uploads\/2022\/12\/sin_polvora1-300x300.jpg)\"><\/div>\n\n\t\t\n\t\t\t\t<\/div>\n\t\t\t<div class=\"swiper-slide bdt-ep-custom-carousel-item bdt-transition-toggle\">\n\t\t\t\t\t\t<div class=\"bdt-ep-custom-carousel-thumbnail bdt-image-mask\" style=\"background-image: url(https:\/\/www.dadiscartagena.gov.co\/wp-content\/uploads\/2022\/12\/sin_polvora3-300x300.jpg)\"><\/div>\n\n\t\t\n\t\t\t\t<\/div>\n\t\t\t<div class=\"swiper-slide bdt-ep-custom-carousel-item bdt-transition-toggle\">\n\t\t\t\t\t\t<div class=\"bdt-ep-custom-carousel-thumbnail bdt-image-mask\" style=\"background-image: url(https:\/\/www.dadiscartagena.gov.co\/wp-content\/uploads\/2022\/12\/sin_polvora2-300x300.jpg)\"><\/div>\n\n\t\t\n\t\t\t\t<\/div>\n\t\t\t<div class=\"swiper-slide bdt-ep-custom-carousel-item bdt-transition-toggle\">\n\t\t\t\t\t\t<div class=\"bdt-ep-custom-carousel-thumbnail bdt-image-mask\" style=\"background-image: url(https:\/\/www.dadiscartagena.gov.co\/wp-content\/uploads\/2022\/12\/sin_polvora4-300x300.jpg)\"><\/div>\n\n\t\t\n\t\t\t\t<\/div>\n\t\t\t\t<\/div>\n\n\t\t\t\t\t\t\t\t\t<div class=\"swiper-scrollbar\"><\/div>\n\t\t\t\t\n\t\t\t<\/div>\n\n\t\t\t\n\t\t\t\t\t\t\t\t\t\t\t\t<div class=\"swiper-pagination bdt-position-z-index bdt-position-bottom\"><\/div>\r\n\t\t\t\t\t\t\t\t\t\t\t\n\t\t\t\n\t\t<\/div>\n\t\t\t\t<\/div>\n\t\t\t\t<\/div>\n\t\t\t\t\t<\/div>\n\t\t<\/div>\n\t\t\t\t\t\t\t<\/div>\n\t\t<\/section>\n\t\t\t\t\t\t\t<\/div>\n\t\t","protected":false},"excerpt":{"rendered":"<p>La gesti\u00f3n integral se apoya en un conjunto de procesos, estrategias, procedimientos, intervenciones, actividades y habilidades gerenciales, t\u00e9cnicas, operativas, log\u00edsticas, de informaci\u00f3n y comunicaci\u00f3n enmarcadas en los principios de calidad.&hellip;<\/p>\n","protected":false},"author":1,"featured_media":0,"parent":0,"menu_order":0,"comment_status":"closed","ping_status":"closed","template":"","meta":[],"_links":{"self":[{"href":"https:\/\/www.dadiscartagena.gov.co\/index.php\/wp-json\/wp\/v2\/pages\/4330"}],"collection":[{"href":"https:\/\/www.dadiscartagena.gov.co\/index.php\/wp-json\/wp\/v2\/pages"}],"about":[{"href":"https:\/\/www.dadiscartagena.gov.co\/index.php\/wp-json\/wp\/v2\/types\/page"}],"author":[{"embeddable":true,"href":"https:\/\/www.dadiscartagena.gov.co\/index.php\/wp-json\/wp\/v2\/users\/1"}],"replies":[{"embeddable":true,"href":"https:\/\/www.dadiscartagena.gov.co\/index.php\/wp-json\/wp\/v2\/comments?post=4330"}],"version-history":[{"count":59,"href":"https:\/\/www.dadiscartagena.gov.co\/index.php\/wp-json\/wp\/v2\/pages\/4330\/revisions"}],"predecessor-version":[{"id":25495,"href":"https:\/\/www.dadiscartagena.gov.co\/index.php\/wp-json\/wp\/v2\/pages\/4330\/revisions\/25495"}],"wp:attachment":[{"href":"https:\/\/www.dadiscartagena.gov.co\/index.php\/wp-json\/wp\/v2\/media?parent=4330"}],"curies":[{"name":"wp","href":"https:\/\/api.w.org\/{rel}","templated":true}]}}