{"id":4399,"date":"2022-11-22T11:43:45","date_gmt":"2022-11-22T16:43:45","guid":{"rendered":"http:\/\/172.20.5.10\/?page_id=4399"},"modified":"2022-11-22T11:49:24","modified_gmt":"2022-11-22T16:49:24","slug":"alimentacion-y-nutricion","status":"publish","type":"page","link":"https:\/\/www.dadiscartagena.gov.co\/index.php\/alimentacion-y-nutricion\/","title":{"rendered":"Alimentaci\u00f3n y Nutrici\u00f3n"},"content":{"rendered":"\t\t<div data-elementor-type=\"wp-page\" data-elementor-id=\"4399\" class=\"elementor elementor-4399\">\n\t\t\t\t\t\t\t\t\t<section data-particle_enable=\"false\" data-particle-mobile-disabled=\"false\" class=\"penci-section penci-disSticky penci-structure-10 elementor-section elementor-top-section elementor-element elementor-element-c5a7693 elementor-section-full_width elementor-section-stretched elementor-section-height-default elementor-section-height-default\" data-id=\"c5a7693\" data-element_type=\"section\" data-settings=\"{&quot;stretch_section&quot;:&quot;section-stretched&quot;,&quot;background_background&quot;:&quot;classic&quot;}\">\n\t\t\t\t\t\t<div class=\"elementor-container elementor-column-gap-no\">\n\t\t\t\t\t<div class=\"penci-ercol-100 penci-ercol-order-1 penci-sticky-ct  elementor-column elementor-col-100 elementor-top-column elementor-element elementor-element-2198422\" data-id=\"2198422\" data-element_type=\"column\">\n\t\t\t<div class=\"elementor-widget-wrap elementor-element-populated\">\n\t\t\t\t\t\t\t\t<div class=\"elementor-element elementor-element-2b9d56a elementor-widget elementor-widget-image\" data-id=\"2b9d56a\" data-element_type=\"widget\" data-widget_type=\"image.default\">\n\t\t\t\t<div class=\"elementor-widget-container\">\n\t\t\t<style>\/*! elementor - v3.7.7 - 20-09-2022 *\/\n.elementor-widget-image{text-align:center}.elementor-widget-image a{display:inline-block}.elementor-widget-image a img[src$=\".svg\"]{width:48px}.elementor-widget-image img{vertical-align:middle;display:inline-block}<\/style>\t\t\t\t\t\t\t\t\t\t\t\t<img width=\"1024\" height=\"150\" src=\"https:\/\/www.dadiscartagena.gov.co\/wp-content\/uploads\/2022\/11\/banner_alimentacion-1024x150.jpg\" class=\"attachment-large size-large\" alt=\"\" loading=\"lazy\" srcset=\"https:\/\/www.dadiscartagena.gov.co\/wp-content\/uploads\/2022\/11\/banner_alimentacion-1024x150.jpg 1024w, https:\/\/www.dadiscartagena.gov.co\/wp-content\/uploads\/2022\/11\/banner_alimentacion-300x44.jpg 300w, https:\/\/www.dadiscartagena.gov.co\/wp-content\/uploads\/2022\/11\/banner_alimentacion-768x112.jpg 768w, https:\/\/www.dadiscartagena.gov.co\/wp-content\/uploads\/2022\/11\/banner_alimentacion-1536x224.jpg 1536w, https:\/\/www.dadiscartagena.gov.co\/wp-content\/uploads\/2022\/11\/banner_alimentacion-1170x171.jpg 1170w, https:\/\/www.dadiscartagena.gov.co\/wp-content\/uploads\/2022\/11\/banner_alimentacion-585x85.jpg 585w, https:\/\/www.dadiscartagena.gov.co\/wp-content\/uploads\/2022\/11\/banner_alimentacion.jpg 1567w\" sizes=\"(max-width: 1024px) 100vw, 1024px\" \/>\t\t\t\t\t\t\t\t\t\t\t\t\t\t\t<\/div>\n\t\t\t\t<\/div>\n\t\t\t\t\t<\/div>\n\t\t<\/div>\n\t\t\t\t\t\t\t<\/div>\n\t\t<\/section>\n\t\t\t\t<section data-particle_enable=\"false\" data-particle-mobile-disabled=\"false\" class=\"penci-section penci-enSticky penci-structure-22 elementor-section elementor-top-section elementor-element elementor-element-832030e elementor-section-boxed elementor-section-height-default elementor-section-height-default\" data-id=\"832030e\" data-element_type=\"section\">\n\t\t\t\t\t\t<div class=\"elementor-container elementor-column-gap-wide\">\n\t\t\t\t\t<div class=\"penci-ercol-66 penci-ercol-order-1 penci-sticky-ct  elementor-column elementor-col-66 elementor-top-column elementor-element elementor-element-0fa4e9a\" data-id=\"0fa4e9a\" data-element_type=\"column\">\n\t\t\t<div class=\"elementor-widget-wrap elementor-element-populated\">\n\t\t\t\t\t\t\t\t<div class=\"elementor-element elementor-element-6777566 elementor-widget elementor-widget-image\" data-id=\"6777566\" data-element_type=\"widget\" data-widget_type=\"image.default\">\n\t\t\t\t<div class=\"elementor-widget-container\">\n\t\t\t\t\t\t\t\t\t\t\t\t\t\t\t<img width=\"1024\" height=\"488\" src=\"https:\/\/www.dadiscartagena.gov.co\/wp-content\/uploads\/2022\/11\/alimentacionynutricion-1024x488.jpg\" class=\"attachment-large size-large\" alt=\"\" loading=\"lazy\" srcset=\"https:\/\/www.dadiscartagena.gov.co\/wp-content\/uploads\/2022\/11\/alimentacionynutricion-1024x488.jpg 1024w, https:\/\/www.dadiscartagena.gov.co\/wp-content\/uploads\/2022\/11\/alimentacionynutricion-300x143.jpg 300w, https:\/\/www.dadiscartagena.gov.co\/wp-content\/uploads\/2022\/11\/alimentacionynutricion-768x366.jpg 768w, https:\/\/www.dadiscartagena.gov.co\/wp-content\/uploads\/2022\/11\/alimentacionynutricion-1170x558.jpg 1170w, https:\/\/www.dadiscartagena.gov.co\/wp-content\/uploads\/2022\/11\/alimentacionynutricion-585x279.jpg 585w, https:\/\/www.dadiscartagena.gov.co\/wp-content\/uploads\/2022\/11\/alimentacionynutricion.jpg 1280w\" sizes=\"(max-width: 1024px) 100vw, 1024px\" \/>\t\t\t\t\t\t\t\t\t\t\t\t\t\t\t<\/div>\n\t\t\t\t<\/div>\n\t\t\t\t<div class=\"elementor-element elementor-element-1018372 elementor-widget elementor-widget-text-editor\" data-id=\"1018372\" data-element_type=\"widget\" data-widget_type=\"text-editor.default\">\n\t\t\t\t<div class=\"elementor-widget-container\">\n\t\t\t<style>\/*! elementor - v3.7.7 - 20-09-2022 *\/\n.elementor-widget-text-editor.elementor-drop-cap-view-stacked .elementor-drop-cap{background-color:#818a91;color:#fff}.elementor-widget-text-editor.elementor-drop-cap-view-framed .elementor-drop-cap{color:#818a91;border:3px solid;background-color:transparent}.elementor-widget-text-editor:not(.elementor-drop-cap-view-default) .elementor-drop-cap{margin-top:8px}.elementor-widget-text-editor:not(.elementor-drop-cap-view-default) .elementor-drop-cap-letter{width:1em;height:1em}.elementor-widget-text-editor .elementor-drop-cap{float:left;text-align:center;line-height:1;font-size:50px}.elementor-widget-text-editor .elementor-drop-cap-letter{display:inline-block}<\/style>\t\t\t\t<p>Estrategia de desarrollo institucional de los servicios de atenci\u00f3n materna e infantil con enfoque de derechos en el marco del Sistema Obligatorio de Garant\u00eda de la Calidad de los Servicios de Salud.<br \/>Los pilares de la estrategia IAMI son tres: en primer lugar, la integraci\u00f3n de servicios y programas a trav\u00e9s de la implementaci\u00f3n de intervenciones combinadas reconocidas como eficaces, seguras y de costo que es posible enfrentar (planificaci\u00f3n familiar, servicios amigables de salud sexual y reproductiva para adolescentes y j\u00f3venes, prevenci\u00f3n de la infecci\u00f3n por VIH-Sida, atenci\u00f3n prenatal eficaz y oportuna, fomento y preparaci\u00f3n para la lactancia materna, atenci\u00f3n del parto con calidad y calidez, vacunaci\u00f3n, registro civil al nacimiento, crecimiento y desarrollo sistem\u00e1tico y din\u00e1mico, entornos protectores y espacios amigables, entre otros), en segundo lugar, la continuidad de la atenci\u00f3n que se brinda en el hospital con los cuidados que se siguen en el hogar y en la comunidad a trav\u00e9s de la coherencia de enfoques y acciones brindadas al interior de las instituciones prestadoras de salud, IPS, y al exterior de las mismas estableciendo mecanismos institucionales y grupos de apoyo de base comunitaria, que sirvan de puente entre las IPS y los hogares y comunidades y faciliten la promoci\u00f3n, el mantenimiento y la recuperaci\u00f3n de la salud, y finalmente, la \u00f3ptima calidad de la atenci\u00f3n dentro del marco de la Calidad de los Servicios de Salud. Es todo esto lo que constituye el plus de la nueva la estrategia IAMI con enfoque integral y de Derechos que hoy el Ministerio de la Protecci\u00f3n Social con el apoyo del UNICEF tienen el gusto de poner al servicio de las instituciones, del personal de salud, y de las mujeres, madres, ni\u00f1as, ni\u00f1os y familias de Colombia.<\/p>\t\t\t\t\t\t<\/div>\n\t\t\t\t<\/div>\n\t\t\t\t<div class=\"elementor-element elementor-element-0d49c44 elementor-widget elementor-widget-heading\" data-id=\"0d49c44\" data-element_type=\"widget\" data-widget_type=\"heading.default\">\n\t\t\t\t<div class=\"elementor-widget-container\">\n\t\t\t<style>\/*! elementor - v3.7.7 - 20-09-2022 *\/\n.elementor-heading-title{padding:0;margin:0;line-height:1}.elementor-widget-heading .elementor-heading-title[class*=elementor-size-]>a{color:inherit;font-size:inherit;line-height:inherit}.elementor-widget-heading .elementor-heading-title.elementor-size-small{font-size:15px}.elementor-widget-heading .elementor-heading-title.elementor-size-medium{font-size:19px}.elementor-widget-heading .elementor-heading-title.elementor-size-large{font-size:29px}.elementor-widget-heading .elementor-heading-title.elementor-size-xl{font-size:39px}.elementor-widget-heading .elementor-heading-title.elementor-size-xxl{font-size:59px}<\/style><h2 class=\"elementor-heading-title elementor-size-default\">Estrategia Informaci\u00f3n, Educaci\u00f3n y Comunicaci\u00f3n (IEC)\n<\/h2>\t\t<\/div>\n\t\t\t\t<\/div>\n\t\t\t\t<div class=\"elementor-element elementor-element-dded634 elementor-widget elementor-widget-text-editor\" data-id=\"dded634\" data-element_type=\"widget\" data-widget_type=\"text-editor.default\">\n\t\t\t\t<div class=\"elementor-widget-container\">\n\t\t\t\t\t\t\t<ul>\n<li>Promoci\u00f3n de la alimentaci\u00f3n saludable y prevenci\u00f3n de la deficiencia de micro y macronutrientes y riesgos para la nutrici\u00f3n en la poblaci\u00f3n infantil con \u00e9nfasis en gestantes y ni\u00f1os menores de 5 a\u00f1os.<\/li><li>Promover buenos h\u00e1bitos alimentarios mediante la realizaci\u00f3n de talleres educativos priorizados como escuelas saludables.<\/li><li>3. 2.000 familias implementen estrategias de educaci\u00f3n, informaci\u00f3n, comunicaci\u00f3n y movilizaci\u00f3n social con enfoque etnocultural, para promoci\u00f3n de patrones alimentarios adecuados.<\/li>\n<\/ul>\t\t\t\t\t\t<\/div>\n\t\t\t\t<\/div>\n\t\t\t\t\t<\/div>\n\t\t<\/div>\n\t\t\t\t<div class=\"penci-ercol-33 penci-ercol-order-2 penci-sticky-sb penci-sidebarSC elementor-column elementor-col-33 elementor-top-column elementor-element elementor-element-3fa53cf\" data-id=\"3fa53cf\" data-element_type=\"column\">\n\t\t\t<div class=\"elementor-widget-wrap elementor-element-populated\">\n\t\t\t\t\t\t\t\t<div class=\"elementor-element elementor-element-8bc353f elementor-widget elementor-widget-heading\" data-id=\"8bc353f\" data-element_type=\"widget\" data-widget_type=\"heading.default\">\n\t\t\t\t<div class=\"elementor-widget-container\">\n\t\t\t<h2 class=\"elementor-heading-title elementor-size-default\">Men\u00fa Salud Mental<\/h2>\t\t<\/div>\n\t\t\t\t<\/div>\n\t\t\t\t<div class=\"elementor-element elementor-element-af1dc91 elementor-widget elementor-widget-bdt-slinky-vertical-menu\" data-id=\"af1dc91\" data-element_type=\"widget\" data-widget_type=\"bdt-slinky-vertical-menu.default\">\n\t\t\t\t<div class=\"elementor-widget-container\">\n\t\t\t\t\t<div class=\"bdt-slinky-vertical-menu slinky-menu slinky-theme-default\" id=\"bdt-slinky-vertical-menu-af1dc91\">\n\n\t\t\t\t\t\t\t\t\t<ul id=\"bdt-slinky-vertical-menu-af1dc91\" class=\"slinky-vertical-menu\"><li class=\"bdt-menu-item\"><a href=\"https:\/\/www.dadiscartagena.gov.co\/index.php\/normatividad\/\" class=\"\">Normatividad<\/a><\/li><li class=\"bdt-menu-item\"><a href=\"https:\/\/www.dadiscartagena.gov.co\/index.php\/metas\/\" class=\"\">Metas<\/a><\/li><\/ul>\n\t\t\t\n\t\t<\/div>\n\t\t\t<\/div>\n\t\t\t\t<\/div>\n\t\t\t\t<div class=\"elementor-element elementor-element-1ada85b elementor-widget elementor-widget-heading\" data-id=\"1ada85b\" data-element_type=\"widget\" data-widget_type=\"heading.default\">\n\t\t\t\t<div class=\"elementor-widget-container\">\n\t\t\t<h2 class=\"elementor-heading-title elementor-size-default\">Salud P\u00fablica<\/h2>\t\t<\/div>\n\t\t\t\t<\/div>\n\t\t\t\t<div class=\"elementor-element elementor-element-d23fc9e elementor-widget elementor-widget-bdt-slinky-vertical-menu\" data-id=\"d23fc9e\" data-element_type=\"widget\" data-widget_type=\"bdt-slinky-vertical-menu.default\">\n\t\t\t\t<div class=\"elementor-widget-container\">\n\t\t\t\t\t<div class=\"bdt-slinky-vertical-menu slinky-menu slinky-theme-default\" id=\"bdt-slinky-vertical-menu-d23fc9e\">\n\n\t\t\t\t\t\t\t\t\t<ul id=\"bdt-slinky-vertical-menu-d23fc9e\" class=\"slinky-vertical-menu\"><li class=\"bdt-menu-item\"><a href=\"https:\/\/www.dadiscartagena.gov.co\/index.php\/vigilancia-en-salud-publica\/\" class=\"\">Vigilancia en Salud P\u00fablica<\/a><\/li><li class=\"bdt-menu-item\"><a href=\"https:\/\/www.dadiscartagena.gov.co\/index.php\/pai\/\" class=\"\">PAI<\/a><\/li><li class=\"bdt-menu-item\"><a href=\"https:\/\/www.dadiscartagena.gov.co\/index.php\/salud-mental\/\" class=\"\">Salud Mental<\/a><\/li><li class=\"bdt-menu-item\"><a href=\"https:\/\/www.dadiscartagena.gov.co\/index.php\/tuberculosis-y-lepra-2\/\" class=\"\">Tuberculosis y Lepra<\/a><\/li><li class=\"bdt-menu-item\"><a href=\"https:\/\/www.dadiscartagena.gov.co\/index.php\/salud-sexual\/\" class=\"\">Salud Sexual<\/a><\/li><li class=\"bdt-menu-item\"><a href=\"https:\/\/www.dadiscartagena.gov.co\/index.php\/salud-infantil-2\/\" class=\"\">Salud Infantil<\/a><\/li><li class=\"bdt-menu-item\"><a href=\"https:\/\/www.dadiscartagena.gov.co\/index.php\/salud-ambiental\/\" class=\"\">Salud Ambiental<\/a><\/li><li class=\"bdt-menu-item\"><a href=\"https:\/\/www.dadiscartagena.gov.co\/index.php\/gestion-del-plan-2\/\" class=\"\">Gesti\u00f3n del Plan<\/a><\/li><li class=\"bdt-menu-item\"><a href=\"https:\/\/www.dadiscartagena.gov.co\/index.php\/cartagena-saludable\/\" class=\"\">Cartagena Saludable<\/a><\/li><li class=\"bdt-menu-item\"><a href=\"https:\/\/www.dadiscartagena.gov.co\/index.php\/vigilancia-y-control-de-alimentos-y-medicamentos\/\" class=\"\">Vigilancia y Control de Alimentos y Medicamentos<\/a><\/li><li class=\"bdt-menu-item\"><a href=\"https:\/\/www.dadiscartagena.gov.co\/index.php\/alimentacion-y-nutricion\/\" class=\"\">Alimentaci\u00f3n y Nutrici\u00f3n<\/a><\/li><\/ul>\n\t\t\t\n\t\t<\/div>\n\t\t\t<\/div>\n\t\t\t\t<\/div>\n\t\t\t\t\t<\/div>\n\t\t<\/div>\n\t\t\t\t\t\t\t<\/div>\n\t\t<\/section>\n\t\t\t\t\t\t\t<\/div>\n\t\t","protected":false},"excerpt":{"rendered":"<p>Estrategia de desarrollo institucional de los servicios de atenci\u00f3n materna e infantil con enfoque de derechos en el marco del Sistema Obligatorio de Garant\u00eda de la Calidad de los Servicios&hellip;<\/p>\n","protected":false},"author":1,"featured_media":0,"parent":0,"menu_order":0,"comment_status":"closed","ping_status":"closed","template":"","meta":[],"_links":{"self":[{"href":"https:\/\/www.dadiscartagena.gov.co\/index.php\/wp-json\/wp\/v2\/pages\/4399"}],"collection":[{"href":"https:\/\/www.dadiscartagena.gov.co\/index.php\/wp-json\/wp\/v2\/pages"}],"about":[{"href":"https:\/\/www.dadiscartagena.gov.co\/index.php\/wp-json\/wp\/v2\/types\/page"}],"author":[{"embeddable":true,"href":"https:\/\/www.dadiscartagena.gov.co\/index.php\/wp-json\/wp\/v2\/users\/1"}],"replies":[{"embeddable":true,"href":"https:\/\/www.dadiscartagena.gov.co\/index.php\/wp-json\/wp\/v2\/comments?post=4399"}],"version-history":[{"count":10,"href":"https:\/\/www.dadiscartagena.gov.co\/index.php\/wp-json\/wp\/v2\/pages\/4399\/revisions"}],"predecessor-version":[{"id":4411,"href":"https:\/\/www.dadiscartagena.gov.co\/index.php\/wp-json\/wp\/v2\/pages\/4399\/revisions\/4411"}],"wp:attachment":[{"href":"https:\/\/www.dadiscartagena.gov.co\/index.php\/wp-json\/wp\/v2\/media?parent=4399"}],"curies":[{"name":"wp","href":"https:\/\/api.w.org\/{rel}","templated":true}]}}