{"id":4643,"date":"2022-12-12T12:19:42","date_gmt":"2022-12-12T17:19:42","guid":{"rendered":"http:\/\/172.20.5.10\/?page_id=4643"},"modified":"2022-12-12T12:27:20","modified_gmt":"2022-12-12T17:27:20","slug":"lineamientos","status":"publish","type":"page","link":"https:\/\/www.dadiscartagena.gov.co\/index.php\/lineamientos\/","title":{"rendered":"Lineamientos"},"content":{"rendered":"\t\t<div data-elementor-type=\"wp-page\" data-elementor-id=\"4643\" class=\"elementor elementor-4643\">\n\t\t\t\t\t\t\t\t\t<section data-particle_enable=\"false\" data-particle-mobile-disabled=\"false\" class=\"penci-section penci-enSticky penci-structure-22 elementor-section elementor-top-section elementor-element elementor-element-c332799 elementor-section-boxed elementor-section-height-default elementor-section-height-default\" data-id=\"c332799\" data-element_type=\"section\">\n\t\t\t\t\t\t<div class=\"elementor-container elementor-column-gap-wide\">\n\t\t\t\t\t<div class=\"penci-ercol-66 penci-ercol-order-1 penci-sticky-ct  elementor-column elementor-col-66 elementor-top-column elementor-element elementor-element-3e6f10d\" data-id=\"3e6f10d\" data-element_type=\"column\">\n\t\t\t<div class=\"elementor-widget-wrap elementor-element-populated\">\n\t\t\t\t\t\t\t\t<div class=\"elementor-element elementor-element-f1c5a08 elementor-widget elementor-widget-heading\" data-id=\"f1c5a08\" data-element_type=\"widget\" data-widget_type=\"heading.default\">\n\t\t\t\t<div class=\"elementor-widget-container\">\n\t\t\t<style>\/*! elementor - v3.7.7 - 20-09-2022 *\/\n.elementor-heading-title{padding:0;margin:0;line-height:1}.elementor-widget-heading .elementor-heading-title[class*=elementor-size-]>a{color:inherit;font-size:inherit;line-height:inherit}.elementor-widget-heading .elementor-heading-title.elementor-size-small{font-size:15px}.elementor-widget-heading .elementor-heading-title.elementor-size-medium{font-size:19px}.elementor-widget-heading .elementor-heading-title.elementor-size-large{font-size:29px}.elementor-widget-heading .elementor-heading-title.elementor-size-xl{font-size:39px}.elementor-widget-heading .elementor-heading-title.elementor-size-xxl{font-size:59px}<\/style><h2 class=\"elementor-heading-title elementor-size-default\">LINEAMIENTOS<\/h2>\t\t<\/div>\n\t\t\t\t<\/div>\n\t\t\t\t<div class=\"elementor-element elementor-element-7b60160 elementor-widget elementor-widget-text-editor\" data-id=\"7b60160\" data-element_type=\"widget\" data-widget_type=\"text-editor.default\">\n\t\t\t\t<div class=\"elementor-widget-container\">\n\t\t\t<style>\/*! elementor - v3.7.7 - 20-09-2022 *\/\n.elementor-widget-text-editor.elementor-drop-cap-view-stacked .elementor-drop-cap{background-color:#818a91;color:#fff}.elementor-widget-text-editor.elementor-drop-cap-view-framed .elementor-drop-cap{color:#818a91;border:3px solid;background-color:transparent}.elementor-widget-text-editor:not(.elementor-drop-cap-view-default) .elementor-drop-cap{margin-top:8px}.elementor-widget-text-editor:not(.elementor-drop-cap-view-default) .elementor-drop-cap-letter{width:1em;height:1em}.elementor-widget-text-editor .elementor-drop-cap{float:left;text-align:center;line-height:1;font-size:50px}.elementor-widget-text-editor .elementor-drop-cap-letter{display:inline-block}<\/style>\t\t\t\t<h2>\u00a0<\/h2><table border=\"0\"><tbody><tr><td>CIRCULAR 37 DE 2019, DIRECTRICES PARA LA VIGILANCIA INTENSIFICADA, PREVENCION Y ATENCION DE LAS LESIONES OCASIONADAS POR POLVORA E INTOXICACIONES POR F\u00d3SFORO BLANCO TEMPORADA 1\u00b0 DE DICIEMBRE DE 2019 A 11 DE ENERO DE 2020<\/td><td><a href=\"https:\/\/www.dadiscartagena.gov.co\/images\/docs\/crue\/n2019\/circular_37_27_11_2019.pdf\" target=\"blank\"><img src=\"https:\/\/www.dadiscartagena.gov.co\/images\/descargaico2.png\" data-rel=\"penci-gallery-image-content\"  alt=\"\" \/><\/a><\/td><\/tr><tr><td>ACUERDO 017 DE 08 DE JUNIO DE 2016, POR EL CUAL SE REGLAMENTA EL SISTEMA DE EMERGENCIAS MEDICAS PARA EL DISTRITO DE CARTAGENA<\/td><td><a href=\"https:\/\/www.dadiscartagena.gov.co\/images\/docs\/crue\/n2019\/acuerdo_017_08_06_2016.pdf\" target=\"blank\"><img src=\"https:\/\/www.dadiscartagena.gov.co\/images\/descargaico2.png\" alt=\"\" \/><\/a><\/td><\/tr><tr><td>SERVICIO GESTION INTEGRAL Y RESPUESTA EN SALUD ANTE EMERGENCIAS Y DESASTRES<\/td><td><a href=\"https:\/\/www.dadiscartagena.gov.co\/images\/docs\/crue\/n2019\/fortalecimiento_crue_2019.pdf\" target=\"blank\"><img src=\"https:\/\/www.dadiscartagena.gov.co\/images\/descargaico2.png\" data-rel=\"penci-gallery-image-content\"  alt=\"\" \/><\/a><\/td><\/tr><tr><td>ESTANDARES MINIMO EN SALUD PARA LA ATENCI\u00d3N EN AGLOMERACI\u00d3N DE PUBLICO (Versi\u00f3n en proyecto, pendiente de aprobaci\u00f3n)<\/td><td><a href=\"https:\/\/www.dadiscartagena.gov.co\/images\/docs\/crue\/n2018\/estandares_minimo_aforo_2018_2.pdf\" target=\"blank\"><img src=\"https:\/\/www.dadiscartagena.gov.co\/images\/descargaico2.png\" alt=\"\" \/><\/a><\/td><\/tr><tr><td>ESTANDARES MINIMO EN SALUD PARA LA ATENCI\u00d3N EN EAMP<\/td><td><a href=\"https:\/\/www.dadiscartagena.gov.co\/images\/docs\/crue\/n2018\/estandares_minimo_atencion_eamp_2018.pdf\" target=\"blank\"><img src=\"https:\/\/www.dadiscartagena.gov.co\/images\/descargaico2.png\" data-rel=\"penci-gallery-image-content\"  alt=\"\" \/><\/a><\/td><\/tr><tr><td>ALERTA AMARILLA FRENTE A LOS POSIBLES EVENTOS DE SALUD EN LAS FIESTAS DE LA INDEPENDENCIA<\/td><td><a href=\"https:\/\/www.dadiscartagena.gov.co\/images\/docs\/crue\/n2016\/circular_externa_0095917_2016_alerta_amarilla.pdf\" target=\"blank\"><img src=\"https:\/\/www.dadiscartagena.gov.co\/images\/descargaico2.png\" alt=\"\" \/><\/a><\/td><\/tr><tr><td>ALERTA AMARILLA &#8211; XXV CUMBRE IBEROAMERICANA<\/td><td><a href=\"https:\/\/www.dadiscartagena.gov.co\/images\/docs\/crue\/n2016\/alerta_amarilla_crued_2016.pdf\" target=\"blank\"><img src=\"https:\/\/www.dadiscartagena.gov.co\/images\/descargaico2.png\" data-rel=\"penci-gallery-image-content\"  alt=\"\" \/><\/a><\/td><\/tr><tr><td>ALERTA AMARILLA &#8211; FIRMA DE ACUERDO DE PAZ<\/td><td><a href=\"https:\/\/www.dadiscartagena.gov.co\/images\/docs\/crue\/n2016\/alerta_amarilla_crue_2016_firma_acuerdo.pdf\" target=\"blank\"><img src=\"https:\/\/www.dadiscartagena.gov.co\/images\/descargaico2.png\" alt=\"\" \/><\/a><\/td><\/tr><tr><td>DIMENSION DE SALUD PUBLICA EN EMERGENCIAS Y DESASTRES 2012 &#8211; 2021<\/td><td><a href=\"https:\/\/www.dadiscartagena.gov.co\/images\/docs\/crue\/n2016\/dimension_sp_emergencias_y_desastres.pdf\" target=\"blank\"><img src=\"https:\/\/www.dadiscartagena.gov.co\/images\/descargaico2.png\" data-rel=\"penci-gallery-image-content\"  alt=\"\" \/><\/a><\/td><\/tr><tr><td>RESOLUCION 9332 DEL 31 DE DICIEMBRE DE 2015 &#8211; REQUISITOS PARA EVENTOS DE AFLUENCIA MASIVA<\/td><td><a href=\"https:\/\/www.dadiscartagena.gov.co\/images\/docs\/normatividad\/resoluciones\/resolucion_9332_31_12_2015.pdf\" target=\"blank\"><img src=\"https:\/\/www.dadiscartagena.gov.co\/images\/descargaico2.png\" alt=\"\" \/><\/a><\/td><\/tr><tr><td>FORMATO DE EVENTOS MASIVOS &#8211; SALUD<\/td><td><a href=\"https:\/\/www.dadiscartagena.gov.co\/images\/docs\/crue\/n2015\/formatos_eventos_masivos_2015_final_v3.xlsx\" target=\"blank\"><img src=\"https:\/\/www.dadiscartagena.gov.co\/images\/descargaico2.png\" data-rel=\"penci-gallery-image-content\"  alt=\"\" \/><\/a><\/td><\/tr><tr><td>COORDINADORES CRUE A NIVEL NACIONAL<\/td><td><a href=\"https:\/\/www.dadiscartagena.gov.co\/images\/docs\/crue\/n2015\/coordinadores_crue_nacional2015.pdf\" target=\"blank\"><img src=\"https:\/\/www.dadiscartagena.gov.co\/images\/descargaico2.png\" alt=\"\" \/><\/a><\/td><\/tr><tr><td>LEY ESTATUTARIA DE SALUD 2013<\/td><td><a href=\"https:\/\/www.dadiscartagena.gov.co\/images\/docs\/crue\/ley_estatutaria_de_salud_junio_2013.pdf\" target=\"blank\"><img src=\"https:\/\/www.dadiscartagena.gov.co\/images\/descargaico2.png\" data-rel=\"penci-gallery-image-content\"  alt=\"\" \/><\/a><\/td><\/tr><tr><td>PRESENTACION DEL CRUE<\/td><td><a href=\"https:\/\/www.dadiscartagena.gov.co\/images\/docs\/crue\/presentacion_crue.ppsx\" target=\"blank\"><img src=\"https:\/\/www.dadiscartagena.gov.co\/images\/descargaico2.png\" alt=\"\" \/><\/a><\/td><\/tr><tr><td>MANUAL DE PROCESOS ADMINISTRATIVOS<\/td><td><a href=\"https:\/\/www.dadiscartagena.gov.co\/images\/docs\/crue\/manual_de_procesos_administrativos_del_crue_2011.pdf\" target=\"blank\"><img src=\"https:\/\/www.dadiscartagena.gov.co\/images\/descargaico2.png\" data-rel=\"penci-gallery-image-content\"  alt=\"\" \/><\/a><\/td><\/tr><tr><td>LEY DE REFERENCIAS<\/td><td><a href=\"https:\/\/www.dadiscartagena.gov.co\/images\/docs\/crue\/ley_de_referencias_crue.pdf\" target=\"blank\"><img src=\"https:\/\/www.dadiscartagena.gov.co\/images\/descargaico2.png\" alt=\"\" \/><\/a><\/td><\/tr><tr><td>RESOLUCION 0725 DEL 31 DE ENERO DE 2014 &#8211; GPS POSICIONAMIENTO DE AMBULANCIAS<\/td><td><a href=\"https:\/\/www.dadiscartagena.gov.co\/images\/docs\/normatividad\/resoluciones\/resolucion_0725_31_01_2014.pdf\" target=\"blank\"><img src=\"https:\/\/www.dadiscartagena.gov.co\/images\/descargaico2.png\" data-rel=\"penci-gallery-image-content\"  alt=\"\" \/><\/a><\/td><\/tr><tr><td>PLAN DE EMERGENCIAS SALUD 2014<\/td><td><a href=\"https:\/\/www.dadiscartagena.gov.co\/images\/docs\/crue\/plan_de_emergencias_salud_2014.pdf\" target=\"blank\"><img src=\"https:\/\/www.dadiscartagena.gov.co\/images\/descargaico2.png\" alt=\"\" \/><\/a><\/td><\/tr><tr><td>ESTRATEGIA DE RESPUESTA PARA EMERGENCIAS EN EL DISTRITO DE CARTAGENA &#8211; 2014<\/td><td><a href=\"https:\/\/www.dadiscartagena.gov.co\/images\/docs\/crue\/estrategia_de_respuesta_cartagena_2014.pdf\" target=\"blank\"><img src=\"https:\/\/www.dadiscartagena.gov.co\/images\/descargaico2.png\" data-rel=\"penci-gallery-image-content\"  alt=\"\" \/><\/a><\/td><\/tr><tr><td>SISTEMA INTEGRAL DE URGENCIAS EMERGENCIAS Y DESASTRES &#8211; 2014<\/td><td><a href=\"https:\/\/www.dadiscartagena.gov.co\/images\/docs\/crue\/poa_gestion_de_emergencias_2014.pdf\" target=\"blank\"><img src=\"https:\/\/www.dadiscartagena.gov.co\/images\/descargaico2.png\" alt=\"\" \/><\/a><\/td><\/tr><\/tbody><\/table>\t\t\t\t\t\t<\/div>\n\t\t\t\t<\/div>\n\t\t\t\t<div class=\"elementor-element elementor-element-41b5e19 elementor-widget elementor-widget-heading\" data-id=\"41b5e19\" data-element_type=\"widget\" data-widget_type=\"heading.default\">\n\t\t\t\t<div class=\"elementor-widget-container\">\n\t\t\t<h2 class=\"elementor-heading-title elementor-size-default\">Objetivos Espec\u00edficos<\/h2>\t\t<\/div>\n\t\t\t\t<\/div>\n\t\t\t\t\t<\/div>\n\t\t<\/div>\n\t\t\t\t<div class=\"penci-ercol-33 penci-ercol-order-2 penci-sticky-sb penci-sidebarSC elementor-column elementor-col-33 elementor-top-column elementor-element elementor-element-8bb0d1a\" data-id=\"8bb0d1a\" data-element_type=\"column\">\n\t\t\t<div class=\"elementor-widget-wrap elementor-element-populated\">\n\t\t\t\t\t\t\t\t<div class=\"elementor-element elementor-element-8bf8071 elementor-widget elementor-widget-heading\" data-id=\"8bf8071\" data-element_type=\"widget\" data-widget_type=\"heading.default\">\n\t\t\t\t<div class=\"elementor-widget-container\">\n\t\t\t<h2 class=\"elementor-heading-title elementor-size-default\">CRUE<\/h2>\t\t<\/div>\n\t\t\t\t<\/div>\n\t\t\t\t<div class=\"elementor-element elementor-element-b38f54d elementor-widget elementor-widget-bdt-slinky-vertical-menu\" data-id=\"b38f54d\" data-element_type=\"widget\" data-widget_type=\"bdt-slinky-vertical-menu.default\">\n\t\t\t\t<div class=\"elementor-widget-container\">\n\t\t\t\t\t<div class=\"bdt-slinky-vertical-menu slinky-menu slinky-theme-default\" id=\"bdt-slinky-vertical-menu-b38f54d\">\n\n\t\t\t\t\t\t\t\t\t<ul id=\"bdt-slinky-vertical-menu-b38f54d\" class=\"slinky-vertical-menu\"><li class=\"bdt-menu-item\"><a href=\"https:\/\/www.dadiscartagena.gov.co\/index.php\/vigilancia-en-salud-publica\/\" class=\"\">Vigilancia en Salud P\u00fablica<\/a><\/li><li class=\"bdt-menu-item\"><a href=\"https:\/\/www.dadiscartagena.gov.co\/index.php\/pai\/\" class=\"\">PAI<\/a><\/li><li class=\"bdt-menu-item\"><a href=\"https:\/\/www.dadiscartagena.gov.co\/index.php\/salud-mental\/\" class=\"\">Salud Mental<\/a><\/li><li class=\"bdt-menu-item\"><a href=\"https:\/\/www.dadiscartagena.gov.co\/index.php\/tuberculosis-y-lepra-2\/\" class=\"\">Tuberculosis y Lepra<\/a><\/li><li class=\"bdt-menu-item\"><a href=\"https:\/\/www.dadiscartagena.gov.co\/index.php\/salud-sexual\/\" class=\"\">Salud Sexual<\/a><\/li><li class=\"bdt-menu-item\"><a href=\"https:\/\/www.dadiscartagena.gov.co\/index.php\/salud-infantil-2\/\" class=\"\">Salud Infantil<\/a><\/li><li class=\"bdt-menu-item\"><a href=\"https:\/\/www.dadiscartagena.gov.co\/index.php\/salud-ambiental\/\" class=\"\">Salud Ambiental<\/a><\/li><li class=\"bdt-menu-item\"><a href=\"https:\/\/www.dadiscartagena.gov.co\/index.php\/gestion-del-plan-2\/\" class=\"\">Gesti\u00f3n del Plan<\/a><\/li><li class=\"bdt-menu-item\"><a href=\"https:\/\/www.dadiscartagena.gov.co\/index.php\/cartagena-saludable\/\" class=\"\">Cartagena Saludable<\/a><\/li><li class=\"bdt-menu-item\"><a href=\"https:\/\/www.dadiscartagena.gov.co\/index.php\/vigilancia-y-control-de-alimentos-y-medicamentos\/\" class=\"\">Vigilancia y Control de Alimentos y Medicamentos<\/a><\/li><li class=\"bdt-menu-item\"><a href=\"https:\/\/www.dadiscartagena.gov.co\/index.php\/alimentacion-y-nutricion\/\" class=\"\">Alimentaci\u00f3n y Nutrici\u00f3n<\/a><\/li><\/ul>\n\t\t\t\n\t\t<\/div>\n\t\t\t<\/div>\n\t\t\t\t<\/div>\n\t\t\t\t\t<\/div>\n\t\t<\/div>\n\t\t\t\t\t\t\t<\/div>\n\t\t<\/section>\n\t\t\t\t\t\t\t<\/div>\n\t\t","protected":false},"excerpt":{"rendered":"<p>LINEAMIENTOS \u00a0 CIRCULAR 37 DE 2019, DIRECTRICES PARA LA VIGILANCIA INTENSIFICADA, PREVENCION Y ATENCION DE LAS LESIONES OCASIONADAS POR POLVORA E INTOXICACIONES POR F\u00d3SFORO BLANCO TEMPORADA 1\u00b0 DE DICIEMBRE DE&hellip;<\/p>\n","protected":false},"author":1,"featured_media":0,"parent":0,"menu_order":0,"comment_status":"closed","ping_status":"closed","template":"","meta":[],"_links":{"self":[{"href":"https:\/\/www.dadiscartagena.gov.co\/index.php\/wp-json\/wp\/v2\/pages\/4643"}],"collection":[{"href":"https:\/\/www.dadiscartagena.gov.co\/index.php\/wp-json\/wp\/v2\/pages"}],"about":[{"href":"https:\/\/www.dadiscartagena.gov.co\/index.php\/wp-json\/wp\/v2\/types\/page"}],"author":[{"embeddable":true,"href":"https:\/\/www.dadiscartagena.gov.co\/index.php\/wp-json\/wp\/v2\/users\/1"}],"replies":[{"embeddable":true,"href":"https:\/\/www.dadiscartagena.gov.co\/index.php\/wp-json\/wp\/v2\/comments?post=4643"}],"version-history":[{"count":10,"href":"https:\/\/www.dadiscartagena.gov.co\/index.php\/wp-json\/wp\/v2\/pages\/4643\/revisions"}],"predecessor-version":[{"id":4653,"href":"https:\/\/www.dadiscartagena.gov.co\/index.php\/wp-json\/wp\/v2\/pages\/4643\/revisions\/4653"}],"wp:attachment":[{"href":"https:\/\/www.dadiscartagena.gov.co\/index.php\/wp-json\/wp\/v2\/media?parent=4643"}],"curies":[{"name":"wp","href":"https:\/\/api.w.org\/{rel}","templated":true}]}}