{"id":4996,"date":"2022-12-15T22:52:39","date_gmt":"2022-12-16T03:52:39","guid":{"rendered":"http:\/\/172.20.5.10\/?page_id=4996"},"modified":"2022-12-15T22:58:53","modified_gmt":"2022-12-16T03:58:53","slug":"proceso-de-autorizacion-de-ordenes-ambulatorias","status":"publish","type":"page","link":"https:\/\/www.dadiscartagena.gov.co\/index.php\/proceso-de-autorizacion-de-ordenes-ambulatorias\/","title":{"rendered":"Proceso de Autorizaci\u00f3n de Ordenes Ambulatorias"},"content":{"rendered":"\t\t<div data-elementor-type=\"wp-page\" data-elementor-id=\"4996\" class=\"elementor elementor-4996\">\n\t\t\t\t\t\t\t\t\t<section data-particle_enable=\"false\" data-particle-mobile-disabled=\"false\" class=\"penci-section penci-disSticky penci-structure-10 elementor-section elementor-top-section elementor-element elementor-element-7445aab elementor-section-full_width elementor-section-stretched elementor-section-height-default elementor-section-height-default\" data-id=\"7445aab\" data-element_type=\"section\" data-settings=\"{&quot;stretch_section&quot;:&quot;section-stretched&quot;,&quot;background_background&quot;:&quot;classic&quot;}\">\n\t\t\t\t\t\t<div class=\"elementor-container elementor-column-gap-default\">\n\t\t\t\t\t<div class=\"penci-ercol-100 penci-ercol-order-1 penci-sticky-ct  elementor-column elementor-col-100 elementor-top-column elementor-element elementor-element-e5cf157\" data-id=\"e5cf157\" data-element_type=\"column\">\n\t\t\t<div class=\"elementor-widget-wrap elementor-element-populated\">\n\t\t\t\t\t\t\t\t<div class=\"elementor-element elementor-element-6966af2 elementor-widget elementor-widget-image\" data-id=\"6966af2\" data-element_type=\"widget\" data-widget_type=\"image.default\">\n\t\t\t\t<div class=\"elementor-widget-container\">\n\t\t\t<style>\/*! elementor - v3.7.7 - 20-09-2022 *\/\n.elementor-widget-image{text-align:center}.elementor-widget-image a{display:inline-block}.elementor-widget-image a img[src$=\".svg\"]{width:48px}.elementor-widget-image img{vertical-align:middle;display:inline-block}<\/style>\t\t\t\t\t\t\t\t\t\t\t\t<img width=\"1024\" height=\"150\" src=\"https:\/\/www.dadiscartagena.gov.co\/wp-content\/uploads\/2022\/10\/banner_prestacion_de_servicios-1-1024x150.jpg\" class=\"attachment-large size-large\" alt=\"\" loading=\"lazy\" srcset=\"https:\/\/www.dadiscartagena.gov.co\/wp-content\/uploads\/2022\/10\/banner_prestacion_de_servicios-1-1024x150.jpg 1024w, https:\/\/www.dadiscartagena.gov.co\/wp-content\/uploads\/2022\/10\/banner_prestacion_de_servicios-1-300x44.jpg 300w, https:\/\/www.dadiscartagena.gov.co\/wp-content\/uploads\/2022\/10\/banner_prestacion_de_servicios-1-768x112.jpg 768w, https:\/\/www.dadiscartagena.gov.co\/wp-content\/uploads\/2022\/10\/banner_prestacion_de_servicios-1-1536x224.jpg 1536w, https:\/\/www.dadiscartagena.gov.co\/wp-content\/uploads\/2022\/10\/banner_prestacion_de_servicios-1-1170x171.jpg 1170w, https:\/\/www.dadiscartagena.gov.co\/wp-content\/uploads\/2022\/10\/banner_prestacion_de_servicios-1-585x85.jpg 585w, https:\/\/www.dadiscartagena.gov.co\/wp-content\/uploads\/2022\/10\/banner_prestacion_de_servicios-1.jpg 1567w\" sizes=\"(max-width: 1024px) 100vw, 1024px\" \/>\t\t\t\t\t\t\t\t\t\t\t\t\t\t\t<\/div>\n\t\t\t\t<\/div>\n\t\t\t\t\t<\/div>\n\t\t<\/div>\n\t\t\t\t\t\t\t<\/div>\n\t\t<\/section>\n\t\t\t\t<section data-particle_enable=\"false\" data-particle-mobile-disabled=\"false\" class=\"penci-section penci-enSticky penci-structure-22 elementor-section elementor-top-section elementor-element elementor-element-ae26b61 elementor-section-boxed elementor-section-height-default elementor-section-height-default\" data-id=\"ae26b61\" data-element_type=\"section\">\n\t\t\t\t\t\t<div class=\"elementor-container elementor-column-gap-wide\">\n\t\t\t\t\t<div class=\"penci-ercol-66 penci-ercol-order-1 penci-sticky-ct  elementor-column elementor-col-66 elementor-top-column elementor-element elementor-element-1e7aaf6\" data-id=\"1e7aaf6\" data-element_type=\"column\">\n\t\t\t<div class=\"elementor-widget-wrap elementor-element-populated\">\n\t\t\t\t\t\t\t\t<div class=\"elementor-element elementor-element-1275854 elementor-widget elementor-widget-image\" data-id=\"1275854\" data-element_type=\"widget\" data-widget_type=\"image.default\">\n\t\t\t\t<div class=\"elementor-widget-container\">\n\t\t\t\t\t\t\t\t\t\t\t\t\t\t\t<img width=\"1024\" height=\"630\" src=\"https:\/\/www.dadiscartagena.gov.co\/wp-content\/uploads\/2022\/12\/PRESTACION-DE-SERVICIOS-1024x630.png\" class=\"attachment-large size-large\" alt=\"\" loading=\"lazy\" srcset=\"https:\/\/www.dadiscartagena.gov.co\/wp-content\/uploads\/2022\/12\/PRESTACION-DE-SERVICIOS-1024x630.png 1024w, https:\/\/www.dadiscartagena.gov.co\/wp-content\/uploads\/2022\/12\/PRESTACION-DE-SERVICIOS-300x185.png 300w, https:\/\/www.dadiscartagena.gov.co\/wp-content\/uploads\/2022\/12\/PRESTACION-DE-SERVICIOS-768x473.png 768w, https:\/\/www.dadiscartagena.gov.co\/wp-content\/uploads\/2022\/12\/PRESTACION-DE-SERVICIOS-1170x720.png 1170w, https:\/\/www.dadiscartagena.gov.co\/wp-content\/uploads\/2022\/12\/PRESTACION-DE-SERVICIOS-585x360.png 585w, https:\/\/www.dadiscartagena.gov.co\/wp-content\/uploads\/2022\/12\/PRESTACION-DE-SERVICIOS.png 1280w\" sizes=\"(max-width: 1024px) 100vw, 1024px\" \/>\t\t\t\t\t\t\t\t\t\t\t\t\t\t\t<\/div>\n\t\t\t\t<\/div>\n\t\t\t\t<div class=\"elementor-element elementor-element-180fce6 elementor-widget elementor-widget-heading\" data-id=\"180fce6\" data-element_type=\"widget\" data-widget_type=\"heading.default\">\n\t\t\t\t<div class=\"elementor-widget-container\">\n\t\t\t<style>\/*! elementor - v3.7.7 - 20-09-2022 *\/\n.elementor-heading-title{padding:0;margin:0;line-height:1}.elementor-widget-heading .elementor-heading-title[class*=elementor-size-]>a{color:inherit;font-size:inherit;line-height:inherit}.elementor-widget-heading .elementor-heading-title.elementor-size-small{font-size:15px}.elementor-widget-heading .elementor-heading-title.elementor-size-medium{font-size:19px}.elementor-widget-heading .elementor-heading-title.elementor-size-large{font-size:29px}.elementor-widget-heading .elementor-heading-title.elementor-size-xl{font-size:39px}.elementor-widget-heading .elementor-heading-title.elementor-size-xxl{font-size:59px}<\/style><h1 class=\"elementor-heading-title elementor-size-large\">Proceso de Autorizaci\u00f3n de Ordenes Ambulatorias<\/h1>\t\t<\/div>\n\t\t\t\t<\/div>\n\t\t\t\t<div class=\"elementor-element elementor-element-32d7fa7 elementor-widget elementor-widget-heading\" data-id=\"32d7fa7\" data-element_type=\"widget\" data-widget_type=\"heading.default\">\n\t\t\t\t<div class=\"elementor-widget-container\">\n\t\t\t<h2 class=\"elementor-heading-title elementor-size-medium\">ACTIVIDADES<\/h2>\t\t<\/div>\n\t\t\t\t<\/div>\n\t\t\t\t<div class=\"elementor-element elementor-element-9b335b7 elementor-widget elementor-widget-text-editor\" data-id=\"9b335b7\" data-element_type=\"widget\" data-widget_type=\"text-editor.default\">\n\t\t\t\t<div class=\"elementor-widget-container\">\n\t\t\t<style>\/*! elementor - v3.7.7 - 20-09-2022 *\/\n.elementor-widget-text-editor.elementor-drop-cap-view-stacked .elementor-drop-cap{background-color:#818a91;color:#fff}.elementor-widget-text-editor.elementor-drop-cap-view-framed .elementor-drop-cap{color:#818a91;border:3px solid;background-color:transparent}.elementor-widget-text-editor:not(.elementor-drop-cap-view-default) .elementor-drop-cap{margin-top:8px}.elementor-widget-text-editor:not(.elementor-drop-cap-view-default) .elementor-drop-cap-letter{width:1em;height:1em}.elementor-widget-text-editor .elementor-drop-cap{float:left;text-align:center;line-height:1;font-size:50px}.elementor-widget-text-editor .elementor-drop-cap-letter{display:inline-block}<\/style>\t\t\t\t<ul><li>Inicial: Recepci\u00f3n de la referencia u orden medica. Planeaci\u00f3n de la autorizaci\u00f3n de los servicios de salud.<\/li><li>Verificaci\u00f3n de derechos. Autorizaci\u00f3n de los Servicios de Salud.<\/li><li>Autorizaci\u00f3n de los Servicios de Salud.Autoevaluaci\u00f3n de la Red de prestadores de servicios de salud.<\/li><li>Seguimiento y evaluaci\u00f3n de la autorizaci\u00f3n de los servicios de salud. 5, Final: Implementacion de acciones preventivas, correctivas y\/o de mejora.<\/li><\/ul><div><span style=\"color: #696969; font-size: 16px; font-family: Arial, sans-serif;\">La explicaci\u00f3n de este proceso es muy similar a las dem\u00e1s<\/span><span style=\"color: #696969; font-size: 16px; font-family: Arial, sans-serif;\">\u00a0 localidades con la diferencia que los auditores asisten a las respectivas IPS para viabilizar la atenci\u00f3n.<\/span><\/div>\t\t\t\t\t\t<\/div>\n\t\t\t\t<\/div>\n\t\t\t\t<div class=\"elementor-element elementor-element-16df4b7 elementor-widget elementor-widget-heading\" data-id=\"16df4b7\" data-element_type=\"widget\" data-widget_type=\"heading.default\">\n\t\t\t\t<div class=\"elementor-widget-container\">\n\t\t\t<h2 class=\"elementor-heading-title elementor-size-default\">FUNCIONES<\/h2>\t\t<\/div>\n\t\t\t\t<\/div>\n\t\t\t\t<div class=\"elementor-element elementor-element-47d0cb9 elementor-widget elementor-widget-text-editor\" data-id=\"47d0cb9\" data-element_type=\"widget\" data-widget_type=\"text-editor.default\">\n\t\t\t\t<div class=\"elementor-widget-container\">\n\t\t\t\t\t\t\t<ul><li>Planeaci\u00f3n de la contrataci\u00f3n<\/li><li>Contrataci\u00f3n con IPS p\u00fablica y provada<\/li><li>Autorizaci\u00f3n de servicios<\/li><li>Auditoria concurrente<\/li><li>Auditoria de cuentas m\u00e9dica<\/li><\/ul>\t\t\t\t\t\t<\/div>\n\t\t\t\t<\/div>\n\t\t\t\t<div class=\"elementor-element elementor-element-8cbd18d elementor-widget elementor-widget-heading\" data-id=\"8cbd18d\" data-element_type=\"widget\" data-widget_type=\"heading.default\">\n\t\t\t\t<div class=\"elementor-widget-container\">\n\t\t\t<h2 class=\"elementor-heading-title elementor-size-medium\">DESARROLLO DEL PROCESO DE AUDITORIA CONCURRENTE\n\n <\/h2>\t\t<\/div>\n\t\t\t\t<\/div>\n\t\t\t\t<div class=\"elementor-element elementor-element-03f5a67 elementor-widget elementor-widget-text-editor\" data-id=\"03f5a67\" data-element_type=\"widget\" data-widget_type=\"text-editor.default\">\n\t\t\t\t<div class=\"elementor-widget-container\">\n\t\t\t\t\t\t\t<p>El proceso de auditoria concurrente a la ejecuci\u00f3n de recursos del componente oferta, paso a ser de competencia de la Direcci\u00f3n Operativa Prestaci\u00f3n de Servicios de Salud. en la que cuentan con un Auditor Coordinador y cinco auditores concurrentes quienes realizan visitas a los hospitales para verificar la pertinencia de la atenci\u00f3n de los usuarios encuestados en el SISBEN y generan informe de auditoria que se convierte en soporte de las facturas enviadas por las IPS.<\/p>\t\t\t\t\t\t<\/div>\n\t\t\t\t<\/div>\n\t\t\t\t\t<\/div>\n\t\t<\/div>\n\t\t\t\t<div class=\"penci-ercol-33 penci-ercol-order-2 penci-sticky-sb penci-sidebarSC elementor-column elementor-col-33 elementor-top-column elementor-element elementor-element-b4e74dc\" data-id=\"b4e74dc\" data-element_type=\"column\">\n\t\t\t<div class=\"elementor-widget-wrap elementor-element-populated\">\n\t\t\t\t\t\t\t\t<div class=\"elementor-element elementor-element-9a40d4d elementor-widget elementor-widget-heading\" data-id=\"9a40d4d\" data-element_type=\"widget\" data-widget_type=\"heading.default\">\n\t\t\t\t<div class=\"elementor-widget-container\">\n\t\t\t<h2 class=\"elementor-heading-title elementor-size-medium\">PRESTACI\u00d3N DE SERVICIOS<\/h2>\t\t<\/div>\n\t\t\t\t<\/div>\n\t\t\t\t<div class=\"elementor-element elementor-element-9e91416 elementor-widget elementor-widget-bdt-slinky-vertical-menu\" data-id=\"9e91416\" data-element_type=\"widget\" data-widget_type=\"bdt-slinky-vertical-menu.default\">\n\t\t\t\t<div class=\"elementor-widget-container\">\n\t\t\t\t\t<div class=\"bdt-slinky-vertical-menu slinky-menu slinky-theme-default\" id=\"bdt-slinky-vertical-menu-9e91416\">\n\n\t\t\t\t\t\t\t\t\t<ul id=\"bdt-slinky-vertical-menu-9e91416\" class=\"slinky-vertical-menu\"><li class=\"bdt-menu-item\"><a href=\"https:\/\/www.dadiscartagena.gov.co\/index.php\/prestacion-de-servicios\/\" class=\"\">Prestaci\u00f3n de Servicios<\/a><\/li><li class=\"bdt-menu-item\"><a href=\"https:\/\/www.dadiscartagena.gov.co\/index.php\/sistema-de-gestion\/\" class=\"\">Sistema de Gesti\u00f3n<\/a><\/li><li class=\"bdt-menu-item\"><a href=\"https:\/\/www.dadiscartagena.gov.co\/index.php\/proceso-de-autorizacion-de-ordenes-ambulatorias\/\" class=\"\">Proceso de Autorizaci\u00f3n de Ordenes Ambulatorias<\/a><\/li><li class=\"bdt-menu-item\"><a href=\"https:\/\/www.dadiscartagena.gov.co\/\/wp-content\/uploads\/2022\/12\/auditores_concurrentes_2013.pdf\" class=\"\">Directorio de Auditores<\/a><\/li><li class=\"bdt-menu-item\"><a href=\"https:\/\/www.dadiscartagena.gov.co\/index.php\/estadisticas-prestacion-de-servicios\/\" class=\"\">Estad\u00edsticas \u2013 Prestaci\u00f3n de Servicios<\/a><\/li><li class=\"bdt-menu-item\"><a href=\"https:\/\/www.dadiscartagena.gov.co\/wp-content\/uploads\/2022\/12\/RUTA-DE-ATENCION-ULT-1.pptx.pdf\" class=\"\">Rutas de Atenci\u00f3n<\/a><\/li><li class=\"bdt-menu-item\"><a href=\"https:\/\/www.dadiscartagena.gov.co\/index.php\/mipres\/\" class=\"\">MIPRES<\/a><\/li><li class=\"bdt-menu-item\"><a href=\"https:\/\/www.dadiscartagena.gov.co\/index.php\/red-de-servicios-2019\/\" class=\"\">Red de Prestadores de Servicios<\/a><\/li><\/ul>\n\t\t\t\n\t\t<\/div>\n\t\t\t<\/div>\n\t\t\t\t<\/div>\n\t\t\t\t\t<\/div>\n\t\t<\/div>\n\t\t\t\t\t\t\t<\/div>\n\t\t<\/section>\n\t\t\t\t\t\t\t<\/div>\n\t\t","protected":false},"excerpt":{"rendered":"<p>Proceso de Autorizaci\u00f3n de Ordenes Ambulatorias ACTIVIDADES Inicial: Recepci\u00f3n de la referencia u orden medica. Planeaci\u00f3n de la autorizaci\u00f3n de los servicios de salud. Verificaci\u00f3n de derechos. Autorizaci\u00f3n de los&hellip;<\/p>\n","protected":false},"author":1,"featured_media":0,"parent":0,"menu_order":0,"comment_status":"closed","ping_status":"closed","template":"elementor_header_footer","meta":[],"_links":{"self":[{"href":"https:\/\/www.dadiscartagena.gov.co\/index.php\/wp-json\/wp\/v2\/pages\/4996"}],"collection":[{"href":"https:\/\/www.dadiscartagena.gov.co\/index.php\/wp-json\/wp\/v2\/pages"}],"about":[{"href":"https:\/\/www.dadiscartagena.gov.co\/index.php\/wp-json\/wp\/v2\/types\/page"}],"author":[{"embeddable":true,"href":"https:\/\/www.dadiscartagena.gov.co\/index.php\/wp-json\/wp\/v2\/users\/1"}],"replies":[{"embeddable":true,"href":"https:\/\/www.dadiscartagena.gov.co\/index.php\/wp-json\/wp\/v2\/comments?post=4996"}],"version-history":[{"count":13,"href":"https:\/\/www.dadiscartagena.gov.co\/index.php\/wp-json\/wp\/v2\/pages\/4996\/revisions"}],"predecessor-version":[{"id":5009,"href":"https:\/\/www.dadiscartagena.gov.co\/index.php\/wp-json\/wp\/v2\/pages\/4996\/revisions\/5009"}],"wp:attachment":[{"href":"https:\/\/www.dadiscartagena.gov.co\/index.php\/wp-json\/wp\/v2\/media?parent=4996"}],"curies":[{"name":"wp","href":"https:\/\/api.w.org\/{rel}","templated":true}]}}