{"id":5679,"date":"2022-12-29T22:16:05","date_gmt":"2022-12-30T03:16:05","guid":{"rendered":"https:\/\/www.dadiscartagena.gov.co\/?page_id=5679"},"modified":"2022-12-29T22:22:15","modified_gmt":"2022-12-30T03:22:15","slug":"recurso-humano-planeacion","status":"publish","type":"page","link":"https:\/\/www.dadiscartagena.gov.co\/index.php\/recurso-humano-planeacion\/","title":{"rendered":"Recurso Humano &#8211; Planeaci\u00f3n"},"content":{"rendered":"\t\t<div data-elementor-type=\"wp-page\" data-elementor-id=\"5679\" class=\"elementor elementor-5679\">\n\t\t\t\t\t\t\t\t\t<section data-particle_enable=\"false\" data-particle-mobile-disabled=\"false\" class=\"penci-section penci-disSticky penci-structure-10 elementor-section elementor-top-section elementor-element elementor-element-3eefb43 elementor-section-full_width elementor-section-stretched elementor-section-height-default elementor-section-height-default\" data-id=\"3eefb43\" data-element_type=\"section\" data-settings=\"{&quot;stretch_section&quot;:&quot;section-stretched&quot;}\">\n\t\t\t\t\t\t<div class=\"elementor-container elementor-column-gap-no\">\n\t\t\t\t\t<div class=\"penci-ercol-100 penci-ercol-order-1 penci-sticky-ct  elementor-column elementor-col-100 elementor-top-column elementor-element elementor-element-09727e7\" data-id=\"09727e7\" data-element_type=\"column\" data-settings=\"{&quot;background_background&quot;:&quot;classic&quot;}\">\n\t\t\t<div class=\"elementor-widget-wrap elementor-element-populated\">\n\t\t\t\t\t\t\t\t<div class=\"elementor-element elementor-element-a7b4a12 elementor-widget elementor-widget-image\" data-id=\"a7b4a12\" data-element_type=\"widget\" data-widget_type=\"image.default\">\n\t\t\t\t<div class=\"elementor-widget-container\">\n\t\t\t<style>\/*! elementor - v3.7.7 - 20-09-2022 *\/\n.elementor-widget-image{text-align:center}.elementor-widget-image a{display:inline-block}.elementor-widget-image a img[src$=\".svg\"]{width:48px}.elementor-widget-image img{vertical-align:middle;display:inline-block}<\/style>\t\t\t\t\t\t\t\t\t\t\t\t<img width=\"1024\" height=\"150\" src=\"https:\/\/www.dadiscartagena.gov.co\/wp-content\/uploads\/2022\/10\/banner_planeacion-1024x150.jpg\" class=\"attachment-large size-large\" alt=\"\" loading=\"lazy\" srcset=\"https:\/\/www.dadiscartagena.gov.co\/wp-content\/uploads\/2022\/10\/banner_planeacion-1024x150.jpg 1024w, https:\/\/www.dadiscartagena.gov.co\/wp-content\/uploads\/2022\/10\/banner_planeacion-300x44.jpg 300w, https:\/\/www.dadiscartagena.gov.co\/wp-content\/uploads\/2022\/10\/banner_planeacion-768x112.jpg 768w, https:\/\/www.dadiscartagena.gov.co\/wp-content\/uploads\/2022\/10\/banner_planeacion-1536x224.jpg 1536w, https:\/\/www.dadiscartagena.gov.co\/wp-content\/uploads\/2022\/10\/banner_planeacion-1170x171.jpg 1170w, https:\/\/www.dadiscartagena.gov.co\/wp-content\/uploads\/2022\/10\/banner_planeacion-585x85.jpg 585w, https:\/\/www.dadiscartagena.gov.co\/wp-content\/uploads\/2022\/10\/banner_planeacion.jpg 1567w\" sizes=\"(max-width: 1024px) 100vw, 1024px\" \/>\t\t\t\t\t\t\t\t\t\t\t\t\t\t\t<\/div>\n\t\t\t\t<\/div>\n\t\t\t\t\t<\/div>\n\t\t<\/div>\n\t\t\t\t\t\t\t<\/div>\n\t\t<\/section>\n\t\t\t\t<section data-particle_enable=\"false\" data-particle-mobile-disabled=\"false\" class=\"penci-section penci-enSticky penci-structure-22 elementor-section elementor-top-section elementor-element elementor-element-26c8ad6 elementor-section-boxed elementor-section-height-default elementor-section-height-default\" data-id=\"26c8ad6\" data-element_type=\"section\">\n\t\t\t\t\t\t<div class=\"elementor-container elementor-column-gap-wide\">\n\t\t\t\t\t<div class=\"penci-ercol-66 penci-ercol-order-1 penci-sticky-ct  elementor-column elementor-col-66 elementor-top-column elementor-element elementor-element-560417e\" data-id=\"560417e\" data-element_type=\"column\">\n\t\t\t<div class=\"elementor-widget-wrap elementor-element-populated\">\n\t\t\t\t\t\t\t\t<div class=\"elementor-element elementor-element-89ea5ff elementor-widget elementor-widget-image\" data-id=\"89ea5ff\" data-element_type=\"widget\" data-widget_type=\"image.default\">\n\t\t\t\t<div class=\"elementor-widget-container\">\n\t\t\t\t\t\t\t\t\t\t\t\t\t\t\t<img width=\"1024\" height=\"581\" src=\"https:\/\/www.dadiscartagena.gov.co\/wp-content\/uploads\/2022\/12\/planeacion-y-desarrollo-1024x581.jpg\" class=\"attachment-large size-large\" alt=\"\" loading=\"lazy\" srcset=\"https:\/\/www.dadiscartagena.gov.co\/wp-content\/uploads\/2022\/12\/planeacion-y-desarrollo-1024x581.jpg 1024w, https:\/\/www.dadiscartagena.gov.co\/wp-content\/uploads\/2022\/12\/planeacion-y-desarrollo-300x170.jpg 300w, https:\/\/www.dadiscartagena.gov.co\/wp-content\/uploads\/2022\/12\/planeacion-y-desarrollo-768x436.jpg 768w, https:\/\/www.dadiscartagena.gov.co\/wp-content\/uploads\/2022\/12\/planeacion-y-desarrollo-1170x663.jpg 1170w, https:\/\/www.dadiscartagena.gov.co\/wp-content\/uploads\/2022\/12\/planeacion-y-desarrollo-585x332.jpg 585w, https:\/\/www.dadiscartagena.gov.co\/wp-content\/uploads\/2022\/12\/planeacion-y-desarrollo.jpg 1280w\" sizes=\"(max-width: 1024px) 100vw, 1024px\" \/>\t\t\t\t\t\t\t\t\t\t\t\t\t\t\t<\/div>\n\t\t\t\t<\/div>\n\t\t\t\t<div class=\"elementor-element elementor-element-eae552e elementor-widget elementor-widget-heading\" data-id=\"eae552e\" data-element_type=\"widget\" data-widget_type=\"heading.default\">\n\t\t\t\t<div class=\"elementor-widget-container\">\n\t\t\t<style>\/*! elementor - v3.7.7 - 20-09-2022 *\/\n.elementor-heading-title{padding:0;margin:0;line-height:1}.elementor-widget-heading .elementor-heading-title[class*=elementor-size-]>a{color:inherit;font-size:inherit;line-height:inherit}.elementor-widget-heading .elementor-heading-title.elementor-size-small{font-size:15px}.elementor-widget-heading .elementor-heading-title.elementor-size-medium{font-size:19px}.elementor-widget-heading .elementor-heading-title.elementor-size-large{font-size:29px}.elementor-widget-heading .elementor-heading-title.elementor-size-xl{font-size:39px}.elementor-widget-heading .elementor-heading-title.elementor-size-xxl{font-size:59px}<\/style><h4 class=\"elementor-heading-title elementor-size-default\">PERSONAL DE PLANTA <br>\n\nTel\u00e9fono 6411370 Ext. 1443<\/h4>\t\t<\/div>\n\t\t\t\t<\/div>\n\t\t\t\t<div class=\"elementor-element elementor-element-ed5a5e2 elementor-widget elementor-widget-text-editor\" data-id=\"ed5a5e2\" data-element_type=\"widget\" data-widget_type=\"text-editor.default\">\n\t\t\t\t<div class=\"elementor-widget-container\">\n\t\t\t<style>\/*! elementor - v3.7.7 - 20-09-2022 *\/\n.elementor-widget-text-editor.elementor-drop-cap-view-stacked .elementor-drop-cap{background-color:#818a91;color:#fff}.elementor-widget-text-editor.elementor-drop-cap-view-framed .elementor-drop-cap{color:#818a91;border:3px solid;background-color:transparent}.elementor-widget-text-editor:not(.elementor-drop-cap-view-default) .elementor-drop-cap{margin-top:8px}.elementor-widget-text-editor:not(.elementor-drop-cap-view-default) .elementor-drop-cap-letter{width:1em;height:1em}.elementor-widget-text-editor .elementor-drop-cap{float:left;text-align:center;line-height:1;font-size:50px}.elementor-widget-text-editor .elementor-drop-cap-letter{display:inline-block}<\/style>\t\t\t\t<table border=\"0\"><tbody><tr><td><strong>CARGO<\/strong><\/td><td><strong>EXTENCI\u00d3N<\/strong><\/td><\/tr><tr><td>Jefe Oficina de Planeaci\u00f3n<\/td><td>1461<\/td><\/tr><tr><td>Profesional Universitario<\/td><td>1458<\/td><\/tr><tr><td>Profesional Universitario<\/td><td>1462<\/td><\/tr><tr><td>T\u00e9cnico<\/td><td>1457<\/td><\/tr><tr><td>Profesional Universitario<\/td><td>1459<\/td><\/tr><tr><td>Secretaria<\/td><td>1460<\/td><\/tr><\/tbody><\/table>\t\t\t\t\t\t<\/div>\n\t\t\t\t<\/div>\n\t\t\t\t\t<\/div>\n\t\t<\/div>\n\t\t\t\t<div class=\"penci-ercol-33 penci-ercol-order-2 penci-sticky-sb penci-sidebarSC elementor-column elementor-col-33 elementor-top-column elementor-element elementor-element-67632af\" data-id=\"67632af\" data-element_type=\"column\">\n\t\t\t<div class=\"elementor-widget-wrap elementor-element-populated\">\n\t\t\t\t\t\t\t\t<div class=\"elementor-element elementor-element-d32e568 elementor-widget elementor-widget-heading\" data-id=\"d32e568\" data-element_type=\"widget\" data-widget_type=\"heading.default\">\n\t\t\t\t<div class=\"elementor-widget-container\">\n\t\t\t<h2 class=\"elementor-heading-title elementor-size-medium\">FUNCIONES<\/h2>\t\t<\/div>\n\t\t\t\t<\/div>\n\t\t\t\t<div class=\"elementor-element elementor-element-f57fba8 elementor-widget elementor-widget-bdt-slinky-vertical-menu\" data-id=\"f57fba8\" data-element_type=\"widget\" data-widget_type=\"bdt-slinky-vertical-menu.default\">\n\t\t\t\t<div class=\"elementor-widget-container\">\n\t\t\t\t\t<div class=\"bdt-slinky-vertical-menu slinky-menu slinky-theme-default\" id=\"bdt-slinky-vertical-menu-f57fba8\">\n\n\t\t\t\t\t\t\t\t\t<ul id=\"bdt-slinky-vertical-menu-f57fba8\" class=\"slinky-vertical-menu\"><li class=\"bdt-menu-item\"><a href=\"https:\/\/www.dadiscartagena.gov.co\/index.php\/planeacion\/\" class=\"\">Objetivos<\/a><\/li><li class=\"bdt-menu-item\"><a href=\"https:\/\/www.dadiscartagena.gov.co\/index.php\/recurso-humano-planeacion\/\" class=\"\">Recurso Humano \u2013 Planeaci\u00f3n<\/a><\/li><li class=\"bdt-menu-item\"><a href=\"https:\/\/www.dadiscartagena.gov.co\/index.php\/planeacion-2\/\" class=\"\">Informe de Gesti\u00f3n<\/a><\/li><li class=\"bdt-menu-item\"><a href=\"https:\/\/www.dadiscartagena.gov.co\/index.php\/plan-de-desarrollo\/\" class=\"\">Plan de Desarrollo<\/a><\/li><li class=\"bdt-menu-item\"><a href=\"https:\/\/www.dadiscartagena.gov.co\/index.php\/plan-de-accion\/\" class=\"\">Plan de Acci\u00f3n<\/a><\/li><li class=\"bdt-menu-item\"><a href=\"https:\/\/www.dane.gov.co\/\" class=\"\">Dane<\/a><\/li><li class=\"bdt-menu-item\"><a href=\"https:\/\/www.dadiscartagena.gov.co\/index.php\/rendicion-de-cuentas\/\" class=\"\">Rendici\u00f3n de Cuentas<\/a><\/li><\/ul>\n\t\t\t\n\t\t<\/div>\n\t\t\t<\/div>\n\t\t\t\t<\/div>\n\t\t\t\t<div class=\"elementor-element elementor-element-81ab1b4 bdt-navigation-type-progressbar bdt-ep-custom-carousel-style-carousel elementor-widget elementor-widget-bdt-custom-carousel\" data-id=\"81ab1b4\" data-element_type=\"widget\" data-widget_type=\"bdt-custom-carousel.default\">\n\t\t\t\t<div class=\"elementor-widget-container\">\n\t\t\t\t\t<div id=\"bdt-ep-custom-carousel-81ab1b4\" class=\"bdt-ep-custom-carousel elementor-swiper bdt-skin-default\" data-bdt-lightbox=\"toggle: .bdt-ep-custom-carousel-lightbox-item; animation: slide;\" data-settings=\"{&quot;autoplay&quot;:{&quot;delay&quot;:5000},&quot;loop&quot;:true,&quot;speed&quot;:500,&quot;slidesPerView&quot;:1,&quot;spaceBetween&quot;:17,&quot;effect&quot;:&quot;carousel&quot;,&quot;slidesPerGroup&quot;:1,&quot;breakpoints&quot;:{&quot;767&quot;:{&quot;slidesPerView&quot;:2,&quot;spaceBetween&quot;:17,&quot;slidesPerGroup&quot;:1},&quot;1023&quot;:{&quot;slidesPerView&quot;:1,&quot;spaceBetween&quot;:17,&quot;slidesPerGroup&quot;:1}},&quot;navigation&quot;:{&quot;nextEl&quot;:&quot;#bdt-ep-custom-carousel-81ab1b4 .bdt-navigation-next&quot;,&quot;prevEl&quot;:&quot;#bdt-ep-custom-carousel-81ab1b4 .bdt-navigation-prev&quot;},&quot;pagination&quot;:{&quot;el&quot;:&quot;#bdt-ep-custom-carousel-81ab1b4 .swiper-pagination&quot;,&quot;type&quot;:&quot;progressbar&quot;,&quot;clickable&quot;:&quot;true&quot;,&quot;dynamicBullets&quot;:false},&quot;scrollbar&quot;:{&quot;el&quot;:&quot;#bdt-ep-custom-carousel-81ab1b4 .swiper-scrollbar&quot;,&quot;hide&quot;:&quot;true&quot;},&quot;coverflowEffect&quot;:{&quot;rotate&quot;:50,&quot;stretch&quot;:0,&quot;depth&quot;:100,&quot;modifier&quot;:1,&quot;slideShadows&quot;:true}}\">\n\t\t\t<div class=\"swiper-container\">\n\t\t\t\t<div class=\"swiper-wrapper\">\n\t\t\t\t\t\t\t<div class=\"swiper-slide bdt-ep-custom-carousel-item bdt-transition-toggle\">\n\t\t\t\t\t\t<div class=\"bdt-ep-custom-carousel-thumbnail bdt-image-mask\" style=\"background-image: url(https:\/\/www.dadiscartagena.gov.co\/wp-content\/uploads\/2022\/12\/sin_polvora5-300x300.jpg)\"><\/div>\n\n\t\t\n\t\t\t\t<\/div>\n\t\t\t<div class=\"swiper-slide bdt-ep-custom-carousel-item bdt-transition-toggle\">\n\t\t\t\t\t\t<div class=\"bdt-ep-custom-carousel-thumbnail bdt-image-mask\" style=\"background-image: url(https:\/\/www.dadiscartagena.gov.co\/wp-content\/uploads\/2022\/12\/sin_polvora1-300x300.jpg)\"><\/div>\n\n\t\t\n\t\t\t\t<\/div>\n\t\t\t<div class=\"swiper-slide bdt-ep-custom-carousel-item bdt-transition-toggle\">\n\t\t\t\t\t\t<div class=\"bdt-ep-custom-carousel-thumbnail bdt-image-mask\" style=\"background-image: url(https:\/\/www.dadiscartagena.gov.co\/wp-content\/uploads\/2022\/12\/sin_polvora3-300x300.jpg)\"><\/div>\n\n\t\t\n\t\t\t\t<\/div>\n\t\t\t<div class=\"swiper-slide bdt-ep-custom-carousel-item bdt-transition-toggle\">\n\t\t\t\t\t\t<div class=\"bdt-ep-custom-carousel-thumbnail bdt-image-mask\" style=\"background-image: url(https:\/\/www.dadiscartagena.gov.co\/wp-content\/uploads\/2022\/12\/sin_polvora2-300x300.jpg)\"><\/div>\n\n\t\t\n\t\t\t\t<\/div>\n\t\t\t<div class=\"swiper-slide bdt-ep-custom-carousel-item bdt-transition-toggle\">\n\t\t\t\t\t\t<div class=\"bdt-ep-custom-carousel-thumbnail bdt-image-mask\" style=\"background-image: url(https:\/\/www.dadiscartagena.gov.co\/wp-content\/uploads\/2022\/12\/sin_polvora4-300x300.jpg)\"><\/div>\n\n\t\t\n\t\t\t\t<\/div>\n\t\t\t\t<\/div>\n\n\t\t\t\t\t\t\t\t\t<div class=\"swiper-scrollbar\"><\/div>\n\t\t\t\t\n\t\t\t<\/div>\n\n\t\t\t\n\t\t\t\t\t\t\t\t\t\t\t\t<div class=\"swiper-pagination bdt-position-z-index bdt-position-bottom\"><\/div>\r\n\t\t\t\t\t\t\t\t\t\t\t\n\t\t\t\n\t\t<\/div>\n\t\t\t\t<\/div>\n\t\t\t\t<\/div>\n\t\t\t\t\t<\/div>\n\t\t<\/div>\n\t\t\t\t\t\t\t<\/div>\n\t\t<\/section>\n\t\t\t\t\t\t\t<\/div>\n\t\t","protected":false},"excerpt":{"rendered":"<p>PERSONAL DE PLANTA Tel\u00e9fono 6411370 Ext. 1443 CARGO EXTENCI\u00d3N Jefe Oficina de Planeaci\u00f3n 1461 Profesional Universitario 1458 Profesional Universitario 1462 T\u00e9cnico 1457 Profesional Universitario 1459 Secretaria 1460 FUNCIONES Objetivos Informe&hellip;<\/p>\n","protected":false},"author":1,"featured_media":0,"parent":0,"menu_order":0,"comment_status":"closed","ping_status":"closed","template":"","meta":[],"_links":{"self":[{"href":"https:\/\/www.dadiscartagena.gov.co\/index.php\/wp-json\/wp\/v2\/pages\/5679"}],"collection":[{"href":"https:\/\/www.dadiscartagena.gov.co\/index.php\/wp-json\/wp\/v2\/pages"}],"about":[{"href":"https:\/\/www.dadiscartagena.gov.co\/index.php\/wp-json\/wp\/v2\/types\/page"}],"author":[{"embeddable":true,"href":"https:\/\/www.dadiscartagena.gov.co\/index.php\/wp-json\/wp\/v2\/users\/1"}],"replies":[{"embeddable":true,"href":"https:\/\/www.dadiscartagena.gov.co\/index.php\/wp-json\/wp\/v2\/comments?post=5679"}],"version-history":[{"count":19,"href":"https:\/\/www.dadiscartagena.gov.co\/index.php\/wp-json\/wp\/v2\/pages\/5679\/revisions"}],"predecessor-version":[{"id":5698,"href":"https:\/\/www.dadiscartagena.gov.co\/index.php\/wp-json\/wp\/v2\/pages\/5679\/revisions\/5698"}],"wp:attachment":[{"href":"https:\/\/www.dadiscartagena.gov.co\/index.php\/wp-json\/wp\/v2\/media?parent=5679"}],"curies":[{"name":"wp","href":"https:\/\/api.w.org\/{rel}","templated":true}]}}