{"id":5808,"date":"2022-12-30T06:41:27","date_gmt":"2022-12-30T11:41:27","guid":{"rendered":"https:\/\/www.dadiscartagena.gov.co\/?page_id=5808"},"modified":"2023-03-16T12:18:36","modified_gmt":"2023-03-16T17:18:36","slug":"inscripcion-reactivacion-y-novedades","status":"publish","type":"page","link":"https:\/\/www.dadiscartagena.gov.co\/index.php\/inscripcion-reactivacion-y-novedades\/","title":{"rendered":"INSCRIPCION REACTIVACI\u00d3N Y NOVEDADES"},"content":{"rendered":"\t\t<div data-elementor-type=\"wp-page\" data-elementor-id=\"5808\" class=\"elementor elementor-5808\">\n\t\t\t\t\t\t\t\t\t<section data-particle_enable=\"false\" data-particle-mobile-disabled=\"false\" class=\"penci-section penci-disSticky penci-structure-10 elementor-section elementor-top-section elementor-element elementor-element-42942ca elementor-section-full_width elementor-section-stretched elementor-section-height-default elementor-section-height-default\" data-id=\"42942ca\" data-element_type=\"section\" data-settings=\"{&quot;stretch_section&quot;:&quot;section-stretched&quot;}\">\n\t\t\t\t\t\t<div class=\"elementor-container elementor-column-gap-default\">\n\t\t\t\t\t<div class=\"penci-ercol-100 penci-ercol-order-1 penci-sticky-ct  elementor-column elementor-col-100 elementor-top-column elementor-element elementor-element-3b3e6b8\" data-id=\"3b3e6b8\" data-element_type=\"column\" data-settings=\"{&quot;background_background&quot;:&quot;classic&quot;}\">\n\t\t\t<div class=\"elementor-widget-wrap elementor-element-populated\">\n\t\t\t\t\t\t\t\t<div class=\"elementor-element elementor-element-1dbfe3f elementor-widget elementor-widget-image\" data-id=\"1dbfe3f\" data-element_type=\"widget\" data-widget_type=\"image.default\">\n\t\t\t\t<div class=\"elementor-widget-container\">\n\t\t\t<style>\/*! elementor - v3.7.7 - 20-09-2022 *\/\n.elementor-widget-image{text-align:center}.elementor-widget-image a{display:inline-block}.elementor-widget-image a img[src$=\".svg\"]{width:48px}.elementor-widget-image img{vertical-align:middle;display:inline-block}<\/style>\t\t\t\t\t\t\t\t\t\t\t\t<img width=\"1024\" height=\"150\" src=\"https:\/\/www.dadiscartagena.gov.co\/wp-content\/uploads\/2022\/12\/banner_vigilancia_y_control-1024x150.jpg\" class=\"attachment-large size-large\" alt=\"\" loading=\"lazy\" srcset=\"https:\/\/www.dadiscartagena.gov.co\/wp-content\/uploads\/2022\/12\/banner_vigilancia_y_control-1024x150.jpg 1024w, https:\/\/www.dadiscartagena.gov.co\/wp-content\/uploads\/2022\/12\/banner_vigilancia_y_control-300x44.jpg 300w, https:\/\/www.dadiscartagena.gov.co\/wp-content\/uploads\/2022\/12\/banner_vigilancia_y_control-768x112.jpg 768w, https:\/\/www.dadiscartagena.gov.co\/wp-content\/uploads\/2022\/12\/banner_vigilancia_y_control-1536x224.jpg 1536w, https:\/\/www.dadiscartagena.gov.co\/wp-content\/uploads\/2022\/12\/banner_vigilancia_y_control-1170x171.jpg 1170w, https:\/\/www.dadiscartagena.gov.co\/wp-content\/uploads\/2022\/12\/banner_vigilancia_y_control-585x85.jpg 585w, https:\/\/www.dadiscartagena.gov.co\/wp-content\/uploads\/2022\/12\/banner_vigilancia_y_control.jpg 1567w\" sizes=\"(max-width: 1024px) 100vw, 1024px\" \/>\t\t\t\t\t\t\t\t\t\t\t\t\t\t\t<\/div>\n\t\t\t\t<\/div>\n\t\t\t\t\t<\/div>\n\t\t<\/div>\n\t\t\t\t\t\t\t<\/div>\n\t\t<\/section>\n\t\t\t\t<section data-particle_enable=\"false\" data-particle-mobile-disabled=\"false\" class=\"penci-section penci-enSticky penci-structure-22 elementor-section elementor-top-section elementor-element elementor-element-812abb2 elementor-section-boxed elementor-section-height-default elementor-section-height-default\" data-id=\"812abb2\" data-element_type=\"section\">\n\t\t\t\t\t\t<div class=\"elementor-container elementor-column-gap-wide\">\n\t\t\t\t\t<div class=\"penci-ercol-66 penci-ercol-order-1 penci-sticky-ct  elementor-column elementor-col-66 elementor-top-column elementor-element elementor-element-b2edcdf\" data-id=\"b2edcdf\" data-element_type=\"column\">\n\t\t\t<div class=\"elementor-widget-wrap elementor-element-populated\">\n\t\t\t\t\t\t\t\t<div class=\"elementor-element elementor-element-3481ee0 elementor-widget elementor-widget-image\" data-id=\"3481ee0\" data-element_type=\"widget\" data-widget_type=\"image.default\">\n\t\t\t\t<div class=\"elementor-widget-container\">\n\t\t\t\t\t\t\t\t\t\t\t\t\t\t\t<img width=\"1024\" height=\"576\" src=\"https:\/\/www.dadiscartagena.gov.co\/wp-content\/uploads\/2022\/12\/vigilancia_y_control-1024x576.jpg\" class=\"attachment-large size-large\" alt=\"\" loading=\"lazy\" srcset=\"https:\/\/www.dadiscartagena.gov.co\/wp-content\/uploads\/2022\/12\/vigilancia_y_control-1024x576.jpg 1024w, https:\/\/www.dadiscartagena.gov.co\/wp-content\/uploads\/2022\/12\/vigilancia_y_control-300x169.jpg 300w, https:\/\/www.dadiscartagena.gov.co\/wp-content\/uploads\/2022\/12\/vigilancia_y_control-768x432.jpg 768w, https:\/\/www.dadiscartagena.gov.co\/wp-content\/uploads\/2022\/12\/vigilancia_y_control-1170x658.jpg 1170w, https:\/\/www.dadiscartagena.gov.co\/wp-content\/uploads\/2022\/12\/vigilancia_y_control-585x329.jpg 585w, https:\/\/www.dadiscartagena.gov.co\/wp-content\/uploads\/2022\/12\/vigilancia_y_control.jpg 1280w\" sizes=\"(max-width: 1024px) 100vw, 1024px\" \/>\t\t\t\t\t\t\t\t\t\t\t\t\t\t\t<\/div>\n\t\t\t\t<\/div>\n\t\t\t\t<div class=\"elementor-element elementor-element-1d9b0b3 elementor-widget elementor-widget-heading\" data-id=\"1d9b0b3\" data-element_type=\"widget\" data-widget_type=\"heading.default\">\n\t\t\t\t<div class=\"elementor-widget-container\">\n\t\t\t<style>\/*! elementor - v3.7.7 - 20-09-2022 *\/\n.elementor-heading-title{padding:0;margin:0;line-height:1}.elementor-widget-heading .elementor-heading-title[class*=elementor-size-]>a{color:inherit;font-size:inherit;line-height:inherit}.elementor-widget-heading .elementor-heading-title.elementor-size-small{font-size:15px}.elementor-widget-heading .elementor-heading-title.elementor-size-medium{font-size:19px}.elementor-widget-heading .elementor-heading-title.elementor-size-large{font-size:29px}.elementor-widget-heading .elementor-heading-title.elementor-size-xl{font-size:39px}.elementor-widget-heading .elementor-heading-title.elementor-size-xxl{font-size:59px}<\/style><h2 class=\"elementor-heading-title elementor-size-medium\">INSCRIPCI\u00d3N  Y NOVEDADES<\/h2>\t\t<\/div>\n\t\t\t\t<\/div>\n\t\t\t\t<div class=\"elementor-element elementor-element-068305f elementor-widget elementor-widget-text-editor\" data-id=\"068305f\" data-element_type=\"widget\" data-widget_type=\"text-editor.default\">\n\t\t\t\t<div class=\"elementor-widget-container\">\n\t\t\t<style>\/*! elementor - v3.7.7 - 20-09-2022 *\/\n.elementor-widget-text-editor.elementor-drop-cap-view-stacked .elementor-drop-cap{background-color:#818a91;color:#fff}.elementor-widget-text-editor.elementor-drop-cap-view-framed .elementor-drop-cap{color:#818a91;border:3px solid;background-color:transparent}.elementor-widget-text-editor:not(.elementor-drop-cap-view-default) .elementor-drop-cap{margin-top:8px}.elementor-widget-text-editor:not(.elementor-drop-cap-view-default) .elementor-drop-cap-letter{width:1em;height:1em}.elementor-widget-text-editor .elementor-drop-cap{float:left;text-align:center;line-height:1;font-size:50px}.elementor-widget-text-editor .elementor-drop-cap-letter{display:inline-block}<\/style>\t\t\t\t<div dir=\"auto\"><div dir=\"auto\"><p>De acuerdo con lo establecido en el art\u00edculo 4 (<i>Inscripci\u00f3n y habilitaci\u00f3n<\/i>) de la Resoluci\u00f3n 3100 de 2019, todo prestador de servicios de salud debe estar inscrito en el Registro Especial de Prestadores de Servicios de Salud -REPS, registrando como m\u00ednimo una sede y por lo menos un servicio habilitado. La inscripci\u00f3n y habilitaci\u00f3n debe realizarse en los t\u00e9rminos establecidos en el Manual de Inscripci\u00f3n de Prestadores y Habilitaci\u00f3n de Servicios de Salud contenidos en dicha resoluci\u00f3n.\u00a0<\/p><\/div><div dir=\"auto\">\u00a0<\/div><div dir=\"auto\">La Entidad Territorial de Salud en su plan de visitas, deber\u00e1 Identificar prestadores que no se encuentran inscritos en el REPS, mediante un proceso de b\u00fasqueda activa utilizando fuentes de informaci\u00f3n disponibles. En el caso de encontrar en las b\u00fasquedas activas a un prestador que no se encuentre inscrito, se dar\u00e1 lugar a las medidas sanitarias aplicables.<\/div><p>\u00a0<\/p><p>Teniendo en cuenta lo anterior, recuerde que antes de prestar un servicio de salud, deber\u00e1 radicar su inscripci\u00f3n de acuerdo con lo estipulado en la resoluci\u00f3n 3100 de 2019, ante la secretaria de salud Departamental o Distrital o la Entidad que tenga a cargo dichas competencias para que esta una vez revisados sus soportes valide su inscripci\u00f3n en el Registro Especial de Prestadores de Servicios de Salud.\u00a0<\/p><\/div>\t\t\t\t\t\t<\/div>\n\t\t\t\t<\/div>\n\t\t\t\t<div class=\"elementor-element elementor-element-df35f97 elementor-widget elementor-widget-bdt-accordion\" data-id=\"df35f97\" data-element_type=\"widget\" data-widget_type=\"bdt-accordion.default\">\n\t\t\t\t<div class=\"elementor-widget-container\">\n\t\t\t        <div class=\"bdt-ep-accordion-container\">\r\n            <div id=\"bdt-ep-accordion-df35f97\" class=\"bdt-ep-accordion bdt-accordion\" data-bdt-accordion=\"{&quot;collapsible&quot;:true,&quot;multiple&quot;:false,&quot;transition&quot;:&quot;ease-in-out&quot;}\" data-settings=\"{&quot;id&quot;:&quot;bdt-ep-accordion-df35f97&quot;,&quot;activeHash&quot;:&quot;no&quot;,&quot;activeScrollspy&quot;:null,&quot;hashTopOffset&quot;:false,&quot;hashScrollspyTime&quot;:false}\">\r\n                                    <div class=\"bdt-ep-accordion-item\">\r\n                        <div class=\"bdt-ep-accordion-title bdt-accordion-title bdt-flex bdt-flex-middle bdt-flex-between\" id=\"bdt-ep-accordion-inscripcin-de-prestadores-de-servicios-de-salud\" data-accordion-index=\"0\" data-title=\"inscripci-n-de-prestadores-de-servicios-de-salud\" role=\"heading\">\r\n\r\n                                                            <span class=\"bdt-ep-accordion-icon bdt-flex-align-right\" aria-hidden=\"true\">\r\n\r\n                                                                            <span class=\"bdt-ep-accordion-icon-closed\">\r\n                                            <i aria-hidden=\"true\" class=\"fa-fw fas fa-plus\"><\/i>                                        <\/span>\r\n                                    \r\n                                                                            <span class=\"bdt-ep-accordion-icon-opened\">\r\n                                            <i aria-hidden=\"true\" class=\"fa-fw fas fa-minus\"><\/i>                                        <\/span>\r\n                                    \r\n                                <\/span>\r\n                            \r\n                            <span class=\"bdt-ep-title-text bdt-flex bdt-flex-middle\">\r\n\r\n                                                                INSCRIPCI\u00d3N DE PRESTADORES DE SERVICIOS DE SALUD                            <\/span>\r\n\r\n                        <\/div>\r\n                        <div class=\"bdt-ep-accordion-content bdt-accordion-content\">\r\n                            <p><a href=\"https:\/\/www.dadiscartagena.gov.co\/wp-content\/uploads\/2023\/03\/INSCRIPCION-DE-PRESTADORES-DE-SERVICIOS-DE-SALUD-3.pdf\" target=\"_blank\" rel=\"noopener\">INSCRIPCION DE PRESTADORES DE SERVICIOS DE SALUD<\/a><\/p><p><a href=\"https:\/\/prestadores.minsalud.gov.co\/habilitacion\/ingreso.aspx?ets_codigo=13001\" target=\"_blank\" rel=\"noopener\">HAZ CLICK PARA INGRESAR\u00a0<\/a><\/p>                        <\/div>\r\n                    <\/div>\r\n                            <\/div>\r\n        <\/div>\r\n    \t\t<\/div>\n\t\t\t\t<\/div>\n\t\t\t\t<div class=\"elementor-element elementor-element-41fd082 elementor-widget elementor-widget-bdt-accordion\" data-id=\"41fd082\" data-element_type=\"widget\" data-widget_type=\"bdt-accordion.default\">\n\t\t\t\t<div class=\"elementor-widget-container\">\n\t\t\t        <div class=\"bdt-ep-accordion-container\">\r\n            <div id=\"bdt-ep-accordion-41fd082\" class=\"bdt-ep-accordion bdt-accordion\" data-bdt-accordion=\"{&quot;collapsible&quot;:true,&quot;multiple&quot;:false,&quot;transition&quot;:&quot;ease-in-out&quot;}\" data-settings=\"{&quot;id&quot;:&quot;bdt-ep-accordion-41fd082&quot;,&quot;activeHash&quot;:&quot;no&quot;,&quot;activeScrollspy&quot;:null,&quot;hashTopOffset&quot;:false,&quot;hashScrollspyTime&quot;:false}\">\r\n                                    <div class=\"bdt-ep-accordion-item\">\r\n                        <div class=\"bdt-ep-accordion-title bdt-accordion-title bdt-flex bdt-flex-middle bdt-flex-between\" id=\"bdt-ep-accordion-novedades-de-prestadores-de-servicios-de-salud\" data-accordion-index=\"0\" data-title=\"novedades-de-prestadores-de-servicios-de-salud\" role=\"heading\">\r\n\r\n                                                            <span class=\"bdt-ep-accordion-icon bdt-flex-align-right\" aria-hidden=\"true\">\r\n\r\n                                                                            <span class=\"bdt-ep-accordion-icon-closed\">\r\n                                            <i aria-hidden=\"true\" class=\"fa-fw fas fa-plus\"><\/i>                                        <\/span>\r\n                                    \r\n                                                                            <span class=\"bdt-ep-accordion-icon-opened\">\r\n                                            <i aria-hidden=\"true\" class=\"fa-fw fas fa-minus\"><\/i>                                        <\/span>\r\n                                    \r\n                                <\/span>\r\n                            \r\n                            <span class=\"bdt-ep-title-text bdt-flex bdt-flex-middle\">\r\n\r\n                                                                NOVEDADES DE PRESTADORES DE SERVICIOS DE SALUD                            <\/span>\r\n\r\n                        <\/div>\r\n                        <div class=\"bdt-ep-accordion-content bdt-accordion-content\">\r\n                            <p><a href=\"https:\/\/www.dadiscartagena.gov.co\/wp-content\/uploads\/2023\/02\/TR\u00a6MITE-DE-NOVEDADES-RESOLUCION-3100-DE-2019.pdf\">TR\u00c1MITE DE NOVEDADES RESOLUCION 3100 DE 2019<\/a><\/p><p><a href=\"https:\/\/prestadores.minsalud.gov.co\/habilitacion\/ingreso_prestadores.aspx?ets_codigo=13001\" target=\"_blank\" rel=\"noopener\">HAZ CLICK PARA INGRESAR\u00a0<\/a><\/p>                        <\/div>\r\n                    <\/div>\r\n                            <\/div>\r\n        <\/div>\r\n    \t\t<\/div>\n\t\t\t\t<\/div>\n\t\t\t\t\t<\/div>\n\t\t<\/div>\n\t\t\t\t<div class=\"penci-ercol-33 penci-ercol-order-2 penci-sticky-sb penci-sidebarSC elementor-column elementor-col-33 elementor-top-column elementor-element elementor-element-e3d0bf4\" data-id=\"e3d0bf4\" data-element_type=\"column\">\n\t\t\t<div class=\"elementor-widget-wrap elementor-element-populated\">\n\t\t\t\t\t\t\t\t<div class=\"elementor-element elementor-element-34e5082 elementor-widget elementor-widget-bdt-slinky-vertical-menu\" data-id=\"34e5082\" data-element_type=\"widget\" data-widget_type=\"bdt-slinky-vertical-menu.default\">\n\t\t\t\t<div class=\"elementor-widget-container\">\n\t\t\t\t\t<div class=\"bdt-slinky-vertical-menu slinky-menu slinky-theme-default\" id=\"bdt-slinky-vertical-menu-34e5082\">\n\n\t\t\t\t\t\t\t\t\t<ul id=\"bdt-slinky-vertical-menu-34e5082\" class=\"slinky-vertical-menu\"><li class=\"bdt-menu-item\"><a href=\"https:\/\/www.dadiscartagena.gov.co\/index.php\/vigilancia-y-control\/\" class=\"\">Vigilancia y Control<\/a><\/li><li class=\"bdt-menu-item\"><a href=\"https:\/\/www.dadiscartagena.gov.co\/index.php\/recurso-humano-vigilancia-y-control\/\" class=\"\">Recurso Humano<\/a><\/li><li class=\"bdt-menu-item\"><a href=\"https:\/\/www.dadiscartagena.gov.co\/index.php\/inscripcion-reactivacion-y-novedades\/\" class=\"\">Inscripci\u00f3n de Servicios de Salud en el Registro Especial de Prestadores (REPS)<\/a><\/li><li class=\"bdt-menu-item\"><a href=\"https:\/\/www.dadiscartagena.gov.co\/index.php\/distintivos-de-habilitacion-de-servicios-de-salud\/\" class=\"\">Distintivos de Habilitaci\u00f3n de Servicios de Salud<\/a><\/li><li class=\"bdt-menu-item\"><a href=\"https:\/\/www.dadiscartagena.gov.co\/index.php\/resolucion-3100-de-2019\/\" class=\"\">Actualizaci\u00f3n del Portafolio y Declaraci\u00f3n de Autoevaluaci\u00f3n de Acuerdo con Resoluci\u00f3n 3100 de 2019<\/a><\/li><li class=\"bdt-menu-item\"><a href=\"https:\/\/www.dadiscartagena.gov.co\/index.php\/resolucion-0544-2023-por-la-cual-se-modifica-la-resolucion-3100-de-2019\/\" class=\"\">Resoluci\u00f3n 0544-2023, Por la cual se modifica la Resoluci\u00f3n 3100 de 2019<\/a><\/li><li class=\"bdt-menu-item\"><a href=\"https:\/\/www.dadiscartagena.gov.co\/index.php\/resolucion-0482-de-2018\/\" class=\"\">Licencias M\u00e9dicas Equipos Generadores de Radiaciones Ionizantes<\/a><\/li><li class=\"bdt-menu-item\"><a href=\"https:\/\/www.dadiscartagena.gov.co\/index.php\/residuos-hospitalarios\/\" class=\"\">Marco Legal Vigente<\/a><\/li><li class=\"bdt-menu-item\"><a href=\"https:\/\/www.dadiscartagena.gov.co\/index.php\/abece-resolucion-0256-2016\/\" class=\"\">Reporte de Indicadores de Calidad<\/a><\/li><li class=\"bdt-menu-item\"><a href=\"https:\/\/www.dadiscartagena.gov.co\/index.php\/asistencias-tecnicas-en-los-proceso-de-inscripcion-novedades-y-actualizacion-del-portafolio-servicios-y-declaracion-de-autoevaluacion-de-servicios\/\" class=\"\">Asistencias T\u00e9cnicas en los Proceso de Inscripci\u00f3n, Novedades y Actualizaci\u00f3n del Portafolio Servicios y Declaraci\u00f3n de Autoevaluaci\u00f3n de Servicios.<\/a><\/li><\/ul>\n\t\t\t\n\t\t<\/div>\n\t\t\t<\/div>\n\t\t\t\t<\/div>\n\t\t\t\t\t<\/div>\n\t\t<\/div>\n\t\t\t\t\t\t\t<\/div>\n\t\t<\/section>\n\t\t\t\t\t\t\t<\/div>\n\t\t","protected":false},"excerpt":{"rendered":"<p>INSCRIPCI\u00d3N Y NOVEDADES De acuerdo con lo establecido en el art\u00edculo 4 (Inscripci\u00f3n y habilitaci\u00f3n) de la Resoluci\u00f3n 3100 de 2019, todo prestador de servicios de salud debe estar inscrito&hellip;<\/p>\n","protected":false},"author":1,"featured_media":0,"parent":0,"menu_order":0,"comment_status":"closed","ping_status":"closed","template":"elementor_header_footer","meta":[],"_links":{"self":[{"href":"https:\/\/www.dadiscartagena.gov.co\/index.php\/wp-json\/wp\/v2\/pages\/5808"}],"collection":[{"href":"https:\/\/www.dadiscartagena.gov.co\/index.php\/wp-json\/wp\/v2\/pages"}],"about":[{"href":"https:\/\/www.dadiscartagena.gov.co\/index.php\/wp-json\/wp\/v2\/types\/page"}],"author":[{"embeddable":true,"href":"https:\/\/www.dadiscartagena.gov.co\/index.php\/wp-json\/wp\/v2\/users\/1"}],"replies":[{"embeddable":true,"href":"https:\/\/www.dadiscartagena.gov.co\/index.php\/wp-json\/wp\/v2\/comments?post=5808"}],"version-history":[{"count":112,"href":"https:\/\/www.dadiscartagena.gov.co\/index.php\/wp-json\/wp\/v2\/pages\/5808\/revisions"}],"predecessor-version":[{"id":8437,"href":"https:\/\/www.dadiscartagena.gov.co\/index.php\/wp-json\/wp\/v2\/pages\/5808\/revisions\/8437"}],"wp:attachment":[{"href":"https:\/\/www.dadiscartagena.gov.co\/index.php\/wp-json\/wp\/v2\/media?parent=5808"}],"curies":[{"name":"wp","href":"https:\/\/api.w.org\/{rel}","templated":true}]}}