{"id":7142,"date":"2023-02-07T08:12:04","date_gmt":"2023-02-07T13:12:04","guid":{"rendered":"https:\/\/www.dadiscartagena.gov.co\/?page_id=7142"},"modified":"2023-02-07T08:22:49","modified_gmt":"2023-02-07T13:22:49","slug":"pamec","status":"publish","type":"page","link":"https:\/\/www.dadiscartagena.gov.co\/index.php\/pamec\/","title":{"rendered":"PAMEC"},"content":{"rendered":"\t\t<div data-elementor-type=\"wp-page\" data-elementor-id=\"7142\" class=\"elementor elementor-7142\">\n\t\t\t\t\t\t\t\t\t<section data-particle_enable=\"false\" data-particle-mobile-disabled=\"false\" class=\"penci-section penci-disSticky penci-structure-10 elementor-section elementor-top-section elementor-element elementor-element-42942ca elementor-section-full_width elementor-section-stretched elementor-section-height-default elementor-section-height-default\" data-id=\"42942ca\" data-element_type=\"section\" data-settings=\"{&quot;stretch_section&quot;:&quot;section-stretched&quot;}\">\n\t\t\t\t\t\t<div class=\"elementor-container elementor-column-gap-default\">\n\t\t\t\t\t<div class=\"penci-ercol-100 penci-ercol-order-1 penci-sticky-ct  elementor-column elementor-col-100 elementor-top-column elementor-element elementor-element-3b3e6b8\" data-id=\"3b3e6b8\" data-element_type=\"column\" data-settings=\"{&quot;background_background&quot;:&quot;classic&quot;}\">\n\t\t\t<div class=\"elementor-widget-wrap elementor-element-populated\">\n\t\t\t\t\t\t\t\t<div class=\"elementor-element elementor-element-1dbfe3f elementor-widget elementor-widget-image\" data-id=\"1dbfe3f\" data-element_type=\"widget\" data-widget_type=\"image.default\">\n\t\t\t\t<div class=\"elementor-widget-container\">\n\t\t\t<style>\/*! elementor - v3.7.7 - 20-09-2022 *\/\n.elementor-widget-image{text-align:center}.elementor-widget-image a{display:inline-block}.elementor-widget-image a img[src$=\".svg\"]{width:48px}.elementor-widget-image img{vertical-align:middle;display:inline-block}<\/style>\t\t\t\t\t\t\t\t\t\t\t\t<img width=\"1024\" height=\"150\" src=\"https:\/\/www.dadiscartagena.gov.co\/wp-content\/uploads\/2022\/12\/banner_vigilancia_y_control-1024x150.jpg\" class=\"attachment-large size-large\" alt=\"\" loading=\"lazy\" srcset=\"https:\/\/www.dadiscartagena.gov.co\/wp-content\/uploads\/2022\/12\/banner_vigilancia_y_control-1024x150.jpg 1024w, https:\/\/www.dadiscartagena.gov.co\/wp-content\/uploads\/2022\/12\/banner_vigilancia_y_control-300x44.jpg 300w, https:\/\/www.dadiscartagena.gov.co\/wp-content\/uploads\/2022\/12\/banner_vigilancia_y_control-768x112.jpg 768w, https:\/\/www.dadiscartagena.gov.co\/wp-content\/uploads\/2022\/12\/banner_vigilancia_y_control-1536x224.jpg 1536w, https:\/\/www.dadiscartagena.gov.co\/wp-content\/uploads\/2022\/12\/banner_vigilancia_y_control-1170x171.jpg 1170w, https:\/\/www.dadiscartagena.gov.co\/wp-content\/uploads\/2022\/12\/banner_vigilancia_y_control-585x85.jpg 585w, https:\/\/www.dadiscartagena.gov.co\/wp-content\/uploads\/2022\/12\/banner_vigilancia_y_control.jpg 1567w\" sizes=\"(max-width: 1024px) 100vw, 1024px\" \/>\t\t\t\t\t\t\t\t\t\t\t\t\t\t\t<\/div>\n\t\t\t\t<\/div>\n\t\t\t\t\t<\/div>\n\t\t<\/div>\n\t\t\t\t\t\t\t<\/div>\n\t\t<\/section>\n\t\t\t\t<section data-particle_enable=\"false\" data-particle-mobile-disabled=\"false\" class=\"penci-section penci-enSticky penci-structure-22 elementor-section elementor-top-section elementor-element elementor-element-812abb2 elementor-section-boxed elementor-section-height-default elementor-section-height-default\" data-id=\"812abb2\" data-element_type=\"section\">\n\t\t\t\t\t\t<div class=\"elementor-container elementor-column-gap-wide\">\n\t\t\t\t\t<div class=\"penci-ercol-66 penci-ercol-order-1 penci-sticky-ct  elementor-column elementor-col-66 elementor-top-column elementor-element elementor-element-b2edcdf\" data-id=\"b2edcdf\" data-element_type=\"column\">\n\t\t\t<div class=\"elementor-widget-wrap elementor-element-populated\">\n\t\t\t\t\t\t\t\t<div class=\"elementor-element elementor-element-3481ee0 elementor-widget elementor-widget-image\" data-id=\"3481ee0\" data-element_type=\"widget\" data-widget_type=\"image.default\">\n\t\t\t\t<div class=\"elementor-widget-container\">\n\t\t\t\t\t\t\t\t\t\t\t\t\t\t\t<img width=\"1024\" height=\"576\" src=\"https:\/\/www.dadiscartagena.gov.co\/wp-content\/uploads\/2022\/12\/vigilancia_y_control-1024x576.jpg\" class=\"attachment-large size-large\" alt=\"\" loading=\"lazy\" srcset=\"https:\/\/www.dadiscartagena.gov.co\/wp-content\/uploads\/2022\/12\/vigilancia_y_control-1024x576.jpg 1024w, https:\/\/www.dadiscartagena.gov.co\/wp-content\/uploads\/2022\/12\/vigilancia_y_control-300x169.jpg 300w, https:\/\/www.dadiscartagena.gov.co\/wp-content\/uploads\/2022\/12\/vigilancia_y_control-768x432.jpg 768w, https:\/\/www.dadiscartagena.gov.co\/wp-content\/uploads\/2022\/12\/vigilancia_y_control-1170x658.jpg 1170w, https:\/\/www.dadiscartagena.gov.co\/wp-content\/uploads\/2022\/12\/vigilancia_y_control-585x329.jpg 585w, https:\/\/www.dadiscartagena.gov.co\/wp-content\/uploads\/2022\/12\/vigilancia_y_control.jpg 1280w\" sizes=\"(max-width: 1024px) 100vw, 1024px\" \/>\t\t\t\t\t\t\t\t\t\t\t\t\t\t\t<\/div>\n\t\t\t\t<\/div>\n\t\t\t\t<div class=\"elementor-element elementor-element-1d9b0b3 elementor-widget elementor-widget-heading\" data-id=\"1d9b0b3\" data-element_type=\"widget\" data-widget_type=\"heading.default\">\n\t\t\t\t<div class=\"elementor-widget-container\">\n\t\t\t<style>\/*! elementor - v3.7.7 - 20-09-2022 *\/\n.elementor-heading-title{padding:0;margin:0;line-height:1}.elementor-widget-heading .elementor-heading-title[class*=elementor-size-]>a{color:inherit;font-size:inherit;line-height:inherit}.elementor-widget-heading .elementor-heading-title.elementor-size-small{font-size:15px}.elementor-widget-heading .elementor-heading-title.elementor-size-medium{font-size:19px}.elementor-widget-heading .elementor-heading-title.elementor-size-large{font-size:29px}.elementor-widget-heading .elementor-heading-title.elementor-size-xl{font-size:39px}.elementor-widget-heading .elementor-heading-title.elementor-size-xxl{font-size:59px}<\/style><h2 class=\"elementor-heading-title elementor-size-medium\">PROGRAMA DE AUDITORIA PARA EL MEJORAMIENTO DE LA \nCALIDAD DE LA ATENCI\u00d3N EN SALUD<\/h2>\t\t<\/div>\n\t\t\t\t<\/div>\n\t\t\t\t<div class=\"elementor-element elementor-element-3e7afc9 elementor-widget elementor-widget-heading\" data-id=\"3e7afc9\" data-element_type=\"widget\" data-widget_type=\"heading.default\">\n\t\t\t\t<div class=\"elementor-widget-container\">\n\t\t\t<h2 class=\"elementor-heading-title elementor-size-small\">QUE ES EL PAMEC?<\/h2>\t\t<\/div>\n\t\t\t\t<\/div>\n\t\t\t\t<div class=\"elementor-element elementor-element-7a4d8db elementor-widget elementor-widget-text-editor\" data-id=\"7a4d8db\" data-element_type=\"widget\" data-widget_type=\"text-editor.default\">\n\t\t\t\t<div class=\"elementor-widget-container\">\n\t\t\t<style>\/*! elementor - v3.7.7 - 20-09-2022 *\/\n.elementor-widget-text-editor.elementor-drop-cap-view-stacked .elementor-drop-cap{background-color:#818a91;color:#fff}.elementor-widget-text-editor.elementor-drop-cap-view-framed .elementor-drop-cap{color:#818a91;border:3px solid;background-color:transparent}.elementor-widget-text-editor:not(.elementor-drop-cap-view-default) .elementor-drop-cap{margin-top:8px}.elementor-widget-text-editor:not(.elementor-drop-cap-view-default) .elementor-drop-cap-letter{width:1em;height:1em}.elementor-widget-text-editor .elementor-drop-cap{float:left;text-align:center;line-height:1;font-size:50px}.elementor-widget-text-editor .elementor-drop-cap-letter{display:inline-block}<\/style>\t\t\t\t<p>El Decreto 1011 de 2006 define Auditoria para el Mejoramiento como \u201cel mecanismo sistem\u00e1tico y continuo de evaluaci\u00f3n y mejoramiento de la calidad observada, respecto de la calidad esperada de la atenci\u00f3n de salud\u201d que reciben los usuarios; y en el Anexo T\u00e9cnico No. 2 \u00a0de la Resoluci\u00f3n 1043 de 2006 establece que el Programa de Auditoria para el Mejoramiento de la Calidad de la Atenci\u00f3n en Salud, PAMEC \u201c<em>es la forma a trav\u00e9s de la cual la instituci\u00f3n implementar\u00e1 el componente de Auditoria para el Mejoramiento de la Calidad.<\/em>\u201d<\/p><p>\u00a0<\/p><p>Por tanto el PAMEC es la manera particular en que cada Instituci\u00f3n pone en marcha, operativiza o implementa el componente de Auditoria para el Mejoramiento de la Calidad de la atenci\u00f3n en Salud.<\/p><p>\u00a0<\/p><p>\u2022\u00a0<a href=\"https:\/\/web2.dadiscartagena.gov.co\/images\/docs\/vigilanciaycontrol\/pamec.ppt\" target=\"_blank\" rel=\"noopener\">Presentaci\u00f3n en PowerPoint acerca del PAMEC<\/a><\/p>\t\t\t\t\t\t<\/div>\n\t\t\t\t<\/div>\n\t\t\t\t<div class=\"elementor-element elementor-element-c85d28c elementor-widget elementor-widget-heading\" data-id=\"c85d28c\" data-element_type=\"widget\" data-widget_type=\"heading.default\">\n\t\t\t\t<div class=\"elementor-widget-container\">\n\t\t\t<h2 class=\"elementor-heading-title elementor-size-small\">\u00bfCOMO INICIAR?<\/h2>\t\t<\/div>\n\t\t\t\t<\/div>\n\t\t\t\t<div class=\"elementor-element elementor-element-1d063b8 elementor-widget elementor-widget-text-editor\" data-id=\"1d063b8\" data-element_type=\"widget\" data-widget_type=\"text-editor.default\">\n\t\t\t\t<div class=\"elementor-widget-container\">\n\t\t\t\t\t\t\t<ul><li><p>Para iniciar se recomienda la lectura de las siguientes normas y documentos t\u00e9cnicos:<\/p><table border=\"0\"><tbody><tr><td>\u2022<\/td><td>Decreto 1011 de 2006, Titulo IV<\/td><\/tr><tr><td>\u2022<\/td><td><a href=\"https:\/\/web2.dadiscartagena.gov.co\/images\/docs\/vigilanciaycontrol\/pautas_de_auditoria.pdf\" target=\"_blank\" rel=\"noopener\">Pautas de Auditoria para el mejoramiento de la calidad de la atenci\u00f3n en salud. MPS Versi\u00f3n 2007<\/a><\/td><\/tr><tr><td>\u2022<\/td><td>Gu\u00edas B\u00e1sicas para la Implementaci\u00f3n de las Pautas de Auditoria para el mejoramiento de la calidad de la atenci\u00f3n en salud. MPS Versi\u00f3n 2007<\/td><\/tr><tr><td>\u2022<\/td><td><a href=\"https:\/\/web2.dadiscartagena.gov.co\/images\/docs\/vigilanciaycontrol\/formato_verificacion_pamec.pdf\" target=\"_blank\" rel=\"noopener\">Formato de Verificaci\u00f3n PAMEC<\/a><\/td><\/tr><\/tbody><\/table><p>Los anteriores documentos constituyen el principal marco normativo y t\u00e9cnico, a tener en cuenta por parte de la o las personas encargadas de la IPS para la formulaci\u00f3n del PAMEC.<\/p><\/li><\/ul>\t\t\t\t\t\t<\/div>\n\t\t\t\t<\/div>\n\t\t\t\t<div class=\"elementor-element elementor-element-838c102 elementor-widget elementor-widget-heading\" data-id=\"838c102\" data-element_type=\"widget\" data-widget_type=\"heading.default\">\n\t\t\t\t<div class=\"elementor-widget-container\">\n\t\t\t<h2 class=\"elementor-heading-title elementor-size-small\">DISE\u00d1O Y FORMULACION DEL PAMEC<\/h2>\t\t<\/div>\n\t\t\t\t<\/div>\n\t\t\t\t<div class=\"elementor-element elementor-element-79ffc79 elementor-widget elementor-widget-text-editor\" data-id=\"79ffc79\" data-element_type=\"widget\" data-widget_type=\"text-editor.default\">\n\t\t\t\t<div class=\"elementor-widget-container\">\n\t\t\t\t\t\t\t<p>El dise\u00f1o y formulaci\u00f3n del PAMEC que corresponde a la etapa de Planear, tiene como producto o resultado, un documento que registra en detalle lo que la Instituci\u00f3n va a implementar como Programa de mejoramiento continuo. \u00a0Documento que se adjunta \u00a0a la Inscripci\u00f3n ante el Ente territorial y del que se espera incluya como m\u00ednimo la siguiente informaci\u00f3n:<\/p><p>\u00a0<\/p><table border=\"0\"><tbody><tr><td>\u2022<\/td><td><p><strong>INTRODUCCION<\/strong>: Consigne de manera clara y resumida las principales caracter\u00edsticas de la Instituci\u00f3n: Nombre, Ubicaci\u00f3n, Servicios que presta y complejidad de los mismos, zona de influencia, poblaci\u00f3n que atiende, antecedentes en el desarrollo del Sistema de Gesti\u00f3n de Calidad, etc.<\/p><p>\u00a0<\/p><\/td><\/tr><tr><td>\u2022<\/td><td><p><strong>MARCO OPERATIVO<\/strong>: Relacione la normatividad aplicable al dise\u00f1o, elaboraci\u00f3n e implementaci\u00f3n del PAMEC; as\u00ed como las pol\u00edticas, directrices, documentos t\u00e9cnicos, etc., que inciden de manera directa en el desarrollo del PAMEC propuesto.<\/p><p>\u00a0<\/p><\/td><\/tr><tr><td>\u2022<\/td><td><p><strong>OBJETIVOS<\/strong>: Defina los objetivos (generales y\/o espec\u00edficos) de su Instituci\u00f3n con relaci\u00f3n a la implementaci\u00f3n del PAMEC; estos corresponden generalmente a los logros esperados en calidad \u00a0y mejoramiento continuo del proceso de la atenci\u00f3n en salud.<\/p><p>\u00a0<\/p><p>\u00a0<\/p><\/td><\/tr><tr><td>\u2022<\/td><td><strong>AUTOEVALUACION<\/strong>: Describa de manera especifica como su Instituci\u00f3n efectu\u00f3 el proceso de Autoevaluaci\u00f3n, el cual implica un diagnostico y\/o evaluaci\u00f3n de la instituci\u00f3n frente a est\u00e1ndares de calidad de la atenci\u00f3n superiores a los que establece el Sistema \u00danico de Habilitaci\u00f3n. Algunos ejemplos, entre otras opciones, corresponden a autoevaluaci\u00f3n frente a est\u00e1ndares de:<ul><li>Sistema \u00danico de Acreditaci\u00f3n,<\/li><li>Sistema de Informaci\u00f3n de Calidad Resoluci\u00f3n 1446 de 2006.<\/li><li>Eventos Adversos diferentes a los m\u00ednimos de la norma que se incluyan en el mecanismo de Seguimiento a Riesgos del Est\u00e1ndar 9 de Habilitaci\u00f3n.<\/li><li>Pol\u00edtica de Seguridad del Paciente<\/li><\/ul><\/td><\/tr><\/tbody><\/table>\t\t\t\t\t\t<\/div>\n\t\t\t\t<\/div>\n\t\t\t\t\t<\/div>\n\t\t<\/div>\n\t\t\t\t<div class=\"penci-ercol-33 penci-ercol-order-2 penci-sticky-sb penci-sidebarSC elementor-column elementor-col-33 elementor-top-column elementor-element elementor-element-e3d0bf4\" data-id=\"e3d0bf4\" data-element_type=\"column\">\n\t\t\t<div class=\"elementor-widget-wrap elementor-element-populated\">\n\t\t\t\t\t\t\t\t<div class=\"elementor-element elementor-element-34e5082 elementor-widget elementor-widget-bdt-slinky-vertical-menu\" data-id=\"34e5082\" data-element_type=\"widget\" data-widget_type=\"bdt-slinky-vertical-menu.default\">\n\t\t\t\t<div class=\"elementor-widget-container\">\n\t\t\t\t\t<div class=\"bdt-slinky-vertical-menu slinky-menu slinky-theme-default\" id=\"bdt-slinky-vertical-menu-34e5082\">\n\n\t\t\t\t\t\t\t\t\t<ul id=\"bdt-slinky-vertical-menu-34e5082\" class=\"slinky-vertical-menu\"><li class=\"bdt-menu-item\"><a href=\"https:\/\/www.dadiscartagena.gov.co\/index.php\/vigilancia-y-control\/\" class=\"\">Vigilancia y Control<\/a><\/li><li class=\"bdt-menu-item\"><a href=\"https:\/\/www.dadiscartagena.gov.co\/index.php\/recurso-humano-vigilancia-y-control\/\" class=\"\">Recurso Humano<\/a><\/li><li class=\"bdt-menu-item\"><a href=\"https:\/\/www.dadiscartagena.gov.co\/index.php\/inscripcion-reactivacion-y-novedades\/\" class=\"\">Inscripci\u00f3n de Servicios de Salud en el Registro Especial de Prestadores (REPS)<\/a><\/li><li class=\"bdt-menu-item\"><a href=\"https:\/\/www.dadiscartagena.gov.co\/index.php\/distintivos-de-habilitacion-de-servicios-de-salud\/\" class=\"\">Distintivos de Habilitaci\u00f3n de Servicios de Salud<\/a><\/li><li class=\"bdt-menu-item\"><a href=\"https:\/\/www.dadiscartagena.gov.co\/index.php\/resolucion-3100-de-2019\/\" class=\"\">Actualizaci\u00f3n del Portafolio y Declaraci\u00f3n de Autoevaluaci\u00f3n de Acuerdo con Resoluci\u00f3n 3100 de 2019<\/a><\/li><li class=\"bdt-menu-item\"><a href=\"https:\/\/www.dadiscartagena.gov.co\/index.php\/resolucion-0544-2023-por-la-cual-se-modifica-la-resolucion-3100-de-2019\/\" class=\"\">Resoluci\u00f3n 0544-2023, Por la cual se modifica la Resoluci\u00f3n 3100 de 2019<\/a><\/li><li class=\"bdt-menu-item\"><a href=\"https:\/\/www.dadiscartagena.gov.co\/index.php\/resolucion-0482-de-2018\/\" class=\"\">Licencias M\u00e9dicas Equipos Generadores de Radiaciones Ionizantes<\/a><\/li><li class=\"bdt-menu-item\"><a href=\"https:\/\/www.dadiscartagena.gov.co\/index.php\/residuos-hospitalarios\/\" class=\"\">Marco Legal Vigente<\/a><\/li><li class=\"bdt-menu-item\"><a href=\"https:\/\/www.dadiscartagena.gov.co\/index.php\/abece-resolucion-0256-2016\/\" class=\"\">Reporte de Indicadores de Calidad<\/a><\/li><li class=\"bdt-menu-item\"><a href=\"https:\/\/www.dadiscartagena.gov.co\/index.php\/asistencias-tecnicas-en-los-proceso-de-inscripcion-novedades-y-actualizacion-del-portafolio-servicios-y-declaracion-de-autoevaluacion-de-servicios\/\" class=\"\">Asistencias T\u00e9cnicas en los Proceso de Inscripci\u00f3n, Novedades y Actualizaci\u00f3n del Portafolio Servicios y Declaraci\u00f3n de Autoevaluaci\u00f3n de Servicios.<\/a><\/li><\/ul>\n\t\t\t\n\t\t<\/div>\n\t\t\t<\/div>\n\t\t\t\t<\/div>\n\t\t\t\t\t<\/div>\n\t\t<\/div>\n\t\t\t\t\t\t\t<\/div>\n\t\t<\/section>\n\t\t\t\t\t\t\t<\/div>\n\t\t","protected":false},"excerpt":{"rendered":"<p>PROGRAMA DE AUDITORIA PARA EL MEJORAMIENTO DE LA CALIDAD DE LA ATENCI\u00d3N EN SALUD QUE ES EL PAMEC? El Decreto 1011 de 2006 define Auditoria para el Mejoramiento como \u201cel&hellip;<\/p>\n","protected":false},"author":1,"featured_media":0,"parent":0,"menu_order":0,"comment_status":"closed","ping_status":"closed","template":"elementor_header_footer","meta":[],"_links":{"self":[{"href":"https:\/\/www.dadiscartagena.gov.co\/index.php\/wp-json\/wp\/v2\/pages\/7142"}],"collection":[{"href":"https:\/\/www.dadiscartagena.gov.co\/index.php\/wp-json\/wp\/v2\/pages"}],"about":[{"href":"https:\/\/www.dadiscartagena.gov.co\/index.php\/wp-json\/wp\/v2\/types\/page"}],"author":[{"embeddable":true,"href":"https:\/\/www.dadiscartagena.gov.co\/index.php\/wp-json\/wp\/v2\/users\/1"}],"replies":[{"embeddable":true,"href":"https:\/\/www.dadiscartagena.gov.co\/index.php\/wp-json\/wp\/v2\/comments?post=7142"}],"version-history":[{"count":22,"href":"https:\/\/www.dadiscartagena.gov.co\/index.php\/wp-json\/wp\/v2\/pages\/7142\/revisions"}],"predecessor-version":[{"id":7165,"href":"https:\/\/www.dadiscartagena.gov.co\/index.php\/wp-json\/wp\/v2\/pages\/7142\/revisions\/7165"}],"wp:attachment":[{"href":"https:\/\/www.dadiscartagena.gov.co\/index.php\/wp-json\/wp\/v2\/media?parent=7142"}],"curies":[{"name":"wp","href":"https:\/\/api.w.org\/{rel}","templated":true}]}}