{"id":7448,"date":"2023-02-20T12:12:23","date_gmt":"2023-02-20T17:12:23","guid":{"rendered":"https:\/\/www.dadiscartagena.gov.co\/?page_id=7448"},"modified":"2023-02-20T12:12:24","modified_gmt":"2023-02-20T17:12:24","slug":"recursos-humanos","status":"publish","type":"page","link":"https:\/\/www.dadiscartagena.gov.co\/index.php\/recursos-humanos\/","title":{"rendered":"Recursos Humanos"},"content":{"rendered":"\t\t<div data-elementor-type=\"wp-page\" data-elementor-id=\"7448\" class=\"elementor elementor-7448\">\n\t\t\t\t\t\t\t\t\t<section data-particle_enable=\"false\" data-particle-mobile-disabled=\"false\" class=\"penci-section penci-disSticky penci-structure-10 elementor-section elementor-top-section elementor-element elementor-element-8f186a1 elementor-section-full_width elementor-section-stretched elementor-section-height-default elementor-section-height-default\" data-id=\"8f186a1\" data-element_type=\"section\" data-settings=\"{&quot;stretch_section&quot;:&quot;section-stretched&quot;,&quot;background_background&quot;:&quot;classic&quot;}\">\n\t\t\t\t\t\t<div class=\"elementor-container elementor-column-gap-no\">\n\t\t\t\t\t<div class=\"penci-ercol-100 penci-ercol-order-1 penci-sticky-ct  elementor-column elementor-col-100 elementor-top-column elementor-element elementor-element-0374501\" data-id=\"0374501\" data-element_type=\"column\">\n\t\t\t<div class=\"elementor-widget-wrap elementor-element-populated\">\n\t\t\t\t\t\t\t\t<div class=\"elementor-element elementor-element-9cdf0c2 elementor-widget elementor-widget-image\" data-id=\"9cdf0c2\" data-element_type=\"widget\" data-widget_type=\"image.default\">\n\t\t\t\t<div class=\"elementor-widget-container\">\n\t\t\t<style>\/*! elementor - v3.7.7 - 20-09-2022 *\/\n.elementor-widget-image{text-align:center}.elementor-widget-image a{display:inline-block}.elementor-widget-image a img[src$=\".svg\"]{width:48px}.elementor-widget-image img{vertical-align:middle;display:inline-block}<\/style>\t\t\t\t\t\t\t\t\t\t\t\t<img width=\"1024\" height=\"150\" src=\"https:\/\/www.dadiscartagena.gov.co\/wp-content\/uploads\/2023\/02\/banner_atencion-publica-1024x150.jpg\" class=\"attachment-large size-large\" alt=\"\" loading=\"lazy\" srcset=\"https:\/\/www.dadiscartagena.gov.co\/wp-content\/uploads\/2023\/02\/banner_atencion-publica-1024x150.jpg 1024w, https:\/\/www.dadiscartagena.gov.co\/wp-content\/uploads\/2023\/02\/banner_atencion-publica-300x44.jpg 300w, https:\/\/www.dadiscartagena.gov.co\/wp-content\/uploads\/2023\/02\/banner_atencion-publica-768x112.jpg 768w, https:\/\/www.dadiscartagena.gov.co\/wp-content\/uploads\/2023\/02\/banner_atencion-publica-1536x224.jpg 1536w, https:\/\/www.dadiscartagena.gov.co\/wp-content\/uploads\/2023\/02\/banner_atencion-publica-1170x171.jpg 1170w, https:\/\/www.dadiscartagena.gov.co\/wp-content\/uploads\/2023\/02\/banner_atencion-publica-585x85.jpg 585w, https:\/\/www.dadiscartagena.gov.co\/wp-content\/uploads\/2023\/02\/banner_atencion-publica.jpg 1567w\" sizes=\"(max-width: 1024px) 100vw, 1024px\" \/>\t\t\t\t\t\t\t\t\t\t\t\t\t\t\t<\/div>\n\t\t\t\t<\/div>\n\t\t\t\t\t<\/div>\n\t\t<\/div>\n\t\t\t\t\t\t\t<\/div>\n\t\t<\/section>\n\t\t\t\t<section data-particle_enable=\"false\" data-particle-mobile-disabled=\"false\" class=\"penci-section penci-enSticky penci-structure-22 elementor-section elementor-top-section elementor-element elementor-element-bbe5629 elementor-section-boxed elementor-section-height-default elementor-section-height-default\" data-id=\"bbe5629\" data-element_type=\"section\">\n\t\t\t\t\t\t<div class=\"elementor-container elementor-column-gap-wide\">\n\t\t\t\t\t<div class=\"penci-ercol-66 penci-ercol-order-1 penci-sticky-ct  elementor-column elementor-col-66 elementor-top-column elementor-element elementor-element-f187714\" data-id=\"f187714\" data-element_type=\"column\">\n\t\t\t<div class=\"elementor-widget-wrap elementor-element-populated\">\n\t\t\t\t\t\t\t\t<div class=\"elementor-element elementor-element-6d7f9c4 elementor-widget elementor-widget-image\" data-id=\"6d7f9c4\" data-element_type=\"widget\" data-widget_type=\"image.default\">\n\t\t\t\t<div class=\"elementor-widget-container\">\n\t\t\t\t\t\t\t\t\t\t\t\t\t\t\t<img width=\"1024\" height=\"682\" src=\"https:\/\/www.dadiscartagena.gov.co\/wp-content\/uploads\/2023\/02\/atencionalusuario-1024x682.jpg\" class=\"attachment-large size-large\" alt=\"\" loading=\"lazy\" srcset=\"https:\/\/www.dadiscartagena.gov.co\/wp-content\/uploads\/2023\/02\/atencionalusuario-1024x682.jpg 1024w, https:\/\/www.dadiscartagena.gov.co\/wp-content\/uploads\/2023\/02\/atencionalusuario-300x200.jpg 300w, https:\/\/www.dadiscartagena.gov.co\/wp-content\/uploads\/2023\/02\/atencionalusuario-768x512.jpg 768w, https:\/\/www.dadiscartagena.gov.co\/wp-content\/uploads\/2023\/02\/atencionalusuario-1170x780.jpg 1170w, https:\/\/www.dadiscartagena.gov.co\/wp-content\/uploads\/2023\/02\/atencionalusuario-585x390.jpg 585w, https:\/\/www.dadiscartagena.gov.co\/wp-content\/uploads\/2023\/02\/atencionalusuario-263x175.jpg 263w, https:\/\/www.dadiscartagena.gov.co\/wp-content\/uploads\/2023\/02\/atencionalusuario.jpg 1280w\" sizes=\"(max-width: 1024px) 100vw, 1024px\" \/>\t\t\t\t\t\t\t\t\t\t\t\t\t\t\t<\/div>\n\t\t\t\t<\/div>\n\t\t\t\t<div class=\"elementor-element elementor-element-f99dc37 elementor-widget elementor-widget-heading\" data-id=\"f99dc37\" data-element_type=\"widget\" data-widget_type=\"heading.default\">\n\t\t\t\t<div class=\"elementor-widget-container\">\n\t\t\t<style>\/*! elementor - v3.7.7 - 20-09-2022 *\/\n.elementor-heading-title{padding:0;margin:0;line-height:1}.elementor-widget-heading .elementor-heading-title[class*=elementor-size-]>a{color:inherit;font-size:inherit;line-height:inherit}.elementor-widget-heading .elementor-heading-title.elementor-size-small{font-size:15px}.elementor-widget-heading .elementor-heading-title.elementor-size-medium{font-size:19px}.elementor-widget-heading .elementor-heading-title.elementor-size-large{font-size:29px}.elementor-widget-heading .elementor-heading-title.elementor-size-xl{font-size:39px}.elementor-widget-heading .elementor-heading-title.elementor-size-xxl{font-size:59px}<\/style><h2 class=\"elementor-heading-title elementor-size-default\">RECURSO HUMANO - PARTICIPACI\u00d3N SOCIAL Y ATENCI\u00d3N AL USUARIO<\/h2>\t\t<\/div>\n\t\t\t\t<\/div>\n\t\t\t\t<div class=\"elementor-element elementor-element-40e5310 elementor-widget elementor-widget-text-editor\" data-id=\"40e5310\" data-element_type=\"widget\" data-widget_type=\"text-editor.default\">\n\t\t\t\t<div class=\"elementor-widget-container\">\n\t\t\t<style>\/*! elementor - v3.7.7 - 20-09-2022 *\/\n.elementor-widget-text-editor.elementor-drop-cap-view-stacked .elementor-drop-cap{background-color:#818a91;color:#fff}.elementor-widget-text-editor.elementor-drop-cap-view-framed .elementor-drop-cap{color:#818a91;border:3px solid;background-color:transparent}.elementor-widget-text-editor:not(.elementor-drop-cap-view-default) .elementor-drop-cap{margin-top:8px}.elementor-widget-text-editor:not(.elementor-drop-cap-view-default) .elementor-drop-cap-letter{width:1em;height:1em}.elementor-widget-text-editor .elementor-drop-cap{float:left;text-align:center;line-height:1;font-size:50px}.elementor-widget-text-editor .elementor-drop-cap-letter{display:inline-block}<\/style>\t\t\t\t<p style=\"text-align: center;\"><strong>Tel\u00e9fono 6411370<\/strong><\/p><table border=\"1\" width=\"100%\"><tbody><tr><td><strong>CARGO<\/strong><\/td><td><strong>EXTENCI\u00d3N<\/strong><\/td><td><strong>POBLACI\u00d3N<\/strong><\/td><\/tr><tr><td>Lider de Programa<\/td><td>1472<\/td><td>GRUPO POBLACIONALES VULNERABLES<\/td><\/tr><tr><td>Profesional Universitario<\/td><td>1438<\/td><td>HABITANTE DE CALLE<\/td><\/tr><tr><td>Ayudante<\/td><td>1438<\/td><td>PARTICIPACION SOCIAL<\/td><\/tr><tr><td>Profesional Universitario<\/td><td>1438<\/td><td>ADULTO MAYOR \u2013 DISCAPACIDAD<\/td><\/tr><tr><td>Profesional Universitario Especializado<\/td><td>1448<\/td><td>PETICIONES, QUEJAS Y RECLAMOS<\/td><\/tr><tr><td>Profesional Universitario<\/td><td>\u00a0<\/td><td>GRUPO POBLACIONALES VULNERABLES<\/td><\/tr><tr><td>Profesional Universitario<\/td><td>3157383021<\/td><td>VICTIMA DEL CONFLICTO ARMADO<\/td><\/tr><\/tbody><\/table><p>\u00a0<\/p>\t\t\t\t\t\t<\/div>\n\t\t\t\t<\/div>\n\t\t\t\t\t<\/div>\n\t\t<\/div>\n\t\t\t\t<div class=\"penci-ercol-33 penci-ercol-order-2 penci-sticky-sb penci-sidebarSC elementor-column elementor-col-33 elementor-top-column elementor-element elementor-element-788bd25\" data-id=\"788bd25\" data-element_type=\"column\">\n\t\t\t<div class=\"elementor-widget-wrap elementor-element-populated\">\n\t\t\t\t\t\t\t\t<div class=\"elementor-element elementor-element-8cb2b20 elementor-widget elementor-widget-heading\" data-id=\"8cb2b20\" data-element_type=\"widget\" data-widget_type=\"heading.default\">\n\t\t\t\t<div class=\"elementor-widget-container\">\n\t\t\t<h2 class=\"elementor-heading-title elementor-size-default\">ATENCI\u00d3N AL USUARIO<\/h2>\t\t<\/div>\n\t\t\t\t<\/div>\n\t\t\t\t<div class=\"elementor-element elementor-element-467eeb6 elementor-widget elementor-widget-bdt-slinky-vertical-menu\" data-id=\"467eeb6\" data-element_type=\"widget\" data-widget_type=\"bdt-slinky-vertical-menu.default\">\n\t\t\t\t<div class=\"elementor-widget-container\">\n\t\t\t\t\t<div class=\"bdt-slinky-vertical-menu slinky-menu slinky-theme-default\" id=\"bdt-slinky-vertical-menu-467eeb6\">\n\n\t\t\t\t\t\t\t\t\t<ul id=\"bdt-slinky-vertical-menu-467eeb6\" class=\"slinky-vertical-menu\"><li class=\"bdt-menu-item\"><a href=\"https:\/\/www.dadiscartagena.gov.co\/index.php\/atencion-al-usuario\/\" class=\"\">Atenci\u00f3n al Usuario<\/a><\/li><li class=\"bdt-menu-item\"><a href=\"https:\/\/www.dadiscartagena.gov.co\/index.php\/recursos-humanos\/\" class=\"\">Recursos Humanos<\/a><\/li><li class=\"bdt-menu-item\"><a href=\"https:\/\/www.dadiscartagena.gov.co\/index.php\/puntos-de-atencion\/\" class=\"\">Puntos de Atenci\u00f3n<\/a><\/li><\/ul>\n\t\t\t\n\t\t<\/div>\n\t\t\t<\/div>\n\t\t\t\t<\/div>\n\t\t\t\t\t<\/div>\n\t\t<\/div>\n\t\t\t\t\t\t\t<\/div>\n\t\t<\/section>\n\t\t\t\t\t\t\t<\/div>\n\t\t","protected":false},"excerpt":{"rendered":"<p>RECURSO HUMANO &#8211; PARTICIPACI\u00d3N SOCIAL Y ATENCI\u00d3N AL USUARIO Tel\u00e9fono 6411370 CARGO EXTENCI\u00d3N POBLACI\u00d3N Lider de Programa 1472 GRUPO POBLACIONALES VULNERABLES Profesional Universitario 1438 HABITANTE DE CALLE Ayudante 1438 PARTICIPACION&hellip;<\/p>\n","protected":false},"author":1,"featured_media":0,"parent":0,"menu_order":0,"comment_status":"closed","ping_status":"closed","template":"","meta":[],"_links":{"self":[{"href":"https:\/\/www.dadiscartagena.gov.co\/index.php\/wp-json\/wp\/v2\/pages\/7448"}],"collection":[{"href":"https:\/\/www.dadiscartagena.gov.co\/index.php\/wp-json\/wp\/v2\/pages"}],"about":[{"href":"https:\/\/www.dadiscartagena.gov.co\/index.php\/wp-json\/wp\/v2\/types\/page"}],"author":[{"embeddable":true,"href":"https:\/\/www.dadiscartagena.gov.co\/index.php\/wp-json\/wp\/v2\/users\/1"}],"replies":[{"embeddable":true,"href":"https:\/\/www.dadiscartagena.gov.co\/index.php\/wp-json\/wp\/v2\/comments?post=7448"}],"version-history":[{"count":1,"href":"https:\/\/www.dadiscartagena.gov.co\/index.php\/wp-json\/wp\/v2\/pages\/7448\/revisions"}],"predecessor-version":[{"id":7449,"href":"https:\/\/www.dadiscartagena.gov.co\/index.php\/wp-json\/wp\/v2\/pages\/7448\/revisions\/7449"}],"wp:attachment":[{"href":"https:\/\/www.dadiscartagena.gov.co\/index.php\/wp-json\/wp\/v2\/media?parent=7448"}],"curies":[{"name":"wp","href":"https:\/\/api.w.org\/{rel}","templated":true}]}}