{"id":7769,"date":"2023-02-28T16:22:52","date_gmt":"2023-02-28T21:22:52","guid":{"rendered":"https:\/\/www.dadiscartagena.gov.co\/?page_id=7769"},"modified":"2023-02-28T16:31:55","modified_gmt":"2023-02-28T21:31:55","slug":"distintivos-de-habilitacion-de-servicios-de-salud","status":"publish","type":"page","link":"https:\/\/www.dadiscartagena.gov.co\/index.php\/distintivos-de-habilitacion-de-servicios-de-salud\/","title":{"rendered":"Distintivos de Habilitaci\u00f3n de Servicios de Salud"},"content":{"rendered":"\t\t<div data-elementor-type=\"wp-page\" data-elementor-id=\"7769\" class=\"elementor elementor-7769\">\n\t\t\t\t\t\t\t\t\t<section data-particle_enable=\"false\" data-particle-mobile-disabled=\"false\" class=\"penci-section penci-disSticky penci-structure-10 elementor-section elementor-top-section elementor-element elementor-element-d92a749 elementor-section-full_width elementor-section-stretched elementor-section-height-default elementor-section-height-default\" data-id=\"d92a749\" data-element_type=\"section\" data-settings=\"{&quot;stretch_section&quot;:&quot;section-stretched&quot;}\">\n\t\t\t\t\t\t<div class=\"elementor-container elementor-column-gap-default\">\n\t\t\t\t\t<div class=\"penci-ercol-100 penci-ercol-order-1 penci-sticky-ct  elementor-column elementor-col-100 elementor-top-column elementor-element elementor-element-9975754\" data-id=\"9975754\" data-element_type=\"column\" data-settings=\"{&quot;background_background&quot;:&quot;classic&quot;}\">\n\t\t\t<div class=\"elementor-widget-wrap elementor-element-populated\">\n\t\t\t\t\t\t\t\t<div class=\"elementor-element elementor-element-05f77c8 elementor-widget elementor-widget-image\" data-id=\"05f77c8\" data-element_type=\"widget\" data-widget_type=\"image.default\">\n\t\t\t\t<div class=\"elementor-widget-container\">\n\t\t\t<style>\/*! elementor - v3.7.7 - 20-09-2022 *\/\n.elementor-widget-image{text-align:center}.elementor-widget-image a{display:inline-block}.elementor-widget-image a img[src$=\".svg\"]{width:48px}.elementor-widget-image img{vertical-align:middle;display:inline-block}<\/style>\t\t\t\t\t\t\t\t\t\t\t\t<img width=\"1024\" height=\"150\" src=\"https:\/\/www.dadiscartagena.gov.co\/wp-content\/uploads\/2022\/12\/banner_vigilancia_y_control-1024x150.jpg\" class=\"attachment-large size-large\" alt=\"\" loading=\"lazy\" srcset=\"https:\/\/www.dadiscartagena.gov.co\/wp-content\/uploads\/2022\/12\/banner_vigilancia_y_control-1024x150.jpg 1024w, https:\/\/www.dadiscartagena.gov.co\/wp-content\/uploads\/2022\/12\/banner_vigilancia_y_control-300x44.jpg 300w, https:\/\/www.dadiscartagena.gov.co\/wp-content\/uploads\/2022\/12\/banner_vigilancia_y_control-768x112.jpg 768w, https:\/\/www.dadiscartagena.gov.co\/wp-content\/uploads\/2022\/12\/banner_vigilancia_y_control-1536x224.jpg 1536w, https:\/\/www.dadiscartagena.gov.co\/wp-content\/uploads\/2022\/12\/banner_vigilancia_y_control-1170x171.jpg 1170w, https:\/\/www.dadiscartagena.gov.co\/wp-content\/uploads\/2022\/12\/banner_vigilancia_y_control-585x85.jpg 585w, https:\/\/www.dadiscartagena.gov.co\/wp-content\/uploads\/2022\/12\/banner_vigilancia_y_control.jpg 1567w\" sizes=\"(max-width: 1024px) 100vw, 1024px\" \/>\t\t\t\t\t\t\t\t\t\t\t\t\t\t\t<\/div>\n\t\t\t\t<\/div>\n\t\t\t\t\t<\/div>\n\t\t<\/div>\n\t\t\t\t\t\t\t<\/div>\n\t\t<\/section>\n\t\t\t\t<section data-particle_enable=\"false\" data-particle-mobile-disabled=\"false\" class=\"penci-section penci-enSticky penci-structure-22 elementor-section elementor-top-section elementor-element elementor-element-896f05d elementor-section-boxed elementor-section-height-default elementor-section-height-default\" data-id=\"896f05d\" data-element_type=\"section\">\n\t\t\t\t\t\t<div class=\"elementor-container elementor-column-gap-wide\">\n\t\t\t\t\t<div class=\"penci-ercol-66 penci-ercol-order-1 penci-sticky-ct  elementor-column elementor-col-66 elementor-top-column elementor-element elementor-element-6c24241\" data-id=\"6c24241\" data-element_type=\"column\">\n\t\t\t<div class=\"elementor-widget-wrap elementor-element-populated\">\n\t\t\t\t\t\t\t\t<div class=\"elementor-element elementor-element-81268cc elementor-widget elementor-widget-image\" data-id=\"81268cc\" data-element_type=\"widget\" data-widget_type=\"image.default\">\n\t\t\t\t<div class=\"elementor-widget-container\">\n\t\t\t\t\t\t\t\t\t\t\t\t\t\t\t<img width=\"1024\" height=\"576\" src=\"https:\/\/www.dadiscartagena.gov.co\/wp-content\/uploads\/2022\/12\/vigilancia_y_control-1024x576.jpg\" class=\"attachment-large size-large\" alt=\"\" loading=\"lazy\" srcset=\"https:\/\/www.dadiscartagena.gov.co\/wp-content\/uploads\/2022\/12\/vigilancia_y_control-1024x576.jpg 1024w, https:\/\/www.dadiscartagena.gov.co\/wp-content\/uploads\/2022\/12\/vigilancia_y_control-300x169.jpg 300w, https:\/\/www.dadiscartagena.gov.co\/wp-content\/uploads\/2022\/12\/vigilancia_y_control-768x432.jpg 768w, https:\/\/www.dadiscartagena.gov.co\/wp-content\/uploads\/2022\/12\/vigilancia_y_control-1170x658.jpg 1170w, https:\/\/www.dadiscartagena.gov.co\/wp-content\/uploads\/2022\/12\/vigilancia_y_control-585x329.jpg 585w, https:\/\/www.dadiscartagena.gov.co\/wp-content\/uploads\/2022\/12\/vigilancia_y_control.jpg 1280w\" sizes=\"(max-width: 1024px) 100vw, 1024px\" \/>\t\t\t\t\t\t\t\t\t\t\t\t\t\t\t<\/div>\n\t\t\t\t<\/div>\n\t\t\t\t<div class=\"elementor-element elementor-element-39955fa elementor-widget elementor-widget-heading\" data-id=\"39955fa\" data-element_type=\"widget\" data-widget_type=\"heading.default\">\n\t\t\t\t<div class=\"elementor-widget-container\">\n\t\t\t<style>\/*! elementor - v3.7.7 - 20-09-2022 *\/\n.elementor-heading-title{padding:0;margin:0;line-height:1}.elementor-widget-heading .elementor-heading-title[class*=elementor-size-]>a{color:inherit;font-size:inherit;line-height:inherit}.elementor-widget-heading .elementor-heading-title.elementor-size-small{font-size:15px}.elementor-widget-heading .elementor-heading-title.elementor-size-medium{font-size:19px}.elementor-widget-heading .elementor-heading-title.elementor-size-large{font-size:29px}.elementor-widget-heading .elementor-heading-title.elementor-size-xl{font-size:39px}.elementor-widget-heading .elementor-heading-title.elementor-size-xxl{font-size:59px}<\/style><h2 class=\"elementor-heading-title elementor-size-medium\">Distintivos de Habilitaci\u00f3n de Servicios de Salud<\/h2>\t\t<\/div>\n\t\t\t\t<\/div>\n\t\t\t\t<div class=\"elementor-element elementor-element-d716590 elementor-widget elementor-widget-embedpress_pdf\" data-id=\"d716590\" data-element_type=\"widget\" data-widget_type=\"embedpress_pdf.default\">\n\t\t\t\t<div class=\"elementor-widget-container\">\n\t\t\t    <div class=\"embedpress-document-embed ep-doc-da5e62c03eda2902eaa83122bd5e191e ose-document\" data-thememode=\"default\" data-toolbar=\"yes\" data-toolbar-position=\"top\" data-open=\"no\" data-presentation-mode=\"yes\" data-download=\"yes\" data-copy=\"yes\" data-rotate=\"yes\" data-details=\"yes\" data-id=\"embedpress-pdf-d716590\" style=\"width: 978px;height: 600px; max-width:100%; display: inline-block\">\n                                <iframe class=\"embedpress-embed-document-pdf embedpress-pdf-d716590\" style=\"width: 978px;height: 600px; max-width:100%; display: inline-block\" src=\"https:\/\/www.dadiscartagena.gov.co\/wp-content\/plugins\/embedpress\/assets\/pdf\/web\/viewer.html?file=https:\/\/www.dadiscartagena.gov.co\/wp-content\/uploads\/2023\/02\/DISITINTIVOS-DE-SERVICIOS.pdf#zoom=auto\"  frameborder=\"0\"><\/iframe>\n                <\/div>\n\n\t\t<\/div>\n\t\t\t\t<\/div>\n\t\t\t\t\t<\/div>\n\t\t<\/div>\n\t\t\t\t<div class=\"penci-ercol-33 penci-ercol-order-2 penci-sticky-sb penci-sidebarSC elementor-column elementor-col-33 elementor-top-column elementor-element elementor-element-0aeeced\" data-id=\"0aeeced\" data-element_type=\"column\">\n\t\t\t<div class=\"elementor-widget-wrap elementor-element-populated\">\n\t\t\t\t\t\t\t\t<div class=\"elementor-element elementor-element-7064e4e elementor-widget elementor-widget-bdt-slinky-vertical-menu\" data-id=\"7064e4e\" data-element_type=\"widget\" data-widget_type=\"bdt-slinky-vertical-menu.default\">\n\t\t\t\t<div class=\"elementor-widget-container\">\n\t\t\t\t\t<div class=\"bdt-slinky-vertical-menu slinky-menu slinky-theme-default\" id=\"bdt-slinky-vertical-menu-7064e4e\">\n\n\t\t\t\t\t\t\t\t\t<ul id=\"bdt-slinky-vertical-menu-7064e4e\" class=\"slinky-vertical-menu\"><li class=\"bdt-menu-item\"><a href=\"https:\/\/www.dadiscartagena.gov.co\/index.php\/vigilancia-y-control\/\" class=\"\">Vigilancia y Control<\/a><\/li><li class=\"bdt-menu-item\"><a href=\"https:\/\/www.dadiscartagena.gov.co\/index.php\/recurso-humano-vigilancia-y-control\/\" class=\"\">Recurso Humano<\/a><\/li><li class=\"bdt-menu-item\"><a href=\"https:\/\/www.dadiscartagena.gov.co\/index.php\/inscripcion-reactivacion-y-novedades\/\" class=\"\">Inscripci\u00f3n de Servicios de Salud en el Registro Especial de Prestadores (REPS)<\/a><\/li><li class=\"bdt-menu-item\"><a href=\"https:\/\/www.dadiscartagena.gov.co\/index.php\/distintivos-de-habilitacion-de-servicios-de-salud\/\" class=\"\">Distintivos de Habilitaci\u00f3n de Servicios de Salud<\/a><\/li><li class=\"bdt-menu-item\"><a href=\"https:\/\/www.dadiscartagena.gov.co\/index.php\/resolucion-3100-de-2019\/\" class=\"\">Actualizaci\u00f3n del Portafolio y Declaraci\u00f3n de Autoevaluaci\u00f3n de Acuerdo con Resoluci\u00f3n 3100 de 2019<\/a><\/li><li class=\"bdt-menu-item\"><a href=\"https:\/\/www.dadiscartagena.gov.co\/index.php\/resolucion-0544-2023-por-la-cual-se-modifica-la-resolucion-3100-de-2019\/\" class=\"\">Resoluci\u00f3n 0544-2023, Por la cual se modifica la Resoluci\u00f3n 3100 de 2019<\/a><\/li><li class=\"bdt-menu-item\"><a href=\"https:\/\/www.dadiscartagena.gov.co\/index.php\/resolucion-0482-de-2018\/\" class=\"\">Licencias M\u00e9dicas Equipos Generadores de Radiaciones Ionizantes<\/a><\/li><li class=\"bdt-menu-item\"><a href=\"https:\/\/www.dadiscartagena.gov.co\/index.php\/residuos-hospitalarios\/\" class=\"\">Marco Legal Vigente<\/a><\/li><li class=\"bdt-menu-item\"><a href=\"https:\/\/www.dadiscartagena.gov.co\/index.php\/abece-resolucion-0256-2016\/\" class=\"\">Reporte de Indicadores de Calidad<\/a><\/li><li class=\"bdt-menu-item\"><a href=\"https:\/\/www.dadiscartagena.gov.co\/index.php\/asistencias-tecnicas-en-los-proceso-de-inscripcion-novedades-y-actualizacion-del-portafolio-servicios-y-declaracion-de-autoevaluacion-de-servicios\/\" class=\"\">Asistencias T\u00e9cnicas en los Proceso de Inscripci\u00f3n, Novedades y Actualizaci\u00f3n del Portafolio Servicios y Declaraci\u00f3n de Autoevaluaci\u00f3n de Servicios.<\/a><\/li><\/ul>\n\t\t\t\n\t\t<\/div>\n\t\t\t<\/div>\n\t\t\t\t<\/div>\n\t\t\t\t\t<\/div>\n\t\t<\/div>\n\t\t\t\t\t\t\t<\/div>\n\t\t<\/section>\n\t\t\t\t\t\t\t<\/div>\n\t\t","protected":false},"excerpt":{"rendered":"<p>Distintivos de Habilitaci\u00f3n de Servicios de Salud Vigilancia y Control Recurso Humano Inscripci\u00f3n de Servicios de Salud en el Registro Especial de Prestadores (REPS) Autoevaluaci\u00f3n Licencias M\u00e9dicas Equipos Generadores De&hellip;<\/p>\n","protected":false},"author":1,"featured_media":0,"parent":0,"menu_order":0,"comment_status":"closed","ping_status":"closed","template":"","meta":[],"_links":{"self":[{"href":"https:\/\/www.dadiscartagena.gov.co\/index.php\/wp-json\/wp\/v2\/pages\/7769"}],"collection":[{"href":"https:\/\/www.dadiscartagena.gov.co\/index.php\/wp-json\/wp\/v2\/pages"}],"about":[{"href":"https:\/\/www.dadiscartagena.gov.co\/index.php\/wp-json\/wp\/v2\/types\/page"}],"author":[{"embeddable":true,"href":"https:\/\/www.dadiscartagena.gov.co\/index.php\/wp-json\/wp\/v2\/users\/1"}],"replies":[{"embeddable":true,"href":"https:\/\/www.dadiscartagena.gov.co\/index.php\/wp-json\/wp\/v2\/comments?post=7769"}],"version-history":[{"count":10,"href":"https:\/\/www.dadiscartagena.gov.co\/index.php\/wp-json\/wp\/v2\/pages\/7769\/revisions"}],"predecessor-version":[{"id":7781,"href":"https:\/\/www.dadiscartagena.gov.co\/index.php\/wp-json\/wp\/v2\/pages\/7769\/revisions\/7781"}],"wp:attachment":[{"href":"https:\/\/www.dadiscartagena.gov.co\/index.php\/wp-json\/wp\/v2\/media?parent=7769"}],"curies":[{"name":"wp","href":"https:\/\/api.w.org\/{rel}","templated":true}]}}